{"id":2094,"date":"2021-10-25T14:27:15","date_gmt":"2021-10-25T19:27:15","guid":{"rendered":"https:\/\/studio40shop.com.mx\/?post_type=product&#038;p=2094"},"modified":"2021-12-01T13:19:01","modified_gmt":"2021-12-01T18:19:01","slug":"kit-basico-v3-para-flash-magmod","status":"publish","type":"product","link":"https:\/\/studio40shop.com.mx\/?product=kit-basico-v3-para-flash-magmod","title":{"rendered":"Kit Basico V3 para Flash Magmod"},"content":{"rendered":"<p>Una banda se coloca alrededor del flash, y a partir de ah\u00ed se incorporan rejillas para guiar la luz de tu flash, adem\u00e1s de un portafiltro que te permitir\u00e1 dar un toque de color a tus fotograf\u00edas, y todo ello de forma magn\u00e9tica.<\/p>\n<p>REVOLUCI\u00d3N MAGN\u00c9TICA<\/p>\n<p>MagMod es un sistema especial para flashes Speedlite, olv\u00eddate del velcro, tirantes, y adhesivos. Cada dise\u00f1o moldeado de caucho de silicona de alta calidad elegante, compacto y f\u00e1cil de usar.<\/p>\n<p>GELES APILABLES<\/p>\n<p>El sistema m\u00e1s r\u00e1pido y seguro este m\u00e9todo para fijar los geles para el flash en cuesti\u00f3n de segundos. El Maggel tiene varias hojas de gel a la vez, que le da la flexibilidad para apilar m\u00faltiples l\u00e1minas de gel para cambiar f\u00e1cilmente el color, la densidad y la tonalidad de su flash.<\/p>\n<p>INCRE\u00cdBLE FUERZA<\/p>\n<p>El MagGrip est\u00e1 integrado con dos potentes imanes de neodimio que al instante, silencioso y con seguridad se conectan. No hay correas o piezas separadas que perder, s\u00f3lo tiene que fijarlo y olvidarse de \u00e9l.<br \/>\nEl MagGrid es una rejilla de nido de abeja con material flexible impide grietas que son comunes en otros dise\u00f1os de pl\u00e1stico duro.<br \/>\nEl Maggel es la m\u00e1s r\u00e1pida y f\u00e1cil manera de conectar geles para el flash, abandonamos el concepto de tiras de pel\u00edcula desechables<\/p>\n","protected":false},"excerpt":{"rendered":"<p>\u00a1MagMod el primer difusor para flash magn\u00e9tico y apilable del mundo! Cubre las necesidades b\u00e1sicas para que el control de la luz sea mas f\u00e1cil.<\/p>\n","protected":false},"featured_media":2095,"comment_status":"open","ping_status":"closed","template":"","meta":{"site-sidebar-layout":"default","site-content-layout":"default","ast-site-content-layout":"default","site-content-style":"default","site-sidebar-style":"default","ast-global-header-display":"","ast-banner-title-visibility":"","ast-main-header-display":"","ast-hfb-above-header-display":"","ast-hfb-below-header-display":"","ast-hfb-mobile-header-display":"","site-post-title":"","ast-breadcrumbs-content":"","ast-featured-img":"","footer-sml-layout":"","ast-disable-related-posts":"","theme-transparent-header-meta":"default","adv-header-id-meta":"","stick-header-meta":"","header-above-stick-meta":"","header-main-stick-meta":"","header-below-stick-meta":"","astra-migrate-meta-layouts":"default","ast-page-background-enabled":"default","ast-page-background-meta":{"desktop":{"background-color":"var(--ast-global-color-4)","background-image":"","background-repeat":"repeat","background-position":"center center","background-size":"auto","background-attachment":"scroll","background-type":"","background-media":"","overlay-type":"","overlay-color":"","overlay-opacity":"","overlay-gradient":""},"tablet":{"background-color":"","background-image":"","background-repeat":"repeat","background-position":"center center","background-size":"auto","background-attachment":"scroll","background-type":"","background-media":"","overlay-type":"","overlay-color":"","overlay-opacity":"","overlay-gradient":""},"mobile":{"background-color":"","background-image":"","background-repeat":"repeat","background-position":"center center","background-size":"auto","background-attachment":"scroll","background-type":"","background-media":"","overlay-type":"","overlay-color":"","overlay-opacity":"","overlay-gradient":""}},"ast-content-background-meta":{"desktop":{"background-color":"var(--ast-global-color-5)","background-image":"","background-repeat":"repeat","background-position":"center center","background-size":"auto","background-attachment":"scroll","background-type":"","background-media":"","overlay-type":"","overlay-color":"","overlay-opacity":"","overlay-gradient":""},"tablet":{"background-color":"var(--ast-global-color-5)","background-image":"","background-repeat":"repeat","background-position":"center center","background-size":"auto","background-attachment":"scroll","background-type":"","background-media":"","overlay-type":"","overlay-color":"","overlay-opacity":"","overlay-gradient":""},"mobile":{"background-color":"var(--ast-global-color-5)","background-image":"","background-repeat":"repeat","background-position":"center center","background-size":"auto","background-attachment":"scroll","background-type":"","background-media":"","overlay-type":"","overlay-color":"","overlay-opacity":"","overlay-gradient":""}},"_themeisle_gutenberg_block_has_review":false},"product_brand":[],"product_cat":[105],"product_tag":[],"class_list":{"0":"post-2094","1":"product","2":"type-product","3":"status-publish","4":"has-post-thumbnail","6":"product_cat-modificadores-de-luz","7":"desktop-align-center","8":"tablet-align-left","9":"mobile-align-left","11":"first","12":"outofstock","13":"purchasable","14":"product-type-simple"},"aioseo_notices":[],"jetpack_sharing_enabled":true,"_links":{"self":[{"href":"https:\/\/studio40shop.com.mx\/index.php?rest_route=\/wp\/v2\/product\/2094","targetHints":{"allow":["GET"]}}],"collection":[{"href":"https:\/\/studio40shop.com.mx\/index.php?rest_route=\/wp\/v2\/product"}],"about":[{"href":"https:\/\/studio40shop.com.mx\/index.php?rest_route=\/wp\/v2\/types\/product"}],"replies":[{"embeddable":true,"href":"https:\/\/studio40shop.com.mx\/index.php?rest_route=%2Fwp%2Fv2%2Fcomments&post=2094"}],"wp:featuredmedia":[{"embeddable":true,"href":"https:\/\/studio40shop.com.mx\/index.php?rest_route=\/wp\/v2\/media\/2095"}],"wp:attachment":[{"href":"https:\/\/studio40shop.com.mx\/index.php?rest_route=%2Fwp%2Fv2%2Fmedia&parent=2094"}],"wp:term":[{"taxonomy":"product_brand","embeddable":true,"href":"https:\/\/studio40shop.com.mx\/index.php?rest_route=%2Fwp%2Fv2%2Fproduct_brand&post=2094"},{"taxonomy":"product_cat","embeddable":true,"href":"https:\/\/studio40shop.com.mx\/index.php?rest_route=%2Fwp%2Fv2%2Fproduct_cat&post=2094"},{"taxonomy":"product_tag","embeddable":true,"href":"https:\/\/studio40shop.com.mx\/index.php?rest_route=%2Fwp%2Fv2%2Fproduct_tag&post=2094"}],"curies":[{"name":"wp","href":"https:\/\/api.w.org\/{rel}","templated":true}]}}