{"id":2097,"date":"2021-10-25T14:36:54","date_gmt":"2021-10-25T19:36:54","guid":{"rendered":"https:\/\/studio40shop.com.mx\/?post_type=product&#038;p=2097"},"modified":"2022-03-01T18:52:58","modified_gmt":"2022-03-01T23:52:58","slug":"maggrid-magmod","status":"publish","type":"product","link":"https:\/\/studio40shop.com.mx\/?product=maggrid-magmod","title":{"rendered":"MagGrid tipo Panal de Abeja Magmod"},"content":{"rendered":"<p>Patr\u00f3n de la viga cuidadosamente optimizado del MagGrid proporciona una cobertura m\u00e1s uniforme de la luz y elimina derrame luz no deseada, lo que permite a los fot\u00f3grafos capturar m\u00e1s limpio y m\u00e1s fotograf\u00edas consistentes entre disparos.<\/p>\n<p>Patr\u00f3n de haz 39 \u00b0 apretado del MagGrid, se centra de manera eficiente la luz s\u00f3lo cuando usted lo quiere, y no en cualquier otro lugar. De MagMod dise\u00f1o modular, pendiente de patente permite apilar tantos modificadores MagMod como desea, y en cualquier orden, con cada modificador adicional que le proporciona incluso un mayor control sobre su luz.<\/p>\n<p>Moldeado de una sola pieza de caucho de silicona, del MagGrid construcci\u00f3n incre\u00edblemente duro resiste el impacto y lagrimeo, as\u00ed como al calor y resistente a los qu\u00edmicos. Es elegante, de dise\u00f1o minimalista significa que nunca perder\u00e1 las piezas necesarias, y es una prueba pr\u00e1cticamente.<\/p>\n<p>De MagGrid tama\u00f1o compacto reduce el volumen innecesario en su flash, al tiempo que ahorra espacio en su bolsa de la c\u00e1mara y puede caber f\u00e1cilmente en su bolsillo.<br \/>\nLib\u00e9rese de velcro molesto, adhesivos pegajosos, y las correas voluminosos mediante la utilizaci\u00f3n de los poderes m\u00e1gicos de magnetismo para fijar los modificadores de flash MagMod.<\/p>\n<p>El MagGrip une a casi todos los prosumer y profesional de flash de zapata en el mercado. Ver la lista de compatibilidad completa.<\/p>\n<p>Medidas<\/p>\n<p>Largo: 12cm<br \/>\nAncho: 7.5cm<br \/>\nAlto: 1.2cm<br \/>\nPeso: 60g<\/p>\n","protected":false},"excerpt":{"rendered":"<p>Pr\u00e1ctico y f\u00e1cil de armar, a\u00f1ade un grid de panal de abeja a tu flash de mano.Combine varias cuadr\u00edculas para crear una fuente de luz m\u00e1s enfocada<\/p>\n","protected":false},"featured_media":2103,"comment_status":"open","ping_status":"closed","template":"","meta":{"site-sidebar-layout":"default","site-content-layout":"default","ast-site-content-layout":"default","site-content-style":"default","site-sidebar-style":"default","ast-global-header-display":"","ast-banner-title-visibility":"","ast-main-header-display":"","ast-hfb-above-header-display":"","ast-hfb-below-header-display":"","ast-hfb-mobile-header-display":"","site-post-title":"","ast-breadcrumbs-content":"","ast-featured-img":"","footer-sml-layout":"","ast-disable-related-posts":"","theme-transparent-header-meta":"default","adv-header-id-meta":"","stick-header-meta":"","header-above-stick-meta":"","header-main-stick-meta":"","header-below-stick-meta":"","astra-migrate-meta-layouts":"default","ast-page-background-enabled":"default","ast-page-background-meta":{"desktop":{"background-color":"var(--ast-global-color-4)","background-image":"","background-repeat":"repeat","background-position":"center center","background-size":"auto","background-attachment":"scroll","background-type":"","background-media":"","overlay-type":"","overlay-color":"","overlay-opacity":"","overlay-gradient":""},"tablet":{"background-color":"","background-image":"","background-repeat":"repeat","background-position":"center center","background-size":"auto","background-attachment":"scroll","background-type":"","background-media":"","overlay-type":"","overlay-color":"","overlay-opacity":"","overlay-gradient":""},"mobile":{"background-color":"","background-image":"","background-repeat":"repeat","background-position":"center center","background-size":"auto","background-attachment":"scroll","background-type":"","background-media":"","overlay-type":"","overlay-color":"","overlay-opacity":"","overlay-gradient":""}},"ast-content-background-meta":{"desktop":{"background-color":"var(--ast-global-color-5)","background-image":"","background-repeat":"repeat","background-position":"center center","background-size":"auto","background-attachment":"scroll","background-type":"","background-media":"","overlay-type":"","overlay-color":"","overlay-opacity":"","overlay-gradient":""},"tablet":{"background-color":"var(--ast-global-color-5)","background-image":"","background-repeat":"repeat","background-position":"center center","background-size":"auto","background-attachment":"scroll","background-type":"","background-media":"","overlay-type":"","overlay-color":"","overlay-opacity":"","overlay-gradient":""},"mobile":{"background-color":"var(--ast-global-color-5)","background-image":"","background-repeat":"repeat","background-position":"center center","background-size":"auto","background-attachment":"scroll","background-type":"","background-media":"","overlay-type":"","overlay-color":"","overlay-opacity":"","overlay-gradient":""}},"_themeisle_gutenberg_block_has_review":false},"product_brand":[],"product_cat":[105],"product_tag":[],"class_list":{"0":"post-2097","1":"product","2":"type-product","3":"status-publish","4":"has-post-thumbnail","6":"product_cat-modificadores-de-luz","7":"desktop-align-center","8":"tablet-align-left","9":"mobile-align-left","11":"first","12":"outofstock","13":"purchasable","14":"product-type-simple"},"aioseo_notices":[],"jetpack_sharing_enabled":true,"_links":{"self":[{"href":"https:\/\/studio40shop.com.mx\/index.php?rest_route=\/wp\/v2\/product\/2097","targetHints":{"allow":["GET"]}}],"collection":[{"href":"https:\/\/studio40shop.com.mx\/index.php?rest_route=\/wp\/v2\/product"}],"about":[{"href":"https:\/\/studio40shop.com.mx\/index.php?rest_route=\/wp\/v2\/types\/product"}],"replies":[{"embeddable":true,"href":"https:\/\/studio40shop.com.mx\/index.php?rest_route=%2Fwp%2Fv2%2Fcomments&post=2097"}],"wp:featuredmedia":[{"embeddable":true,"href":"https:\/\/studio40shop.com.mx\/index.php?rest_route=\/wp\/v2\/media\/2103"}],"wp:attachment":[{"href":"https:\/\/studio40shop.com.mx\/index.php?rest_route=%2Fwp%2Fv2%2Fmedia&parent=2097"}],"wp:term":[{"taxonomy":"product_brand","embeddable":true,"href":"https:\/\/studio40shop.com.mx\/index.php?rest_route=%2Fwp%2Fv2%2Fproduct_brand&post=2097"},{"taxonomy":"product_cat","embeddable":true,"href":"https:\/\/studio40shop.com.mx\/index.php?rest_route=%2Fwp%2Fv2%2Fproduct_cat&post=2097"},{"taxonomy":"product_tag","embeddable":true,"href":"https:\/\/studio40shop.com.mx\/index.php?rest_route=%2Fwp%2Fv2%2Fproduct_tag&post=2097"}],"curies":[{"name":"wp","href":"https:\/\/api.w.org\/{rel}","templated":true}]}}