{"id":2115,"date":"2021-10-25T14:49:28","date_gmt":"2021-10-25T19:49:28","guid":{"rendered":"https:\/\/studio40shop.com.mx\/?post_type=product&#038;p=2115"},"modified":"2022-03-01T18:44:40","modified_gmt":"2022-03-01T23:44:40","slug":"kit-2-filtros-uv-y-polarizado-62mm-tiffen","status":"publish","type":"product","link":"https:\/\/studio40shop.com.mx\/?product=kit-2-filtros-uv-y-polarizado-62mm-tiffen","title":{"rendered":"Kit 2 Filtros UV y Polarizado 62mm Tiffen"},"content":{"rendered":"<p>Proporciona protecci\u00f3n adem\u00e1s de la eliminaci\u00f3n b\u00e1sica del brillo<\/p>\n<p>Filtros de protecci\u00f3n UV<\/p>\n<p>Ayudan a proteger inversi\u00f3n del polvo, la humedad y los ara\u00f1azos, lo que puede ocasionar reparaciones costosas, pueden dejarse en la lente en todo momento para su protecci\u00f3n.<\/p>\n<p>Ofrecen beneficios adicionales de correcci\u00f3n para la luz ultravioleta (UV) que se puede registrar en la pel\u00edcula y la cinta de video como un tono azulado y puede ocultar detalles distantes.<\/p>\n<p>Los filtros ultravioleta le permiten corregir el efecto UV en diversos grados, absorben aproximadamente el 71 por ciento de los rayos UV.<\/p>\n<p>Polarizadores circulares<\/p>\n<p>Los rayos de luz que se reflejan se polarizan y los filtros polarizadores se utilizan para seleccionar qu\u00e9 rayos de luz entran en la lente de su c\u00e1mara.<\/p>\n<p>Pueden eliminar los reflejos no deseados de las superficies no met\u00e1licas, como el agua o el vidrio, y tambi\u00e9n saturar los colores para brindar un mejor contraste, el efecto se puede ver a trav\u00e9s del visor y cambiarlo girando el filtro.<\/p>\n<p>El factor de filtro var\u00eda seg\u00fan la rotaci\u00f3n del filtro y su orientaci\u00f3n al sol.<\/p>\n","protected":false},"excerpt":{"rendered":"<p>Consta de un Filtro de Protecci\u00f3n UV y un Polarizador Circular. Elimina reflejos y aumenta la saturaci\u00f3n de color sin afectar el balance general del color.<\/p>\n","protected":false},"featured_media":2116,"comment_status":"open","ping_status":"closed","template":"","meta":{"site-sidebar-layout":"default","site-content-layout":"default","ast-site-content-layout":"default","site-content-style":"default","site-sidebar-style":"default","ast-global-header-display":"","ast-banner-title-visibility":"","ast-main-header-display":"","ast-hfb-above-header-display":"","ast-hfb-below-header-display":"","ast-hfb-mobile-header-display":"","site-post-title":"","ast-breadcrumbs-content":"","ast-featured-img":"","footer-sml-layout":"","ast-disable-related-posts":"","theme-transparent-header-meta":"default","adv-header-id-meta":"","stick-header-meta":"","header-above-stick-meta":"","header-main-stick-meta":"","header-below-stick-meta":"","astra-migrate-meta-layouts":"default","ast-page-background-enabled":"default","ast-page-background-meta":{"desktop":{"background-color":"var(--ast-global-color-4)","background-image":"","background-repeat":"repeat","background-position":"center center","background-size":"auto","background-attachment":"scroll","background-type":"","background-media":"","overlay-type":"","overlay-color":"","overlay-opacity":"","overlay-gradient":""},"tablet":{"background-color":"","background-image":"","background-repeat":"repeat","background-position":"center center","background-size":"auto","background-attachment":"scroll","background-type":"","background-media":"","overlay-type":"","overlay-color":"","overlay-opacity":"","overlay-gradient":""},"mobile":{"background-color":"","background-image":"","background-repeat":"repeat","background-position":"center center","background-size":"auto","background-attachment":"scroll","background-type":"","background-media":"","overlay-type":"","overlay-color":"","overlay-opacity":"","overlay-gradient":""}},"ast-content-background-meta":{"desktop":{"background-color":"var(--ast-global-color-5)","background-image":"","background-repeat":"repeat","background-position":"center center","background-size":"auto","background-attachment":"scroll","background-type":"","background-media":"","overlay-type":"","overlay-color":"","overlay-opacity":"","overlay-gradient":""},"tablet":{"background-color":"var(--ast-global-color-5)","background-image":"","background-repeat":"repeat","background-position":"center center","background-size":"auto","background-attachment":"scroll","background-type":"","background-media":"","overlay-type":"","overlay-color":"","overlay-opacity":"","overlay-gradient":""},"mobile":{"background-color":"var(--ast-global-color-5)","background-image":"","background-repeat":"repeat","background-position":"center center","background-size":"auto","background-attachment":"scroll","background-type":"","background-media":"","overlay-type":"","overlay-color":"","overlay-opacity":"","overlay-gradient":""}},"_themeisle_gutenberg_block_has_review":false},"product_brand":[],"product_cat":[107],"product_tag":[],"class_list":{"0":"post-2115","1":"product","2":"type-product","3":"status-publish","4":"has-post-thumbnail","6":"product_cat-filtros","7":"desktop-align-center","8":"tablet-align-left","9":"mobile-align-left","11":"first","12":"instock","13":"purchasable","14":"product-type-simple"},"aioseo_notices":[],"jetpack_sharing_enabled":true,"_links":{"self":[{"href":"https:\/\/studio40shop.com.mx\/index.php?rest_route=\/wp\/v2\/product\/2115","targetHints":{"allow":["GET"]}}],"collection":[{"href":"https:\/\/studio40shop.com.mx\/index.php?rest_route=\/wp\/v2\/product"}],"about":[{"href":"https:\/\/studio40shop.com.mx\/index.php?rest_route=\/wp\/v2\/types\/product"}],"replies":[{"embeddable":true,"href":"https:\/\/studio40shop.com.mx\/index.php?rest_route=%2Fwp%2Fv2%2Fcomments&post=2115"}],"wp:featuredmedia":[{"embeddable":true,"href":"https:\/\/studio40shop.com.mx\/index.php?rest_route=\/wp\/v2\/media\/2116"}],"wp:attachment":[{"href":"https:\/\/studio40shop.com.mx\/index.php?rest_route=%2Fwp%2Fv2%2Fmedia&parent=2115"}],"wp:term":[{"taxonomy":"product_brand","embeddable":true,"href":"https:\/\/studio40shop.com.mx\/index.php?rest_route=%2Fwp%2Fv2%2Fproduct_brand&post=2115"},{"taxonomy":"product_cat","embeddable":true,"href":"https:\/\/studio40shop.com.mx\/index.php?rest_route=%2Fwp%2Fv2%2Fproduct_cat&post=2115"},{"taxonomy":"product_tag","embeddable":true,"href":"https:\/\/studio40shop.com.mx\/index.php?rest_route=%2Fwp%2Fv2%2Fproduct_tag&post=2115"}],"curies":[{"name":"wp","href":"https:\/\/api.w.org\/{rel}","templated":true}]}}