{"id":2132,"date":"2021-10-25T16:14:12","date_gmt":"2021-10-25T21:14:12","guid":{"rendered":"https:\/\/studio40shop.com.mx\/?post_type=product&#038;p=2132"},"modified":"2022-03-01T17:58:59","modified_gmt":"2022-03-01T22:58:59","slug":"mini-lampara-led-rgb-r66-vijim-ulanzi","status":"publish","type":"product","link":"https:\/\/studio40shop.com.mx\/?product=mini-lampara-led-rgb-r66-vijim-ulanzi","title":{"rendered":"Mini l\u00e1mpara Led RGB R66 Vijim Ulanzi"},"content":{"rendered":"<p>La mini l\u00e1mpara LED R66 de Vijim cuenta con 66 perlas led de alta efectividad, de las cuales 36 son bicolor y 30 RGB. Permite una r\u00e1pida selecci\u00f3n de colores de 0 a 360\u00b0, asi como el modo RGB full color. Gracias a su versatilidad es ideal para Selfies, aplicaciones de belleza, Tik Tok, YouTube, transmisiones en vivo, retratos, fotograf\u00eda de ni\u00f1os, o para crear ambientes de fiesta. Es posible ajustar el brillo de 0 a 100%.<\/p>\n<p>La R66 cuenta con 20 efectos de iluminaci\u00f3n din\u00e1micos, que pueden ser falso y real, lo que permite simular un efecto de iluminaci\u00f3n de escena m\u00e1s ideal. Su dise\u00f1o magn\u00e9tico, permite colocar la l\u00e1mpara en cualquier superficie met\u00e1lica, por lo que tendr\u00e1s mayores opciones de instalaci\u00f3n.<\/p>\n<p>Posee una pantalla LCD integrada para ajustes m\u00e1s r\u00e1pidos y precisos. Debido a su dise\u00f1o circular, los botones de ajuste se encuentran en la parte lateral para mayor comodidad. Esta mini l\u00e1mpara Led cuenta con una bater\u00eda de litio recargable de 2000 mAh, que ofrece de 2 a 8 horas de iluminaci\u00f3n. Es posible cargar la l\u00e1mpara a trav\u00e9s de su puerto tipo C.<\/p>\n<p>Incluye un adaptador de zapata doble y un orificio de 1\/4&#8243; para colocarse sobre un tripie.<\/p>\n","protected":false},"excerpt":{"rendered":"<p>Ideal para crear un sinf\u00edn de efectos creativos en tus fotos o videos. Con 20 efectos de iluminaci\u00f3n esc\u00e9nica, selecci\u00f3n r\u00e1pida de colores y control de brillo<\/p>\n","protected":false},"featured_media":2133,"comment_status":"open","ping_status":"closed","template":"","meta":{"site-sidebar-layout":"default","site-content-layout":"default","ast-site-content-layout":"default","site-content-style":"default","site-sidebar-style":"default","ast-global-header-display":"","ast-banner-title-visibility":"","ast-main-header-display":"","ast-hfb-above-header-display":"","ast-hfb-below-header-display":"","ast-hfb-mobile-header-display":"","site-post-title":"","ast-breadcrumbs-content":"","ast-featured-img":"","footer-sml-layout":"","ast-disable-related-posts":"","theme-transparent-header-meta":"default","adv-header-id-meta":"","stick-header-meta":"","header-above-stick-meta":"","header-main-stick-meta":"","header-below-stick-meta":"","astra-migrate-meta-layouts":"default","ast-page-background-enabled":"default","ast-page-background-meta":{"desktop":{"background-color":"var(--ast-global-color-4)","background-image":"","background-repeat":"repeat","background-position":"center center","background-size":"auto","background-attachment":"scroll","background-type":"","background-media":"","overlay-type":"","overlay-color":"","overlay-opacity":"","overlay-gradient":""},"tablet":{"background-color":"","background-image":"","background-repeat":"repeat","background-position":"center center","background-size":"auto","background-attachment":"scroll","background-type":"","background-media":"","overlay-type":"","overlay-color":"","overlay-opacity":"","overlay-gradient":""},"mobile":{"background-color":"","background-image":"","background-repeat":"repeat","background-position":"center center","background-size":"auto","background-attachment":"scroll","background-type":"","background-media":"","overlay-type":"","overlay-color":"","overlay-opacity":"","overlay-gradient":""}},"ast-content-background-meta":{"desktop":{"background-color":"var(--ast-global-color-5)","background-image":"","background-repeat":"repeat","background-position":"center center","background-size":"auto","background-attachment":"scroll","background-type":"","background-media":"","overlay-type":"","overlay-color":"","overlay-opacity":"","overlay-gradient":""},"tablet":{"background-color":"var(--ast-global-color-5)","background-image":"","background-repeat":"repeat","background-position":"center center","background-size":"auto","background-attachment":"scroll","background-type":"","background-media":"","overlay-type":"","overlay-color":"","overlay-opacity":"","overlay-gradient":""},"mobile":{"background-color":"var(--ast-global-color-5)","background-image":"","background-repeat":"repeat","background-position":"center center","background-size":"auto","background-attachment":"scroll","background-type":"","background-media":"","overlay-type":"","overlay-color":"","overlay-opacity":"","overlay-gradient":""}},"_themeisle_gutenberg_block_has_review":false},"product_brand":[],"product_cat":[88,109],"product_tag":[],"class_list":{"0":"post-2132","1":"product","2":"type-product","3":"status-publish","4":"has-post-thumbnail","6":"product_cat-iluminacion","7":"product_cat-luz-continua","8":"desktop-align-center","9":"tablet-align-left","10":"mobile-align-left","12":"first","13":"instock","14":"purchasable","15":"product-type-simple"},"aioseo_notices":[],"jetpack_sharing_enabled":true,"_links":{"self":[{"href":"https:\/\/studio40shop.com.mx\/index.php?rest_route=\/wp\/v2\/product\/2132","targetHints":{"allow":["GET"]}}],"collection":[{"href":"https:\/\/studio40shop.com.mx\/index.php?rest_route=\/wp\/v2\/product"}],"about":[{"href":"https:\/\/studio40shop.com.mx\/index.php?rest_route=\/wp\/v2\/types\/product"}],"replies":[{"embeddable":true,"href":"https:\/\/studio40shop.com.mx\/index.php?rest_route=%2Fwp%2Fv2%2Fcomments&post=2132"}],"wp:featuredmedia":[{"embeddable":true,"href":"https:\/\/studio40shop.com.mx\/index.php?rest_route=\/wp\/v2\/media\/2133"}],"wp:attachment":[{"href":"https:\/\/studio40shop.com.mx\/index.php?rest_route=%2Fwp%2Fv2%2Fmedia&parent=2132"}],"wp:term":[{"taxonomy":"product_brand","embeddable":true,"href":"https:\/\/studio40shop.com.mx\/index.php?rest_route=%2Fwp%2Fv2%2Fproduct_brand&post=2132"},{"taxonomy":"product_cat","embeddable":true,"href":"https:\/\/studio40shop.com.mx\/index.php?rest_route=%2Fwp%2Fv2%2Fproduct_cat&post=2132"},{"taxonomy":"product_tag","embeddable":true,"href":"https:\/\/studio40shop.com.mx\/index.php?rest_route=%2Fwp%2Fv2%2Fproduct_tag&post=2132"}],"curies":[{"name":"wp","href":"https:\/\/api.w.org\/{rel}","templated":true}]}}