{"id":2295,"date":"2021-12-22T17:32:05","date_gmt":"2021-12-22T22:32:05","guid":{"rendered":"https:\/\/studio40shop.com.mx\/?post_type=product&#038;p=2295"},"modified":"2022-10-15T12:59:26","modified_gmt":"2022-10-15T17:59:26","slug":"kit-disparador-y-receptor-x1c-godox-para-canon","status":"publish","type":"product","link":"https:\/\/studio40shop.com.mx\/?product=kit-disparador-y-receptor-x1c-godox-para-canon","title":{"rendered":"KIT Disparador\/Receptor X1C Godox para Canon"},"content":{"rendered":"<p><strong>El X1-C<\/strong>\u00a0son unidades de transmisor y receptor separados, con X1-C receptores compatibles con Flashes Canon Speedlite adem\u00e1s de ser compatibles como el 580EX II y 600EX-RT etc.<\/p>\n<p>As\u00ed como flashes Canon ETTL y\u00a0V860C de Godox.<\/p>\n<p>Adem\u00e1s de la tradicional Canon A: AC interfaz de estilo de relaci\u00f3n, el X1-C proporciona una interfaz de estilo GR Grupo completo que permite hasta 5 grupos para ajustarse individualmente a cualquiera TTL, Manual o Desactivado.<\/p>\n<p>Lo m\u00e1s importante es que ahora\u00a0<strong>puedes mezclar TTL y grupos manuales entre si<\/strong>, seg\u00fan sea necesario.<\/p>\n<p>El X1-C proporciona TTL, HSS (Sincronizaci\u00f3n de Alta Velocidad) y la mayor\u00eda de las caracter\u00edsticas desencadenantesque proporcionan los flashes TTL, incluso una sincronizaci\u00f3n Ajuste HSS Pre-sync.<\/p>\n<p>Un detalle importante del X1-C es el\u00a0<strong>Cable PC Sync de entrada y salida<\/strong>, algo que la mayor\u00eda de radio han olvidado.<\/p>\n<p><strong>\u00a0CARACTER\u00cdSTICAS X1-C\u00a0<\/strong><\/p>\n<p>Sistema de radio RF Godox 2.4GHz<br \/>\nRange &#8211; 100m +<br \/>\nModos de flash &#8211; ETTL \/ M \/ OFF<br \/>\nHSS a 1 \/ 8000a<br \/>\nFEC \/ febrero &#8211; 1\/3 \u00aa Incrementos (\u00b1 3 paradas)<br \/>\nFEL (Flash Bloqueo de la exposici\u00f3n)<br \/>\nManual Flash &#8211; 1\/128 &#8211; 1\/1 de salida (1\/3 \u00aa Incrementos)<br \/>\nRemoto Flash Zoom<br \/>\nModo de Grupo GR &#8211; A \/ B \/ C \/ D \/ E (5 grupos)<br \/>\nModo Grupo Ratio &#8211; A \/ B \/ C<br \/>\n32 Canales<br \/>\nPantalla LCD grande<br \/>\nInterruptor Back Light On-Off<br \/>\nHSS Delay Setting &#8211; 0 ~ 19.9ms, (100US Incrementos)<br \/>\nEl flash de modelado<br \/>\nFunci\u00f3n de memoria autom\u00e1tica<br \/>\nLuz AF (Manual Open?)<br \/>\nWireless Shutter Release<br \/>\nMicro Puerto USB para actualizaciones de firmware<br \/>\nTransmisor PC Sync Puerto &#8211; Entrada y Salida<br \/>\n2.5mm Receptor de sincronizaci\u00f3n y Shutter Release port &#8211; Salida<\/p>\n","protected":false},"excerpt":{"rendered":"<p>Este Kit Disparador y Receptor contiene una gran interfaz de pantalla LCD clara y r\u00e1pida con rueda de control de ajuste de potencias.<\/p>\n","protected":false},"featured_media":2296,"comment_status":"open","ping_status":"closed","template":"","meta":{"site-sidebar-layout":"default","site-content-layout":"default","ast-site-content-layout":"default","site-content-style":"default","site-sidebar-style":"default","ast-global-header-display":"","ast-banner-title-visibility":"","ast-main-header-display":"","ast-hfb-above-header-display":"","ast-hfb-below-header-display":"","ast-hfb-mobile-header-display":"","site-post-title":"","ast-breadcrumbs-content":"","ast-featured-img":"","footer-sml-layout":"","ast-disable-related-posts":"","theme-transparent-header-meta":"default","adv-header-id-meta":"","stick-header-meta":"","header-above-stick-meta":"","header-main-stick-meta":"","header-below-stick-meta":"","astra-migrate-meta-layouts":"default","ast-page-background-enabled":"default","ast-page-background-meta":{"desktop":{"background-color":"var(--ast-global-color-4)","background-image":"","background-repeat":"repeat","background-position":"center center","background-size":"auto","background-attachment":"scroll","background-type":"","background-media":"","overlay-type":"","overlay-color":"","overlay-opacity":"","overlay-gradient":""},"tablet":{"background-color":"","background-image":"","background-repeat":"repeat","background-position":"center center","background-size":"auto","background-attachment":"scroll","background-type":"","background-media":"","overlay-type":"","overlay-color":"","overlay-opacity":"","overlay-gradient":""},"mobile":{"background-color":"","background-image":"","background-repeat":"repeat","background-position":"center center","background-size":"auto","background-attachment":"scroll","background-type":"","background-media":"","overlay-type":"","overlay-color":"","overlay-opacity":"","overlay-gradient":""}},"ast-content-background-meta":{"desktop":{"background-color":"var(--ast-global-color-5)","background-image":"","background-repeat":"repeat","background-position":"center center","background-size":"auto","background-attachment":"scroll","background-type":"","background-media":"","overlay-type":"","overlay-color":"","overlay-opacity":"","overlay-gradient":""},"tablet":{"background-color":"var(--ast-global-color-5)","background-image":"","background-repeat":"repeat","background-position":"center center","background-size":"auto","background-attachment":"scroll","background-type":"","background-media":"","overlay-type":"","overlay-color":"","overlay-opacity":"","overlay-gradient":""},"mobile":{"background-color":"var(--ast-global-color-5)","background-image":"","background-repeat":"repeat","background-position":"center center","background-size":"auto","background-attachment":"scroll","background-type":"","background-media":"","overlay-type":"","overlay-color":"","overlay-opacity":"","overlay-gradient":""}},"_themeisle_gutenberg_block_has_review":false},"product_brand":[],"product_cat":[111,103],"product_tag":[],"class_list":{"0":"post-2295","1":"product","2":"type-product","3":"status-publish","4":"has-post-thumbnail","6":"product_cat-accesorios","7":"product_cat-flashes-de-estudio-y-speedlite","8":"desktop-align-center","9":"tablet-align-left","10":"mobile-align-left","12":"first","13":"onbackorder","14":"purchasable","15":"product-type-simple"},"aioseo_notices":[],"jetpack_sharing_enabled":true,"_links":{"self":[{"href":"https:\/\/studio40shop.com.mx\/index.php?rest_route=\/wp\/v2\/product\/2295","targetHints":{"allow":["GET"]}}],"collection":[{"href":"https:\/\/studio40shop.com.mx\/index.php?rest_route=\/wp\/v2\/product"}],"about":[{"href":"https:\/\/studio40shop.com.mx\/index.php?rest_route=\/wp\/v2\/types\/product"}],"replies":[{"embeddable":true,"href":"https:\/\/studio40shop.com.mx\/index.php?rest_route=%2Fwp%2Fv2%2Fcomments&post=2295"}],"wp:featuredmedia":[{"embeddable":true,"href":"https:\/\/studio40shop.com.mx\/index.php?rest_route=\/wp\/v2\/media\/2296"}],"wp:attachment":[{"href":"https:\/\/studio40shop.com.mx\/index.php?rest_route=%2Fwp%2Fv2%2Fmedia&parent=2295"}],"wp:term":[{"taxonomy":"product_brand","embeddable":true,"href":"https:\/\/studio40shop.com.mx\/index.php?rest_route=%2Fwp%2Fv2%2Fproduct_brand&post=2295"},{"taxonomy":"product_cat","embeddable":true,"href":"https:\/\/studio40shop.com.mx\/index.php?rest_route=%2Fwp%2Fv2%2Fproduct_cat&post=2295"},{"taxonomy":"product_tag","embeddable":true,"href":"https:\/\/studio40shop.com.mx\/index.php?rest_route=%2Fwp%2Fv2%2Fproduct_tag&post=2295"}],"curies":[{"name":"wp","href":"https:\/\/api.w.org\/{rel}","templated":true}]}}