{"id":2502,"date":"2022-05-02T16:18:52","date_gmt":"2022-05-02T21:18:52","guid":{"rendered":"https:\/\/studio40shop.com.mx\/?post_type=product&#038;p=2502"},"modified":"2022-10-15T12:59:22","modified_gmt":"2022-10-15T17:59:22","slug":"flash-para-estudio-godox-qt600iim-hss","status":"publish","type":"product","link":"https:\/\/studio40shop.com.mx\/?product=flash-para-estudio-godox-qt600iim-hss","title":{"rendered":"Flash para estudio Godox QT600IIM HSS"},"content":{"rendered":"<p>El tiempo de reciclaje de este flash es de .05 a .9 segundos y duraciones de flash de tan solo 1\/128 a m\u00e1xima potencia. Gracias a su pantalla LCD es m\u00e1s f\u00e1cil leer los par\u00e1metros del flash. El QT600IIM cuenta con varios modos de disparo, uno de ellos es el modo de alta velocidad.<\/p>\n<p>Incorpora la tecnolog\u00eda inal\u00e1mbrica X de 32 canales incorporada de 2.4 GHz. Es posible controlarlo a distancia con los transmisores XT32 o X1, los cuales se venden por separado. Puede controlar la selecci\u00f3n de modos HSS, luz de modelado.<\/p>\n<p>El flash posee una montura frontal de tipo bowens por lo que es posible conectar una gran variedad de accesorios con esta entrada. La potencia puede ajustarse de 1\/128 a 1\/1<\/p>\n<p>El modo de color estable mantiene la temperatura de color a 5600 K (+\/- 200 K). Elecci\u00f3n ideal para fotograf\u00eda est\u00e1ndar<\/p>\n<p>El modo de flash de alta velocidad favorece las duraciones de flash cortas sobre la fidelidad del color, que va desde 5400 a 9000 K<\/p>\n<p>El modo de sincronizaci\u00f3n de alta velocidad le permite disparar a velocidades de sincronizaci\u00f3n tan cortas como 1\/8000 seg, para uso de gran apertura o efectos creativos.<\/p>\n<p>Modos Multi: m\u00e1x. tiempo de flash: 99, m\u00e1x. frecuencia de flash: 30<br \/>\nSincronizaci\u00f3n: Sincronizaci\u00f3n de alta velocidad (HSS) hasta 1\/8000 seg. Sincronizaci\u00f3n de primera y segunda cortinilla<br \/>\nNumero de gu\u00eda: 76<br \/>\nEl flash QT600II se puede usar como esclavo<br \/>\nSe pueden controlar como esclavos hasta 16 grupos de 0 a 9 y A, B,C, D, E y F<br \/>\nAlcance de hasta 50 metros<br \/>\nCanales operativos: 32 (1 a 32)<\/p>\n","protected":false},"excerpt":{"rendered":"<p>El flash de estudio QT600IIM est\u00e1 construido para la velocidad, es una poderosa fuente de luz diurna de 5600K. Posee un receptor interno integrado, adem\u00e1s de un ventilador interno y montura met\u00e1lica Bowens.<\/p>\n","protected":false},"featured_media":2503,"comment_status":"open","ping_status":"closed","template":"","meta":{"site-sidebar-layout":"default","site-content-layout":"default","ast-site-content-layout":"default","site-content-style":"default","site-sidebar-style":"default","ast-global-header-display":"","ast-banner-title-visibility":"","ast-main-header-display":"","ast-hfb-above-header-display":"","ast-hfb-below-header-display":"","ast-hfb-mobile-header-display":"","site-post-title":"","ast-breadcrumbs-content":"","ast-featured-img":"","footer-sml-layout":"","ast-disable-related-posts":"","theme-transparent-header-meta":"default","adv-header-id-meta":"","stick-header-meta":"","header-above-stick-meta":"","header-main-stick-meta":"","header-below-stick-meta":"","astra-migrate-meta-layouts":"default","ast-page-background-enabled":"default","ast-page-background-meta":{"desktop":{"background-color":"var(--ast-global-color-4)","background-image":"","background-repeat":"repeat","background-position":"center center","background-size":"auto","background-attachment":"scroll","background-type":"","background-media":"","overlay-type":"","overlay-color":"","overlay-opacity":"","overlay-gradient":""},"tablet":{"background-color":"","background-image":"","background-repeat":"repeat","background-position":"center center","background-size":"auto","background-attachment":"scroll","background-type":"","background-media":"","overlay-type":"","overlay-color":"","overlay-opacity":"","overlay-gradient":""},"mobile":{"background-color":"","background-image":"","background-repeat":"repeat","background-position":"center center","background-size":"auto","background-attachment":"scroll","background-type":"","background-media":"","overlay-type":"","overlay-color":"","overlay-opacity":"","overlay-gradient":""}},"ast-content-background-meta":{"desktop":{"background-color":"var(--ast-global-color-5)","background-image":"","background-repeat":"repeat","background-position":"center center","background-size":"auto","background-attachment":"scroll","background-type":"","background-media":"","overlay-type":"","overlay-color":"","overlay-opacity":"","overlay-gradient":""},"tablet":{"background-color":"var(--ast-global-color-5)","background-image":"","background-repeat":"repeat","background-position":"center center","background-size":"auto","background-attachment":"scroll","background-type":"","background-media":"","overlay-type":"","overlay-color":"","overlay-opacity":"","overlay-gradient":""},"mobile":{"background-color":"var(--ast-global-color-5)","background-image":"","background-repeat":"repeat","background-position":"center center","background-size":"auto","background-attachment":"scroll","background-type":"","background-media":"","overlay-type":"","overlay-color":"","overlay-opacity":"","overlay-gradient":""}},"_themeisle_gutenberg_block_has_review":false},"product_brand":[],"product_cat":[103,88],"product_tag":[],"class_list":{"0":"post-2502","1":"product","2":"type-product","3":"status-publish","4":"has-post-thumbnail","6":"product_cat-flashes-de-estudio-y-speedlite","7":"product_cat-iluminacion","8":"desktop-align-center","9":"tablet-align-left","10":"mobile-align-left","12":"first","13":"onbackorder","14":"purchasable","15":"product-type-simple"},"aioseo_notices":[],"jetpack_sharing_enabled":true,"_links":{"self":[{"href":"https:\/\/studio40shop.com.mx\/index.php?rest_route=\/wp\/v2\/product\/2502","targetHints":{"allow":["GET"]}}],"collection":[{"href":"https:\/\/studio40shop.com.mx\/index.php?rest_route=\/wp\/v2\/product"}],"about":[{"href":"https:\/\/studio40shop.com.mx\/index.php?rest_route=\/wp\/v2\/types\/product"}],"replies":[{"embeddable":true,"href":"https:\/\/studio40shop.com.mx\/index.php?rest_route=%2Fwp%2Fv2%2Fcomments&post=2502"}],"wp:featuredmedia":[{"embeddable":true,"href":"https:\/\/studio40shop.com.mx\/index.php?rest_route=\/wp\/v2\/media\/2503"}],"wp:attachment":[{"href":"https:\/\/studio40shop.com.mx\/index.php?rest_route=%2Fwp%2Fv2%2Fmedia&parent=2502"}],"wp:term":[{"taxonomy":"product_brand","embeddable":true,"href":"https:\/\/studio40shop.com.mx\/index.php?rest_route=%2Fwp%2Fv2%2Fproduct_brand&post=2502"},{"taxonomy":"product_cat","embeddable":true,"href":"https:\/\/studio40shop.com.mx\/index.php?rest_route=%2Fwp%2Fv2%2Fproduct_cat&post=2502"},{"taxonomy":"product_tag","embeddable":true,"href":"https:\/\/studio40shop.com.mx\/index.php?rest_route=%2Fwp%2Fv2%2Fproduct_tag&post=2502"}],"curies":[{"name":"wp","href":"https:\/\/api.w.org\/{rel}","templated":true}]}}