{"id":2510,"date":"2022-05-04T10:17:35","date_gmt":"2022-05-04T15:17:35","guid":{"rendered":"https:\/\/studio40shop.com.mx\/?post_type=product&#038;p=2510"},"modified":"2022-10-15T12:59:20","modified_gmt":"2022-10-15T17:59:20","slug":"kit-de-iluminacion-de-estudio-ms200-d-godox","status":"publish","type":"product","link":"https:\/\/studio40shop.com.mx\/?product=kit-de-iluminacion-de-estudio-ms200-d-godox","title":{"rendered":"Kit de Iluminaci\u00f3n de Estudio MS200-D Godox"},"content":{"rendered":"<p>El Kit de Iluminaci\u00f3n MS200-D de Godox es un equipo de iluminaci\u00f3n completo para el estudio o lugares del exterior. Es ideal para los fot\u00f3grafos que requieren de mayor iluminaci\u00f3n a la hora de tomar fotograf\u00edas o hacer grabaci\u00f3n de videos. Es un kit perfecto para transportarlo, gracias a su tama\u00f1o compacto y por su f\u00e1cil manejo.<\/p>\n<p>Cuenta con 3 flashes MS200 de 200Ws, un disparador remoto XT-16 para usarlo a una distancia de hasta 100 mts, tres tripies para iluminaci\u00f3n, dos softbox de 60 x 90cm y una sombrilla plateado\/negro de 101cm, gracias a las divisiones de la maleta es posible llevar todo tu equipo sin tener que preocuparte.<\/p>\n<p>Mayor iluminaci\u00f3n con flashes MS200<br \/>\nLos flashes cuentan con una fuente de flash equilibrada de luz diurna de 5600K, es de f\u00e1cil manejo ya que se puede acceder a los ajustes mediante los botones del panel trasero que se muestran en la pantalla LCD. Su potencia es variable desde 1\/32hasta la m\u00e1xima potencia para ajustarlo en 50 pasos, mientras que la luz de modelado de 150W se ajusta desde el 5 hasta el 100% para revisar los efectos de iluminaci\u00f3n. Su cabezal tiene una montura de soporte inclinable y funciona con una alimentaci\u00f3n de 100 a 120 VAC.<\/p>\n<p>Mejor control a distancia<br \/>\nIncluye un disparador remoto XT16, ideal para controlar tu flash a distancia, por lo que resulta ideal para retratos, foto de producto, fotograf\u00eda de moda, efectos como humo, polvo y salpicaduras. Cuenta con un sistema de radio confiable de 2.4 GHz con un alcance impresionante de 100 metros junto con una selecci\u00f3n de 16 canales. Puedes sincronizar la velocidad del flash hasta 1\/250 segundos y hay m\u00faltiples configuraciones de control de energ\u00eda para trabajar con flashes de estudio o flashes de alta velocidad.<\/p>\n<p>Tripie ideal para iluminaci\u00f3n<br \/>\nEste tripie de Godox cuenta con 2 secciones, es ideal para estudios y puede sostener equipos de iluminaci\u00f3n como flashes, sombrillas y softbox. Cuenta con una altura m\u00e1xima de 1.95 metros, altura m\u00ednima de 1 metro, plegable para transportarse 74 cm, base de tripie abierto hasta 80 cm, circunferencia 6.9 cm y di\u00e1metro de 1.8 cm.<\/p>\n<p>Softbox para una perfecta iluminaci\u00f3n<br \/>\nSus softbox de 60 x 90cm se convierte en un complemento perfecto para tu estudio. La caja de luz difunde el flash estrobosc\u00f3pico que da una perfecta iluminaci\u00f3n uniforme para capturar mejores fotos. Los tonos de piel cobran vida y las manchas se desvanecen. El gran tama\u00f1o de la caja de luz, es conveniente para la fotograf\u00eda de moda y retratos. Cuenta con 4 varillas con punta met\u00e1lica de f\u00e1cil montaje.<\/p>\n<p>Sombrillas para reflejar una buena luz<br \/>\nLa sombrilla es de color plateado por dentro y negro por fuera, con un tama\u00f1o de 101 cm de di\u00e1metro, es un modificador de luz simple, adecuado para tomar retratos y fotograf\u00edas de productos. La sombrilla se coloca abierta hacia el sujeto y el flash apunta hacia la sombrilla, para poder reflejar la luz y pueda cubrir de forma un poco difusa y amplia al sujeto. Son sombrillas buenas como luz de fondo o puedes colocar 2 si deseas tener m\u00e1s luz que efecto.<\/p>\n<p>Maleta ideal para transportar tu kit<br \/>\nSu maleta tiene un compartimiento espacioso principal, ideal para guardar todo lo que incluye este kit. Es una maleta de gran tama\u00f1o con dimensiones de 77.9 x 23.8 x 23.8 cm, es de material resistente para su f\u00e1cil transporte. Tiene un dise\u00f1o demasiado similar al de las maletas de viaje, contando con ruedas de pat\u00edn en forma de l\u00ednea, un asa superior para poder rodar la maleta de forma m\u00e1s f\u00e1cil en superficies lisas y correas de cada lado de la bolsa para llevarla en la mano si as\u00ed lo deseas.<\/p>\n","protected":false},"excerpt":{"rendered":"<p>El Kit de Iluminaci\u00f3n MS200-D de la marca Godox es ideal para los fot\u00f3grafos que necesitan mayor iluminaci\u00f3n a la hora de capturar fotograf\u00edas o videos y requieren de un equipo completo para el estudio o para usarlo en lugares del exterior. Cuenta con una maleta, la cual tiene un compartimiento espacioso principal para guardar todo lo que incluye el kit.<\/p>\n<p>3 Flashes MS200 de 200Ws<br \/>\n1 Disparador remoto XT-16<br \/>\n3 Tripies<br \/>\n2 Softbox de 60 x 90cm<br \/>\n1 Sombrilla plateado\/negro de 101cm<\/p>\n","protected":false},"featured_media":2511,"comment_status":"open","ping_status":"closed","template":"","meta":{"site-sidebar-layout":"default","site-content-layout":"default","ast-site-content-layout":"default","site-content-style":"default","site-sidebar-style":"default","ast-global-header-display":"","ast-banner-title-visibility":"","ast-main-header-display":"","ast-hfb-above-header-display":"","ast-hfb-below-header-display":"","ast-hfb-mobile-header-display":"","site-post-title":"","ast-breadcrumbs-content":"","ast-featured-img":"","footer-sml-layout":"","ast-disable-related-posts":"","theme-transparent-header-meta":"default","adv-header-id-meta":"","stick-header-meta":"","header-above-stick-meta":"","header-main-stick-meta":"","header-below-stick-meta":"","astra-migrate-meta-layouts":"default","ast-page-background-enabled":"default","ast-page-background-meta":{"desktop":{"background-color":"var(--ast-global-color-4)","background-image":"","background-repeat":"repeat","background-position":"center center","background-size":"auto","background-attachment":"scroll","background-type":"","background-media":"","overlay-type":"","overlay-color":"","overlay-opacity":"","overlay-gradient":""},"tablet":{"background-color":"","background-image":"","background-repeat":"repeat","background-position":"center center","background-size":"auto","background-attachment":"scroll","background-type":"","background-media":"","overlay-type":"","overlay-color":"","overlay-opacity":"","overlay-gradient":""},"mobile":{"background-color":"","background-image":"","background-repeat":"repeat","background-position":"center center","background-size":"auto","background-attachment":"scroll","background-type":"","background-media":"","overlay-type":"","overlay-color":"","overlay-opacity":"","overlay-gradient":""}},"ast-content-background-meta":{"desktop":{"background-color":"var(--ast-global-color-5)","background-image":"","background-repeat":"repeat","background-position":"center center","background-size":"auto","background-attachment":"scroll","background-type":"","background-media":"","overlay-type":"","overlay-color":"","overlay-opacity":"","overlay-gradient":""},"tablet":{"background-color":"var(--ast-global-color-5)","background-image":"","background-repeat":"repeat","background-position":"center center","background-size":"auto","background-attachment":"scroll","background-type":"","background-media":"","overlay-type":"","overlay-color":"","overlay-opacity":"","overlay-gradient":""},"mobile":{"background-color":"var(--ast-global-color-5)","background-image":"","background-repeat":"repeat","background-position":"center center","background-size":"auto","background-attachment":"scroll","background-type":"","background-media":"","overlay-type":"","overlay-color":"","overlay-opacity":"","overlay-gradient":""}},"_themeisle_gutenberg_block_has_review":false},"product_brand":[],"product_cat":[103,88],"product_tag":[252,225,251,250,253,254],"class_list":{"0":"post-2510","1":"product","2":"type-product","3":"status-publish","4":"has-post-thumbnail","6":"product_cat-flashes-de-estudio-y-speedlite","7":"product_cat-iluminacion","8":"product_tag-estudio","9":"product_tag-godox","10":"product_tag-iluminacion","11":"product_tag-kit","12":"product_tag-kit-flashes","13":"product_tag-kit-fotografia","14":"desktop-align-center","15":"tablet-align-left","16":"mobile-align-left","18":"first","19":"onbackorder","20":"purchasable","21":"product-type-simple"},"aioseo_notices":[],"jetpack_sharing_enabled":true,"_links":{"self":[{"href":"https:\/\/studio40shop.com.mx\/index.php?rest_route=\/wp\/v2\/product\/2510","targetHints":{"allow":["GET"]}}],"collection":[{"href":"https:\/\/studio40shop.com.mx\/index.php?rest_route=\/wp\/v2\/product"}],"about":[{"href":"https:\/\/studio40shop.com.mx\/index.php?rest_route=\/wp\/v2\/types\/product"}],"replies":[{"embeddable":true,"href":"https:\/\/studio40shop.com.mx\/index.php?rest_route=%2Fwp%2Fv2%2Fcomments&post=2510"}],"wp:featuredmedia":[{"embeddable":true,"href":"https:\/\/studio40shop.com.mx\/index.php?rest_route=\/wp\/v2\/media\/2511"}],"wp:attachment":[{"href":"https:\/\/studio40shop.com.mx\/index.php?rest_route=%2Fwp%2Fv2%2Fmedia&parent=2510"}],"wp:term":[{"taxonomy":"product_brand","embeddable":true,"href":"https:\/\/studio40shop.com.mx\/index.php?rest_route=%2Fwp%2Fv2%2Fproduct_brand&post=2510"},{"taxonomy":"product_cat","embeddable":true,"href":"https:\/\/studio40shop.com.mx\/index.php?rest_route=%2Fwp%2Fv2%2Fproduct_cat&post=2510"},{"taxonomy":"product_tag","embeddable":true,"href":"https:\/\/studio40shop.com.mx\/index.php?rest_route=%2Fwp%2Fv2%2Fproduct_tag&post=2510"}],"curies":[{"name":"wp","href":"https:\/\/api.w.org\/{rel}","templated":true}]}}