{"id":2517,"date":"2022-05-04T10:24:44","date_gmt":"2022-05-04T15:24:44","guid":{"rendered":"https:\/\/studio40shop.com.mx\/?post_type=product&#038;p=2517"},"modified":"2022-10-15T12:59:18","modified_gmt":"2022-10-15T17:59:18","slug":"kit-de-iluminacion-de-estudio-fotografico-ms200-f-godox","status":"publish","type":"product","link":"https:\/\/studio40shop.com.mx\/?product=kit-de-iluminacion-de-estudio-fotografico-ms200-f-godox","title":{"rendered":"Kit de Iluminaci\u00f3n de Estudio Fotogr\u00e1fico MS200-F Godox"},"content":{"rendered":"<p>El Kit de Iluminaci\u00f3n MS200-F de Godox es ideal para los fot\u00f3grafos que requieren de mayor iluminaci\u00f3n a la hora de tomar fotograf\u00edas o hacer grabaci\u00f3n de videos. Es un equipo de iluminaci\u00f3n para el estudio o lugares al exterior, es muy f\u00e1cil de transportar, gracias a su tama\u00f1o compacto y por su f\u00e1cil manejo.<\/p>\n<p>Incluye 2 flashes MS200 de 200Ws, un disparador remoto XT-16 para usarse a una distancia de hasta 100 mts, dos tripies de soporte para iluminaci\u00f3n, dos softbox de 60 x 90cm y una bolsaCB-05 con varias divisiones para poder transportar todo tu equipo sin tener que preocuparte.<\/p>\n<p>Ilumina tu vida con flashes MS200<br \/>\nLos flashes cuentan con una fuente de flash equilibrada de luz diurna de 5600K, es de f\u00e1cil manejo ya que se puede acceder a los ajustes mediante los botones del panel trasero que se muestran en la pantalla LCD. Su potencia es variable desde 1\/32 hasta la m\u00e1xima potencia para ajustarlo en 50 pasos, mientras que la luz de modelado de 150W se ajusta desde el 5 hasta el 100% para revisar los efectos de iluminaci\u00f3n. Su cabezal tiene una montura de soporte inclinable y funciona con una alimentaci\u00f3n de 100 a 120 VAC.<\/p>\n<p>Controla tu flash a distancia<br \/>\nIncluye un disparador remoto XT16, ideal para controlar tu flash a distancia, por lo que resulta ideal para retratos, foto de producto, fotograf\u00eda de moda, efectos como humo, polvo y salpicaduras. Cuenta con un sistema de radio confiable de 2.4 GHz con un alcance impresionante de 100 metros junto con una selecci\u00f3n de 16 canales. Puedes sincronizar la velocidad del flash hasta 1\/250 segundos y hay m\u00faltiples configuraciones de control de energ\u00eda para trabajar con flashes de estudio o flashes de alta velocidad.<\/p>\n<p>Tripie para iluminaci\u00f3n de altura<br \/>\nEste tripie de Godox cuenta con 2 secciones, es ideal para estudios y puede sostener equipos de iluminaci\u00f3n como flashes, sombrillas y softbox. Cuenta con una altura m\u00e1xima de 1.95 metros, altura m\u00ednima de 1 metro, plegable para transportarse 74 cm, base de tripie abierto hasta 80 cm, circunferencia 6.9 cm y di\u00e1metro de 1.8 cm.<\/p>\n","protected":false},"excerpt":{"rendered":"<p>El Kit de Iluminaci\u00f3n MS200-F de la marca Godox cuenta con todo un equipo especial para la iluminaci\u00f3n de estudio. Es ideal para aquellos fot\u00f3grafos que requieren de una gran iluminaci\u00f3n a la hora de trabajar con fotograf\u00edas o v\u00eddeos. Incluye una bolsa con varias divisiones para guardar todo lo que incluye el kit.<\/p>\n<p>2 Flashes MS200 de 200Ws<br \/>\n1 Disparador remoto XT-16<br \/>\n2 Tripies<br \/>\n2 Softbox de 60 x 90cm<\/p>\n","protected":false},"featured_media":2518,"comment_status":"open","ping_status":"closed","template":"","meta":{"site-sidebar-layout":"default","site-content-layout":"default","ast-site-content-layout":"default","site-content-style":"default","site-sidebar-style":"default","ast-global-header-display":"","ast-banner-title-visibility":"","ast-main-header-display":"","ast-hfb-above-header-display":"","ast-hfb-below-header-display":"","ast-hfb-mobile-header-display":"","site-post-title":"","ast-breadcrumbs-content":"","ast-featured-img":"","footer-sml-layout":"","ast-disable-related-posts":"","theme-transparent-header-meta":"default","adv-header-id-meta":"","stick-header-meta":"","header-above-stick-meta":"","header-main-stick-meta":"","header-below-stick-meta":"","astra-migrate-meta-layouts":"default","ast-page-background-enabled":"default","ast-page-background-meta":{"desktop":{"background-color":"var(--ast-global-color-4)","background-image":"","background-repeat":"repeat","background-position":"center center","background-size":"auto","background-attachment":"scroll","background-type":"","background-media":"","overlay-type":"","overlay-color":"","overlay-opacity":"","overlay-gradient":""},"tablet":{"background-color":"","background-image":"","background-repeat":"repeat","background-position":"center center","background-size":"auto","background-attachment":"scroll","background-type":"","background-media":"","overlay-type":"","overlay-color":"","overlay-opacity":"","overlay-gradient":""},"mobile":{"background-color":"","background-image":"","background-repeat":"repeat","background-position":"center center","background-size":"auto","background-attachment":"scroll","background-type":"","background-media":"","overlay-type":"","overlay-color":"","overlay-opacity":"","overlay-gradient":""}},"ast-content-background-meta":{"desktop":{"background-color":"var(--ast-global-color-5)","background-image":"","background-repeat":"repeat","background-position":"center center","background-size":"auto","background-attachment":"scroll","background-type":"","background-media":"","overlay-type":"","overlay-color":"","overlay-opacity":"","overlay-gradient":""},"tablet":{"background-color":"var(--ast-global-color-5)","background-image":"","background-repeat":"repeat","background-position":"center center","background-size":"auto","background-attachment":"scroll","background-type":"","background-media":"","overlay-type":"","overlay-color":"","overlay-opacity":"","overlay-gradient":""},"mobile":{"background-color":"var(--ast-global-color-5)","background-image":"","background-repeat":"repeat","background-position":"center center","background-size":"auto","background-attachment":"scroll","background-type":"","background-media":"","overlay-type":"","overlay-color":"","overlay-opacity":"","overlay-gradient":""}},"_themeisle_gutenberg_block_has_review":false},"product_brand":[],"product_cat":[103,88],"product_tag":[255,250,253,254,256],"class_list":{"0":"post-2517","1":"product","2":"type-product","3":"status-publish","4":"has-post-thumbnail","6":"product_cat-flashes-de-estudio-y-speedlite","7":"product_cat-iluminacion","8":"product_tag-flashes","9":"product_tag-kit","10":"product_tag-kit-flashes","11":"product_tag-kit-fotografia","12":"product_tag-kit-para-estudio","13":"desktop-align-center","14":"tablet-align-left","15":"mobile-align-left","17":"first","18":"onbackorder","19":"purchasable","20":"product-type-simple"},"aioseo_notices":[],"jetpack_sharing_enabled":true,"_links":{"self":[{"href":"https:\/\/studio40shop.com.mx\/index.php?rest_route=\/wp\/v2\/product\/2517","targetHints":{"allow":["GET"]}}],"collection":[{"href":"https:\/\/studio40shop.com.mx\/index.php?rest_route=\/wp\/v2\/product"}],"about":[{"href":"https:\/\/studio40shop.com.mx\/index.php?rest_route=\/wp\/v2\/types\/product"}],"replies":[{"embeddable":true,"href":"https:\/\/studio40shop.com.mx\/index.php?rest_route=%2Fwp%2Fv2%2Fcomments&post=2517"}],"wp:featuredmedia":[{"embeddable":true,"href":"https:\/\/studio40shop.com.mx\/index.php?rest_route=\/wp\/v2\/media\/2518"}],"wp:attachment":[{"href":"https:\/\/studio40shop.com.mx\/index.php?rest_route=%2Fwp%2Fv2%2Fmedia&parent=2517"}],"wp:term":[{"taxonomy":"product_brand","embeddable":true,"href":"https:\/\/studio40shop.com.mx\/index.php?rest_route=%2Fwp%2Fv2%2Fproduct_brand&post=2517"},{"taxonomy":"product_cat","embeddable":true,"href":"https:\/\/studio40shop.com.mx\/index.php?rest_route=%2Fwp%2Fv2%2Fproduct_cat&post=2517"},{"taxonomy":"product_tag","embeddable":true,"href":"https:\/\/studio40shop.com.mx\/index.php?rest_route=%2Fwp%2Fv2%2Fproduct_tag&post=2517"}],"curies":[{"name":"wp","href":"https:\/\/api.w.org\/{rel}","templated":true}]}}