{"id":2523,"date":"2022-05-04T10:32:38","date_gmt":"2022-05-04T15:32:38","guid":{"rendered":"https:\/\/studio40shop.com.mx\/?post_type=product&#038;p=2523"},"modified":"2022-10-15T12:59:16","modified_gmt":"2022-10-15T17:59:16","slug":"flash-de-estudio-ms300-godox","status":"publish","type":"product","link":"https:\/\/studio40shop.com.mx\/?product=flash-de-estudio-ms300-godox","title":{"rendered":"Flash de Estudio MS300 Godox"},"content":{"rendered":"<p>El cabezal presenta un tiempo de reciclaje de 0.1-1.8 segundos con duraciones de flash tan cortas como 1\/2000 segundos.<\/p>\n<p>La potencia es variable desde 1\/32 hasta la potencia m\u00e1xima, ajustable en 50 pasos, mientras que la luz de modelado de 150W es ajustable de 5 a 100% para permitirle previsualizar sus efectos de iluminaci\u00f3n.<\/p>\n<p>Se accede a la configuraci\u00f3n a trav\u00e9s de los botones del panel posterior y se muestra en la pantalla LCD f\u00e1cil de leer.<\/p>\n<p>Las opciones de activaci\u00f3n incluyen cable de sincronizaci\u00f3n, bot\u00f3n de prueba y activaci\u00f3n esclava.<\/p>\n<p>El MS300 tiene un sistema de radio incorporado de 32 canales, que hace posible el control de la funci\u00f3n inal\u00e1mbrica con la compra por separado del transmisor XT16, X2, X1 o XPro.<\/p>\n<p>El cabezal tambi\u00e9n tiene una funci\u00f3n anti-flash previa que facilita el trabajo con apuntar y disparar y otras c\u00e1maras que utilizan flash previo.<\/p>\n<p>Pesa 5.7 lb(2.58 kg), lo que fomenta el ensamblaje de un kit con dos o m\u00e1s cabezales sin tener que cargar un estuche pesado.<\/p>\n<p>Tiene un montaje de accesorios frontales Bowens, lo que le permite usar modificadores Godox, as\u00ed como accesorios de los muchos fabricantes que usan este sistema.<\/p>\n<p>El cabezal tiene un soporte de soporte inclinable y funciona con una alimentaci\u00f3n de red de 100 a 120 VCA.<\/p>\n<p>Sistema X inal\u00e1mbrico de 2,4 GHz incorporado<br \/>\nUse el disparador inal\u00e1mbrico X1, as\u00ed como los controles remotos de potencia XT16, XPro y X2 para controlar de forma inal\u00e1mbrica la potencia del cabezal, la luz de modelado, el disparo y m\u00e1s. El sistema tiene 32 canales de radio y 16 grupos.<br \/>\nReciclaje r\u00e1pido y duraci\u00f3n del flash<br \/>\nEl cabezal presenta tiempos de reciclaje de 0.1 a 1.8 segundos y duraciones de flash de 1\/2000 a 1\/800 segundos.<br \/>\nAjuste de potencia preciso<br \/>\nLa potencia se puede ajustar de 1\/1 a 1\/32 en 50 pasos. El brillo de la luz de modelado de 150 W se puede ajustar del 5 al 100%.<br \/>\nInterfaz<br \/>\nLa pantalla LCD muestra configuraciones y funciones.<\/p>\n<p>Cabeza de flash<br \/>\nPoder maximo 300 Ws<br \/>\nN\u00famero de gu\u00eda 190 &#8216;\/ 58 ma ISO100<br \/>\nDuraci\u00f3n del flash 1\/2000 a 1\/800 seg<br \/>\nTiempo de reciclaje 0.1 a 1.8 segundos ()<br \/>\nTemperatura del color 5600K \u00b1 200K<br \/>\nIndicador de flash listo Audio visual<br \/>\nReflector Cambiable<br \/>\nTipo de accesorio accesorio Bowens S Type<\/p>\n<p>Luz de modelado<br \/>\nTipo Tungsteno<br \/>\nPotencia 150 W<br \/>\nModos de control Independiente<\/p>\n<p>Sincronizaci\u00f3n<br \/>\nTipo de sincronizaci\u00f3n Bot\u00f3n, Cable, \u00d3ptico, Radio<br \/>\nCanales \/ grupos inal\u00e1mbricos 32\/16<\/p>\n<p>Poder<br \/>\nVoltaje de entrada de CA 100 a 120 VCA, 60 Hz<br \/>\nProtecci\u00f3n del circuito Fusible<\/p>\n<p>General<br \/>\nMonitor LCD<br \/>\nMontar Recept\u00e1culo de 5\/8 &#8220;\/ 16 mm<br \/>\nVentilador refrigerado No<br \/>\nDimensiones H: 11.1 x W: 5.0 x L: 5.0 &#8220;\/ H: 28.3 x W: 12.6 x L: 12.7 cm, incluyendo la manija y la luz de modelado<br \/>\nPeso 5,73 lb \/ 2,6 kg<\/p>\n<p>*No incluye campana reflectora<\/p>\n","protected":false},"excerpt":{"rendered":"<p>Con un n\u00famero de gu\u00eda de 190&#8242;, el MS300 de Godox es una fuente de flash con luz diurna de 5600K que ofrece caracter\u00edsticas s\u00f3lidas de n\u00facleo y conveniencia a un precio econ\u00f3mico.<\/p>\n","protected":false},"featured_media":2524,"comment_status":"open","ping_status":"closed","template":"","meta":{"site-sidebar-layout":"default","site-content-layout":"default","ast-site-content-layout":"default","site-content-style":"default","site-sidebar-style":"default","ast-global-header-display":"","ast-banner-title-visibility":"","ast-main-header-display":"","ast-hfb-above-header-display":"","ast-hfb-below-header-display":"","ast-hfb-mobile-header-display":"","site-post-title":"","ast-breadcrumbs-content":"","ast-featured-img":"","footer-sml-layout":"","ast-disable-related-posts":"","theme-transparent-header-meta":"default","adv-header-id-meta":"","stick-header-meta":"","header-above-stick-meta":"","header-main-stick-meta":"","header-below-stick-meta":"","astra-migrate-meta-layouts":"default","ast-page-background-enabled":"default","ast-page-background-meta":{"desktop":{"background-color":"var(--ast-global-color-4)","background-image":"","background-repeat":"repeat","background-position":"center center","background-size":"auto","background-attachment":"scroll","background-type":"","background-media":"","overlay-type":"","overlay-color":"","overlay-opacity":"","overlay-gradient":""},"tablet":{"background-color":"","background-image":"","background-repeat":"repeat","background-position":"center center","background-size":"auto","background-attachment":"scroll","background-type":"","background-media":"","overlay-type":"","overlay-color":"","overlay-opacity":"","overlay-gradient":""},"mobile":{"background-color":"","background-image":"","background-repeat":"repeat","background-position":"center center","background-size":"auto","background-attachment":"scroll","background-type":"","background-media":"","overlay-type":"","overlay-color":"","overlay-opacity":"","overlay-gradient":""}},"ast-content-background-meta":{"desktop":{"background-color":"var(--ast-global-color-5)","background-image":"","background-repeat":"repeat","background-position":"center center","background-size":"auto","background-attachment":"scroll","background-type":"","background-media":"","overlay-type":"","overlay-color":"","overlay-opacity":"","overlay-gradient":""},"tablet":{"background-color":"var(--ast-global-color-5)","background-image":"","background-repeat":"repeat","background-position":"center center","background-size":"auto","background-attachment":"scroll","background-type":"","background-media":"","overlay-type":"","overlay-color":"","overlay-opacity":"","overlay-gradient":""},"mobile":{"background-color":"var(--ast-global-color-5)","background-image":"","background-repeat":"repeat","background-position":"center center","background-size":"auto","background-attachment":"scroll","background-type":"","background-media":"","overlay-type":"","overlay-color":"","overlay-opacity":"","overlay-gradient":""}},"_themeisle_gutenberg_block_has_review":false},"product_brand":[],"product_cat":[103,88],"product_tag":[252,213,257,217,258,255],"class_list":{"0":"post-2523","1":"product","2":"type-product","3":"status-publish","4":"has-post-thumbnail","6":"product_cat-flashes-de-estudio-y-speedlite","7":"product_cat-iluminacion","8":"product_tag-estudio","9":"product_tag-flash","10":"product_tag-flash-de-estudio","11":"product_tag-flash-generico","12":"product_tag-flash-profesional","13":"product_tag-flashes","14":"desktop-align-center","15":"tablet-align-left","16":"mobile-align-left","18":"first","19":"onbackorder","20":"purchasable","21":"product-type-simple"},"aioseo_notices":[],"jetpack_sharing_enabled":true,"_links":{"self":[{"href":"https:\/\/studio40shop.com.mx\/index.php?rest_route=\/wp\/v2\/product\/2523","targetHints":{"allow":["GET"]}}],"collection":[{"href":"https:\/\/studio40shop.com.mx\/index.php?rest_route=\/wp\/v2\/product"}],"about":[{"href":"https:\/\/studio40shop.com.mx\/index.php?rest_route=\/wp\/v2\/types\/product"}],"replies":[{"embeddable":true,"href":"https:\/\/studio40shop.com.mx\/index.php?rest_route=%2Fwp%2Fv2%2Fcomments&post=2523"}],"wp:featuredmedia":[{"embeddable":true,"href":"https:\/\/studio40shop.com.mx\/index.php?rest_route=\/wp\/v2\/media\/2524"}],"wp:attachment":[{"href":"https:\/\/studio40shop.com.mx\/index.php?rest_route=%2Fwp%2Fv2%2Fmedia&parent=2523"}],"wp:term":[{"taxonomy":"product_brand","embeddable":true,"href":"https:\/\/studio40shop.com.mx\/index.php?rest_route=%2Fwp%2Fv2%2Fproduct_brand&post=2523"},{"taxonomy":"product_cat","embeddable":true,"href":"https:\/\/studio40shop.com.mx\/index.php?rest_route=%2Fwp%2Fv2%2Fproduct_cat&post=2523"},{"taxonomy":"product_tag","embeddable":true,"href":"https:\/\/studio40shop.com.mx\/index.php?rest_route=%2Fwp%2Fv2%2Fproduct_tag&post=2523"}],"curies":[{"name":"wp","href":"https:\/\/api.w.org\/{rel}","templated":true}]}}