{"id":2531,"date":"2022-05-04T10:46:54","date_gmt":"2022-05-04T15:46:54","guid":{"rendered":"https:\/\/studio40shop.com.mx\/?post_type=product&#038;p=2531"},"modified":"2022-10-15T12:59:12","modified_gmt":"2022-10-15T17:59:12","slug":"kit-de-iluminacion-de-estudio-fotografico-ms300-f-godox","status":"publish","type":"product","link":"https:\/\/studio40shop.com.mx\/?product=kit-de-iluminacion-de-estudio-fotografico-ms300-f-godox","title":{"rendered":"Kit de Iluminaci\u00f3n de Estudio Fotogr\u00e1fico MS300-F Godox"},"content":{"rendered":"<p>Este Kit MS300-F de la marca Godox cuenta con 2 flashes MS300 de 300Ws, un disparador remoto XT-16 para usarlo a una distancia de hasta 100 mts, dos tripies para iluminaci\u00f3n y dos softboxes de 60 x 90cm, podr\u00e1s guardar todo tu equipo sin tener que preocuparte, gracias a sus divisiones dentro de la bolsa.<\/p>\n<p>Mayor iluminaci\u00f3n con los flashes MS300<br \/>\nCon el flash podr\u00e1s hacer ajustes por medio de los botones del panel trasero que se muestran en la pantalla LCD. Es un flash ideal ya que cuenta con una fuente de flash equilibrada de luz diurna de 5600 kelvin. Su cabezal cuenta con una montura de soporte inclinable que funciona con una alimentaci\u00f3n de 100 a 120 VAC. Su potencia variable va desde 1\/32 hasta la m\u00e1xima potencia para ajustarlo en 50 pasos, mientras que la luz de modelado de 150W se ajusta desde el 5 hasta el 100% para revisar los efectos de iluminaci\u00f3n. El MS300 tiene un sistema de radio de 32 canales incorporado compatible con el disparador XT16.<\/p>\n<p>Controla tu flash a distancia<br \/>\nIncluye un disparador remoto XT16 que cuenta con un sistema de radio confiable de 2.4 GHz con un alcance impresionante de 100 metros junto con una selecci\u00f3n de 16 canales. Puedes sincronizar la velocidad del flash hasta 1\/250 segundos y hay m\u00faltiples configuraciones de control de energ\u00eda para trabajar con flashes de estudio o flashes de alta velocidad. Podr\u00e1s controlar tu flash a distancia, por lo que resulta ideal para retratos, foto de producto, fotograf\u00eda de moda, efectos como humo, polvo y salpicaduras.<\/p>\n<p>Tripie para soporte de iluminaci\u00f3n<br \/>\nEste tripie de Godox cuenta con 2 secciones, tiene una altura m\u00e1xima de 1.95 metros, altura m\u00ednima de 1 metro, plegable para transportarse 74 cm, base de tripie abierto hasta 80 cm, circunferencia 6.9 cm y di\u00e1metro de 1.8 cm. Es ideal para estudios y puede sostener equipos de iluminaci\u00f3n como flashes, sombrillas y softbox.<\/p>\n<p>Softbox para una perfecta iluminaci\u00f3n<br \/>\nSus softbox de 60 x 90cm cuenta con 4 varillas con punta met\u00e1lica de f\u00e1cil montaje. La caja de luz difunde el flash estrobosc\u00f3pico que da una perfecta iluminaci\u00f3n uniforme para capturar mejores fotos. Gracias a su tama\u00f1o, es perfecto para la fotograf\u00eda de moda y retratos. Los tonos de piel cobran vida y se desvanecen las manchas. Es un softbox como un complemento perfecto para tu estudio.<\/p>\n<p>Bolsa para su f\u00e1cil transporte<br \/>\nCon la bolsa CB-05 de Godox podr\u00e1s almacenar, transportar y proteger tu equipo profesional, ya que tiene un compartimiento espacioso principal con varias divisiones para guardar todo lo que incluye el kit. Es una bolsa de gran tama\u00f1o con dimensiones de 78 x 25 x 25 cm, es de material resistente con construcci\u00f3n de nylon para su f\u00e1cil transporte. La bolsa cuenta con cierre de cremallera, asas dobles de conexi\u00f3n en la parte superior, una correa ajustable para el hombro y dos correas de compresi\u00f3n de cada lado de la bolsa para llevarla en la mano si as\u00ed lo deseas.<\/p>\n","protected":false},"excerpt":{"rendered":"<p>Con el kit de iluminaci\u00f3n MS300-F de la marca Godox podr\u00e1s obtener una mayor iluminaci\u00f3n para tus fotograf\u00edas o grabaci\u00f3n de v\u00eddeos ideal para el estudio o lugares exteriores. Es un kit de f\u00e1cil transporte y manejo, gracias a que cuenta con una bolsa con divisiones para su f\u00e1cil administraci\u00f3n de los productos que incluye.<\/p>\n<p>2 Flashes MS300 de 300Ws<br \/>\n1 Disparador remoto XT-16<br \/>\n2 Tripies<br \/>\n2 Softboxes de 60 x 90cm<\/p>\n","protected":false},"featured_media":2532,"comment_status":"open","ping_status":"closed","template":"","meta":{"site-sidebar-layout":"default","site-content-layout":"default","ast-site-content-layout":"default","site-content-style":"default","site-sidebar-style":"default","ast-global-header-display":"","ast-banner-title-visibility":"","ast-main-header-display":"","ast-hfb-above-header-display":"","ast-hfb-below-header-display":"","ast-hfb-mobile-header-display":"","site-post-title":"","ast-breadcrumbs-content":"","ast-featured-img":"","footer-sml-layout":"","ast-disable-related-posts":"","theme-transparent-header-meta":"default","adv-header-id-meta":"","stick-header-meta":"","header-above-stick-meta":"","header-main-stick-meta":"","header-below-stick-meta":"","astra-migrate-meta-layouts":"default","ast-page-background-enabled":"default","ast-page-background-meta":{"desktop":{"background-color":"var(--ast-global-color-4)","background-image":"","background-repeat":"repeat","background-position":"center center","background-size":"auto","background-attachment":"scroll","background-type":"","background-media":"","overlay-type":"","overlay-color":"","overlay-opacity":"","overlay-gradient":""},"tablet":{"background-color":"","background-image":"","background-repeat":"repeat","background-position":"center center","background-size":"auto","background-attachment":"scroll","background-type":"","background-media":"","overlay-type":"","overlay-color":"","overlay-opacity":"","overlay-gradient":""},"mobile":{"background-color":"","background-image":"","background-repeat":"repeat","background-position":"center center","background-size":"auto","background-attachment":"scroll","background-type":"","background-media":"","overlay-type":"","overlay-color":"","overlay-opacity":"","overlay-gradient":""}},"ast-content-background-meta":{"desktop":{"background-color":"var(--ast-global-color-5)","background-image":"","background-repeat":"repeat","background-position":"center center","background-size":"auto","background-attachment":"scroll","background-type":"","background-media":"","overlay-type":"","overlay-color":"","overlay-opacity":"","overlay-gradient":""},"tablet":{"background-color":"var(--ast-global-color-5)","background-image":"","background-repeat":"repeat","background-position":"center center","background-size":"auto","background-attachment":"scroll","background-type":"","background-media":"","overlay-type":"","overlay-color":"","overlay-opacity":"","overlay-gradient":""},"mobile":{"background-color":"var(--ast-global-color-5)","background-image":"","background-repeat":"repeat","background-position":"center center","background-size":"auto","background-attachment":"scroll","background-type":"","background-media":"","overlay-type":"","overlay-color":"","overlay-opacity":"","overlay-gradient":""}},"_themeisle_gutenberg_block_has_review":false},"product_brand":[],"product_cat":[103,88,104],"product_tag":[],"class_list":{"0":"post-2531","1":"product","2":"type-product","3":"status-publish","4":"has-post-thumbnail","6":"product_cat-flashes-de-estudio-y-speedlite","7":"product_cat-iluminacion","8":"product_cat-kits-de-iluminacion","9":"desktop-align-center","10":"tablet-align-left","11":"mobile-align-left","13":"first","14":"onbackorder","15":"purchasable","16":"product-type-simple"},"aioseo_notices":[],"jetpack_sharing_enabled":true,"_links":{"self":[{"href":"https:\/\/studio40shop.com.mx\/index.php?rest_route=\/wp\/v2\/product\/2531","targetHints":{"allow":["GET"]}}],"collection":[{"href":"https:\/\/studio40shop.com.mx\/index.php?rest_route=\/wp\/v2\/product"}],"about":[{"href":"https:\/\/studio40shop.com.mx\/index.php?rest_route=\/wp\/v2\/types\/product"}],"replies":[{"embeddable":true,"href":"https:\/\/studio40shop.com.mx\/index.php?rest_route=%2Fwp%2Fv2%2Fcomments&post=2531"}],"wp:featuredmedia":[{"embeddable":true,"href":"https:\/\/studio40shop.com.mx\/index.php?rest_route=\/wp\/v2\/media\/2532"}],"wp:attachment":[{"href":"https:\/\/studio40shop.com.mx\/index.php?rest_route=%2Fwp%2Fv2%2Fmedia&parent=2531"}],"wp:term":[{"taxonomy":"product_brand","embeddable":true,"href":"https:\/\/studio40shop.com.mx\/index.php?rest_route=%2Fwp%2Fv2%2Fproduct_brand&post=2531"},{"taxonomy":"product_cat","embeddable":true,"href":"https:\/\/studio40shop.com.mx\/index.php?rest_route=%2Fwp%2Fv2%2Fproduct_cat&post=2531"},{"taxonomy":"product_tag","embeddable":true,"href":"https:\/\/studio40shop.com.mx\/index.php?rest_route=%2Fwp%2Fv2%2Fproduct_tag&post=2531"}],"curies":[{"name":"wp","href":"https:\/\/api.w.org\/{rel}","templated":true}]}}