{"id":2538,"date":"2022-05-04T10:52:06","date_gmt":"2022-05-04T15:52:06","guid":{"rendered":"https:\/\/studio40shop.com.mx\/?post_type=product&#038;p=2538"},"modified":"2022-10-15T12:59:09","modified_gmt":"2022-10-15T17:59:09","slug":"kit-de-iluminacion-de-estudio-ms300-d-godox","status":"publish","type":"product","link":"https:\/\/studio40shop.com.mx\/?product=kit-de-iluminacion-de-estudio-ms300-d-godox","title":{"rendered":"Kit de Iluminaci\u00f3n de Estudio MS300-D Godox"},"content":{"rendered":"<p>Este Kit MS300-D de la marca Godox cuenta con 3 flashes MS300 de 300Ws, un disparador remoto XT-16 para usarlo a una distancia de hasta 100 mts, tres tripies para iluminaci\u00f3n, dos softbox de 60 x 90cm y una sombrilla plateado\/negro de 101cm, podr\u00e1s guardar todo tu equipo sin preocuparte, gracias a las divisiones de la maleta.<\/p>\n<p>Flashes MS300 para una mejor iluminaci\u00f3n<br \/>\nCon el flash podr\u00e1s hacer ajustes por medio de los botones del panel trasero que se muestran en la pantalla LCD. Es un flash ideal ya que cuenta con una fuente de flash equilibrada de luz diurna de 5600 kelvin. Su cabezal cuenta con una montura de soporte inclinable que funciona con una alimentaci\u00f3n de 100 a 120 VAC. Su potencia variable va desde 1\/32 hasta la m\u00e1xima potencia para ajustarlo en 50 pasos, mientras que la luz de modelado de 150W se ajusta desde el 5 hasta el 100% para revisar los efectos de iluminaci\u00f3n. El MS300 tiene un sistema de radio de 32 canales incorporado compatible con el disparador XT16.<\/p>\n<p>Controla a distancia<br \/>\nIncluye un disparador remoto XT16 que cuenta con un sistema de radio confiable de 2.4 GHz con un alcance impresionante de 100 metros junto con una selecci\u00f3n de 16 canales. Puedes sincronizar la velocidad del flash hasta 1\/250 segundos y hay m\u00faltiples configuraciones de control de energ\u00eda para trabajar con flashes de estudio o flashes de alta velocidad. Podr\u00e1s controlar tu flash a distancia, por lo que resulta ideal para retratos, foto de producto, fotograf\u00eda de moda, efectos como humo, polvo y salpicaduras.<\/p>\n<p>Mejor soporte con tripies<br \/>\nEste tripie de Godox cuenta con 2 secciones, tiene una altura m\u00e1xima de 1.95 metros, altura m\u00ednima de 1 metro, plegable para transportarse 74 cm, base de tripie abierto hasta 80 cm, circunferencia 6.9 cm y di\u00e1metro de 1.8 cm. Es ideal para estudios y puede sostener equipos de iluminaci\u00f3n como flashes, sombrillas y softbox.<\/p>\n<p>Perfecta iluminaci\u00f3n con softbox<br \/>\nSus softbox de 60 x 90cm cuenta con 4 varillas con punta met\u00e1lica de f\u00e1cil montaje. La caja de luz difunde el flash estrobosc\u00f3pico que da una perfecta iluminaci\u00f3n uniforme para capturar mejores fotos. Gracias a su tama\u00f1o, es perfecto para la fotograf\u00eda de moda y retratos. Los tonos de piel cobran vida y se desvanecen las manchas. Es un softbox como un complemento perfecto para tu estudio.<\/p>\n<p>Refleja una buena luz con sombrillas<br \/>\nLas sombrillas son buenas como luz de fondo o puedes colocar 2 si deseas tener m\u00e1s luz que efecto. La sombrilla se coloca abierta hacia el sujeto y el flash apunta hacia la sombrilla, para poder reflejar la luz y pueda cubrir de forma un poco difusa y amplia al sujeto. La sombrilla es de color plateado por dentro y negro por fuera, con un tama\u00f1o de 101 cm de di\u00e1metro, es un modificador de luz simple, adecuado para tomar retratos y fotograf\u00edas de productos.<\/p>\n<p>Transporta tu kit con su maleta<br \/>\nLa maleta tiene un dise\u00f1o demasiado similar al de las maletas de viaje, contando con ruedas de pat\u00edn en forma de l\u00ednea, un asa superior para poder rodar la maleta de forma m\u00e1s f\u00e1cil en superficies lisas y correas de cada lado de la bolsa para llevarla en la mano si as\u00ed lo deseas. Cuenta con un compartimiento espacioso principal, ideal para guardar todo lo que incluye este kit. Es una maleta de gran tama\u00f1o con dimensiones de 77.9 x 23.8 x 23.8 cm, es de material resistente para su f\u00e1cil transporte.<\/p>\n<p>&nbsp;<\/p>\n","protected":false},"excerpt":{"rendered":"<p>El Kit de Iluminaci\u00f3n MS300-D de Godox es perfecto para los fot\u00f3grafos que requieren de una mayor iluminaci\u00f3n a la hora de capturar fotograf\u00edas o grabar videos y necesitan de un equipo completo para su estudio o lugares al exterior. El kit incluye una maleta con divisiones para guardar todos los productos.<\/p>\n<p>3 Flashes MS300 de 300Ws<br \/>\n1 Disparador remoto XT-16<br \/>\n3 Tripies<br \/>\n2 Softbox de 60 x 90cm<br \/>\n1 Sombrilla plateado\/negro de 101cm<\/p>\n","protected":false},"featured_media":2539,"comment_status":"open","ping_status":"closed","template":"","meta":{"site-sidebar-layout":"default","site-content-layout":"default","ast-site-content-layout":"default","site-content-style":"default","site-sidebar-style":"default","ast-global-header-display":"","ast-banner-title-visibility":"","ast-main-header-display":"","ast-hfb-above-header-display":"","ast-hfb-below-header-display":"","ast-hfb-mobile-header-display":"","site-post-title":"","ast-breadcrumbs-content":"","ast-featured-img":"","footer-sml-layout":"","ast-disable-related-posts":"","theme-transparent-header-meta":"default","adv-header-id-meta":"","stick-header-meta":"","header-above-stick-meta":"","header-main-stick-meta":"","header-below-stick-meta":"","astra-migrate-meta-layouts":"default","ast-page-background-enabled":"default","ast-page-background-meta":{"desktop":{"background-color":"var(--ast-global-color-4)","background-image":"","background-repeat":"repeat","background-position":"center center","background-size":"auto","background-attachment":"scroll","background-type":"","background-media":"","overlay-type":"","overlay-color":"","overlay-opacity":"","overlay-gradient":""},"tablet":{"background-color":"","background-image":"","background-repeat":"repeat","background-position":"center center","background-size":"auto","background-attachment":"scroll","background-type":"","background-media":"","overlay-type":"","overlay-color":"","overlay-opacity":"","overlay-gradient":""},"mobile":{"background-color":"","background-image":"","background-repeat":"repeat","background-position":"center center","background-size":"auto","background-attachment":"scroll","background-type":"","background-media":"","overlay-type":"","overlay-color":"","overlay-opacity":"","overlay-gradient":""}},"ast-content-background-meta":{"desktop":{"background-color":"var(--ast-global-color-5)","background-image":"","background-repeat":"repeat","background-position":"center center","background-size":"auto","background-attachment":"scroll","background-type":"","background-media":"","overlay-type":"","overlay-color":"","overlay-opacity":"","overlay-gradient":""},"tablet":{"background-color":"var(--ast-global-color-5)","background-image":"","background-repeat":"repeat","background-position":"center center","background-size":"auto","background-attachment":"scroll","background-type":"","background-media":"","overlay-type":"","overlay-color":"","overlay-opacity":"","overlay-gradient":""},"mobile":{"background-color":"var(--ast-global-color-5)","background-image":"","background-repeat":"repeat","background-position":"center center","background-size":"auto","background-attachment":"scroll","background-type":"","background-media":"","overlay-type":"","overlay-color":"","overlay-opacity":"","overlay-gradient":""}},"_themeisle_gutenberg_block_has_review":false},"product_brand":[],"product_cat":[103,88,104],"product_tag":[213,253,254,256],"class_list":{"0":"post-2538","1":"product","2":"type-product","3":"status-publish","4":"has-post-thumbnail","6":"product_cat-flashes-de-estudio-y-speedlite","7":"product_cat-iluminacion","8":"product_cat-kits-de-iluminacion","9":"product_tag-flash","10":"product_tag-kit-flashes","11":"product_tag-kit-fotografia","12":"product_tag-kit-para-estudio","13":"desktop-align-center","14":"tablet-align-left","15":"mobile-align-left","17":"first","18":"onbackorder","19":"purchasable","20":"product-type-simple"},"aioseo_notices":[],"jetpack_sharing_enabled":true,"_links":{"self":[{"href":"https:\/\/studio40shop.com.mx\/index.php?rest_route=\/wp\/v2\/product\/2538","targetHints":{"allow":["GET"]}}],"collection":[{"href":"https:\/\/studio40shop.com.mx\/index.php?rest_route=\/wp\/v2\/product"}],"about":[{"href":"https:\/\/studio40shop.com.mx\/index.php?rest_route=\/wp\/v2\/types\/product"}],"replies":[{"embeddable":true,"href":"https:\/\/studio40shop.com.mx\/index.php?rest_route=%2Fwp%2Fv2%2Fcomments&post=2538"}],"wp:featuredmedia":[{"embeddable":true,"href":"https:\/\/studio40shop.com.mx\/index.php?rest_route=\/wp\/v2\/media\/2539"}],"wp:attachment":[{"href":"https:\/\/studio40shop.com.mx\/index.php?rest_route=%2Fwp%2Fv2%2Fmedia&parent=2538"}],"wp:term":[{"taxonomy":"product_brand","embeddable":true,"href":"https:\/\/studio40shop.com.mx\/index.php?rest_route=%2Fwp%2Fv2%2Fproduct_brand&post=2538"},{"taxonomy":"product_cat","embeddable":true,"href":"https:\/\/studio40shop.com.mx\/index.php?rest_route=%2Fwp%2Fv2%2Fproduct_cat&post=2538"},{"taxonomy":"product_tag","embeddable":true,"href":"https:\/\/studio40shop.com.mx\/index.php?rest_route=%2Fwp%2Fv2%2Fproduct_tag&post=2538"}],"curies":[{"name":"wp","href":"https:\/\/api.w.org\/{rel}","templated":true}]}}