{"id":2545,"date":"2022-05-04T11:01:46","date_gmt":"2022-05-04T16:01:46","guid":{"rendered":"https:\/\/studio40shop.com.mx\/?post_type=product&#038;p=2545"},"modified":"2022-10-15T12:59:06","modified_gmt":"2022-10-15T17:59:06","slug":"kit-de-iluminacion-de-estudio-400-watts-godox-sk400ii-e","status":"publish","type":"product","link":"https:\/\/studio40shop.com.mx\/?product=kit-de-iluminacion-de-estudio-400-watts-godox-sk400ii-e","title":{"rendered":"Kit de Iluminaci\u00f3n de Estudio 400 watts Godox SK400II-E"},"content":{"rendered":"<p>La luz de estudio SK400 de Godox es un flash estrobosc\u00f3pico de tama\u00f1o compacto con montura tipo Bowens. Cuenta con un sistema incorporado Godox 2.4G inal\u00e1mbrico X. Botones de f\u00e1cil manejo y pantalla Led. Posee un tiempo de reciclado de 0.1-1.0s y una duraci\u00f3n de destello de 1\/2000 a 1\/800s y una temperatura de color de 5600K. Es posible colocar accesorios como cajas de luz para obtener resultados de iluminaci\u00f3n m\u00e1s suaves. Puedes utilizarla con los disparadores X1 para controlarla a distancia.<\/p>\n<p>Potencia m\u00e1xima: 400Watts<br \/>\nN\u00famero gu\u00eda (m ISO 100): 65<br \/>\nTemperatura de color: 5600 \u00b1 200K<br \/>\nVoltaje de funcionamiento: AC100-120V \/ 60Hz<br \/>\nControl de salida de potencia: Apagado, 6.0-10.0 (1 \/ 16-1 \/ 1)<br \/>\nL\u00e1mpara de modelado: 150W<br \/>\nTiempo de reciclado: 0.1 ~ 1.0s<br \/>\nM\u00e9todo de activaci\u00f3n: Cable de sincronizaci\u00f3n, bot\u00f3n de prueba, activaci\u00f3n de esclavo, puerto de control inal\u00e1mbrico<br \/>\nDuraci\u00f3n Flash: 1 \/ 2000s a 1 \/ 800s<br \/>\nFusible: 5A<br \/>\nTama\u00f1o del art\u00edculo: 12.7cm x 23.2cm x 38cm<br \/>\nPeso del paquete: 3440g<\/p>\n<p>Contenido:<br \/>\nX2 Cabezas de Flash SK400 de 400 watts c\/u.<\/p>\n<p>X2 Tripies de Luz mod. 304.<\/p>\n<p>X1 XT16<\/p>\n<p>X1 Sofbox tipo Bowens de 60X90cm Godox.<\/p>\n<p>X1 Sombrilla blanco negro 101cm.<\/p>\n<p>X1 Sombrilla de color negro plata 101cm.<\/p>\n<p>X2 Cord\u00f3n de alimentaci\u00f3n de Energ\u00eda.<\/p>\n<p>X1 Campana reflectora.<\/p>\n<p>X1 Maleta c\/ruedas<\/p>\n<p>X1 Manual de Instrucciones.<\/p>\n","protected":false},"excerpt":{"rendered":"<p>Luz de estudio de 400 watts con transmisi\u00f3n inal\u00e1mbrica 2.4G incorporada. Ideal para fotograf\u00eda de producto, industrial, de estudio, luz de fondo y m\u00e1s.<\/p>\n","protected":false},"featured_media":2546,"comment_status":"open","ping_status":"closed","template":"","meta":{"site-sidebar-layout":"default","site-content-layout":"default","ast-site-content-layout":"default","site-content-style":"default","site-sidebar-style":"default","ast-global-header-display":"","ast-banner-title-visibility":"","ast-main-header-display":"","ast-hfb-above-header-display":"","ast-hfb-below-header-display":"","ast-hfb-mobile-header-display":"","site-post-title":"","ast-breadcrumbs-content":"","ast-featured-img":"","footer-sml-layout":"","ast-disable-related-posts":"","theme-transparent-header-meta":"default","adv-header-id-meta":"","stick-header-meta":"","header-above-stick-meta":"","header-main-stick-meta":"","header-below-stick-meta":"","astra-migrate-meta-layouts":"default","ast-page-background-enabled":"default","ast-page-background-meta":{"desktop":{"background-color":"var(--ast-global-color-4)","background-image":"","background-repeat":"repeat","background-position":"center center","background-size":"auto","background-attachment":"scroll","background-type":"","background-media":"","overlay-type":"","overlay-color":"","overlay-opacity":"","overlay-gradient":""},"tablet":{"background-color":"","background-image":"","background-repeat":"repeat","background-position":"center center","background-size":"auto","background-attachment":"scroll","background-type":"","background-media":"","overlay-type":"","overlay-color":"","overlay-opacity":"","overlay-gradient":""},"mobile":{"background-color":"","background-image":"","background-repeat":"repeat","background-position":"center center","background-size":"auto","background-attachment":"scroll","background-type":"","background-media":"","overlay-type":"","overlay-color":"","overlay-opacity":"","overlay-gradient":""}},"ast-content-background-meta":{"desktop":{"background-color":"var(--ast-global-color-5)","background-image":"","background-repeat":"repeat","background-position":"center center","background-size":"auto","background-attachment":"scroll","background-type":"","background-media":"","overlay-type":"","overlay-color":"","overlay-opacity":"","overlay-gradient":""},"tablet":{"background-color":"var(--ast-global-color-5)","background-image":"","background-repeat":"repeat","background-position":"center center","background-size":"auto","background-attachment":"scroll","background-type":"","background-media":"","overlay-type":"","overlay-color":"","overlay-opacity":"","overlay-gradient":""},"mobile":{"background-color":"var(--ast-global-color-5)","background-image":"","background-repeat":"repeat","background-position":"center center","background-size":"auto","background-attachment":"scroll","background-type":"","background-media":"","overlay-type":"","overlay-color":"","overlay-opacity":"","overlay-gradient":""}},"_themeisle_gutenberg_block_has_review":false},"product_brand":[],"product_cat":[103,88,104,105],"product_tag":[213,257,253,254,256],"class_list":{"0":"post-2545","1":"product","2":"type-product","3":"status-publish","4":"has-post-thumbnail","6":"product_cat-flashes-de-estudio-y-speedlite","7":"product_cat-iluminacion","8":"product_cat-kits-de-iluminacion","9":"product_cat-modificadores-de-luz","10":"product_tag-flash","11":"product_tag-flash-de-estudio","12":"product_tag-kit-flashes","13":"product_tag-kit-fotografia","14":"product_tag-kit-para-estudio","15":"desktop-align-center","16":"tablet-align-left","17":"mobile-align-left","19":"first","20":"onbackorder","21":"purchasable","22":"product-type-simple"},"aioseo_notices":[],"jetpack_sharing_enabled":true,"_links":{"self":[{"href":"https:\/\/studio40shop.com.mx\/index.php?rest_route=\/wp\/v2\/product\/2545","targetHints":{"allow":["GET"]}}],"collection":[{"href":"https:\/\/studio40shop.com.mx\/index.php?rest_route=\/wp\/v2\/product"}],"about":[{"href":"https:\/\/studio40shop.com.mx\/index.php?rest_route=\/wp\/v2\/types\/product"}],"replies":[{"embeddable":true,"href":"https:\/\/studio40shop.com.mx\/index.php?rest_route=%2Fwp%2Fv2%2Fcomments&post=2545"}],"wp:featuredmedia":[{"embeddable":true,"href":"https:\/\/studio40shop.com.mx\/index.php?rest_route=\/wp\/v2\/media\/2546"}],"wp:attachment":[{"href":"https:\/\/studio40shop.com.mx\/index.php?rest_route=%2Fwp%2Fv2%2Fmedia&parent=2545"}],"wp:term":[{"taxonomy":"product_brand","embeddable":true,"href":"https:\/\/studio40shop.com.mx\/index.php?rest_route=%2Fwp%2Fv2%2Fproduct_brand&post=2545"},{"taxonomy":"product_cat","embeddable":true,"href":"https:\/\/studio40shop.com.mx\/index.php?rest_route=%2Fwp%2Fv2%2Fproduct_cat&post=2545"},{"taxonomy":"product_tag","embeddable":true,"href":"https:\/\/studio40shop.com.mx\/index.php?rest_route=%2Fwp%2Fv2%2Fproduct_tag&post=2545"}],"curies":[{"name":"wp","href":"https:\/\/api.w.org\/{rel}","templated":true}]}}