{"id":2552,"date":"2022-05-04T11:06:23","date_gmt":"2022-05-04T16:06:23","guid":{"rendered":"https:\/\/studio40shop.com.mx\/?post_type=product&#038;p=2552"},"modified":"2022-10-15T12:59:05","modified_gmt":"2022-10-15T17:59:05","slug":"estacion-de-carga-portatil-lp-800x-para-estudio-godox","status":"publish","type":"product","link":"https:\/\/studio40shop.com.mx\/?product=estacion-de-carga-portatil-lp-800x-para-estudio-godox","title":{"rendered":"Estaci\u00f3n de Carga portatil LP-800X para estudio Godox"},"content":{"rendered":"<p>A pesar de la carga de embalaje carga suficiente para alimentar tres cabezas de flash 300w para 400 flashes a plena potencia cada uno, el LP-800X es s\u00f3lo del tama\u00f1o de una bater\u00eda de coche y al 6.35kg es una fracci\u00f3n del peso.<\/p>\n<p>Puedes cargar cualquier electr\u00f3nico con USB.<\/p>\n<p>Caracter\u00edsticas<\/p>\n<p>Modos de trabajo duales: modo de flash y el modo sin flash.<br \/>\nUnidad de la bater\u00eda es reemplazable por el usuario y separable de la unidad de control.<br \/>\n3 tomas de corriente.<br \/>\n3 tomas USB.<br \/>\nSe puede conectar a una bater\u00eda de almacenamiento externo para suministrar energ\u00eda durante m\u00e1s tiempo.<br \/>\nSalida de onda sinusoidal pura.<br \/>\nLa tensi\u00f3n de salida de 230V \/ 50Hz.<br \/>\nFuente de alimentaci\u00f3n continuo de hasta 750W.<br \/>\nConstruido en ventilador de refrigeraci\u00f3n autoajustable.<br \/>\nProtecci\u00f3n autom\u00e1tica contra sobrecarga, cortocircuito, sobrecalentamiento.<br \/>\n3 horas para la carga de carga del 80%<br \/>\nModelo: LP-800x<br \/>\nSalida continua: 750 W (a 800 w, puede funcionar durante s\u00f3lo 3 minutos de forma continua.<br \/>\nPotencia m\u00e1xima &lt;:1400 W<br \/>\nRango de tensi\u00f3n de entrada: 11-15.5 V<br \/>\nVoltaje\/frecuencia AC 230 v\/50 Hz<br \/>\nForma de onda de salida De onda sinusoidal pura.<br \/>\nAlta distorsi\u00f3n arm\u00f3nica: &lt;3%<br \/>\nSin carga Consumo de corriente Modo normal: a modo de flash: 0.9A<br \/>\nEficiencia de conversi\u00f3n: 91%<br \/>\nAlarma de baja tensi\u00f3n: S\u00ed<br \/>\nApagado de baja tensi\u00f3n: S\u00ed<br \/>\nTemperatura de almacenamiento: -30 \u00b0 C a 70 \u00b0 C<br \/>\nRango de temperatura de funcionamiento: -10 \u00b0 C a 45 \u00b0 C<br \/>\nTipo de bater\u00eda: LiFePO4<br \/>\nCapacidad nominal de la bater\u00eda: 12AH (12.8 v)<br \/>\nTiempo de carga Aprox. 3 horas (utilizar el cargador 5A incluido)<br \/>\nFusible 3 * 30A<br \/>\nDimensi\u00f3n 267x206x292mm<br \/>\nPeso Aprox. 6.78 kg<\/p>\n","protected":false},"excerpt":{"rendered":"<p>Con esta unidad LP-800X no necesitar\u00e1s tener tus luces GODOX todo el tiempo conectadas a la corriente.<\/p>\n<p>Es un inversor de energ\u00eda port\u00e1til; optimizado para alimentar simult\u00e1neamente hasta tres cabezas de flash, pero tambi\u00e9n es adecuado para la alimentaci\u00f3n de otros aparatos 240v, tales como iluminaci\u00f3n continua, port\u00e1tiles y ventiladores.<\/p>\n","protected":false},"featured_media":2553,"comment_status":"open","ping_status":"closed","template":"","meta":{"site-sidebar-layout":"default","site-content-layout":"default","ast-site-content-layout":"default","site-content-style":"default","site-sidebar-style":"default","ast-global-header-display":"","ast-banner-title-visibility":"","ast-main-header-display":"","ast-hfb-above-header-display":"","ast-hfb-below-header-display":"","ast-hfb-mobile-header-display":"","site-post-title":"","ast-breadcrumbs-content":"","ast-featured-img":"","footer-sml-layout":"","ast-disable-related-posts":"","theme-transparent-header-meta":"default","adv-header-id-meta":"","stick-header-meta":"","header-above-stick-meta":"","header-main-stick-meta":"","header-below-stick-meta":"","astra-migrate-meta-layouts":"default","ast-page-background-enabled":"default","ast-page-background-meta":{"desktop":{"background-color":"var(--ast-global-color-4)","background-image":"","background-repeat":"repeat","background-position":"center center","background-size":"auto","background-attachment":"scroll","background-type":"","background-media":"","overlay-type":"","overlay-color":"","overlay-opacity":"","overlay-gradient":""},"tablet":{"background-color":"","background-image":"","background-repeat":"repeat","background-position":"center center","background-size":"auto","background-attachment":"scroll","background-type":"","background-media":"","overlay-type":"","overlay-color":"","overlay-opacity":"","overlay-gradient":""},"mobile":{"background-color":"","background-image":"","background-repeat":"repeat","background-position":"center center","background-size":"auto","background-attachment":"scroll","background-type":"","background-media":"","overlay-type":"","overlay-color":"","overlay-opacity":"","overlay-gradient":""}},"ast-content-background-meta":{"desktop":{"background-color":"var(--ast-global-color-5)","background-image":"","background-repeat":"repeat","background-position":"center center","background-size":"auto","background-attachment":"scroll","background-type":"","background-media":"","overlay-type":"","overlay-color":"","overlay-opacity":"","overlay-gradient":""},"tablet":{"background-color":"var(--ast-global-color-5)","background-image":"","background-repeat":"repeat","background-position":"center center","background-size":"auto","background-attachment":"scroll","background-type":"","background-media":"","overlay-type":"","overlay-color":"","overlay-opacity":"","overlay-gradient":""},"mobile":{"background-color":"var(--ast-global-color-5)","background-image":"","background-repeat":"repeat","background-position":"center center","background-size":"auto","background-attachment":"scroll","background-type":"","background-media":"","overlay-type":"","overlay-color":"","overlay-opacity":"","overlay-gradient":""}},"_themeisle_gutenberg_block_has_review":false},"product_brand":[],"product_cat":[111,86,115,109],"product_tag":[124,252,257,260,259],"class_list":{"0":"post-2552","1":"product","2":"type-product","3":"status-publish","4":"has-post-thumbnail","6":"product_cat-accesorios","7":"product_cat-baterias-y-power-bank","8":"product_cat-gadgets","9":"product_cat-luz-continua","10":"product_tag-bateria","11":"product_tag-estudio","12":"product_tag-flash-de-estudio","13":"product_tag-nobreak","14":"product_tag-power-bank","15":"desktop-align-center","16":"tablet-align-left","17":"mobile-align-left","19":"first","20":"onbackorder","21":"purchasable","22":"product-type-simple"},"aioseo_notices":[],"jetpack_sharing_enabled":true,"_links":{"self":[{"href":"https:\/\/studio40shop.com.mx\/index.php?rest_route=\/wp\/v2\/product\/2552","targetHints":{"allow":["GET"]}}],"collection":[{"href":"https:\/\/studio40shop.com.mx\/index.php?rest_route=\/wp\/v2\/product"}],"about":[{"href":"https:\/\/studio40shop.com.mx\/index.php?rest_route=\/wp\/v2\/types\/product"}],"replies":[{"embeddable":true,"href":"https:\/\/studio40shop.com.mx\/index.php?rest_route=%2Fwp%2Fv2%2Fcomments&post=2552"}],"wp:featuredmedia":[{"embeddable":true,"href":"https:\/\/studio40shop.com.mx\/index.php?rest_route=\/wp\/v2\/media\/2553"}],"wp:attachment":[{"href":"https:\/\/studio40shop.com.mx\/index.php?rest_route=%2Fwp%2Fv2%2Fmedia&parent=2552"}],"wp:term":[{"taxonomy":"product_brand","embeddable":true,"href":"https:\/\/studio40shop.com.mx\/index.php?rest_route=%2Fwp%2Fv2%2Fproduct_brand&post=2552"},{"taxonomy":"product_cat","embeddable":true,"href":"https:\/\/studio40shop.com.mx\/index.php?rest_route=%2Fwp%2Fv2%2Fproduct_cat&post=2552"},{"taxonomy":"product_tag","embeddable":true,"href":"https:\/\/studio40shop.com.mx\/index.php?rest_route=%2Fwp%2Fv2%2Fproduct_tag&post=2552"}],"curies":[{"name":"wp","href":"https:\/\/api.w.org\/{rel}","templated":true}]}}