{"id":2557,"date":"2022-05-04T11:12:17","date_gmt":"2022-05-04T16:12:17","guid":{"rendered":"https:\/\/studio40shop.com.mx\/?post_type=product&#038;p=2557"},"modified":"2022-10-15T12:59:02","modified_gmt":"2022-10-15T17:59:02","slug":"flash-de-bolsillo-ad100-pro-ttl-hss-100ws-godox","status":"publish","type":"product","link":"https:\/\/studio40shop.com.mx\/?product=flash-de-bolsillo-ad100-pro-ttl-hss-100ws-godox","title":{"rendered":"Flash de bolsillo AD100 Pro TTL HSS 100Ws Godox"},"content":{"rendered":"<p>El AD100 Pro de Godox es ideal para fot\u00f3grafos de locaci\u00f3n, ya que gracias a su dise\u00f1o compacto es f\u00e1cil de transportar. Su peso es de \u00fanicamente 524 gramos. Este flash de 100 watts de potencia cuenta con el mismo sistema inal\u00e1mbrico Godox 2.4G de la familia AD y funciona con las principales marcas de c\u00e1maras al utilizarlos con los disparadores X1, X2 o XPRO.<\/p>\n<p>Al instalarse con un soporte S2 (no incluido), permite trabajar con todos los modificadores de luz con entrada Bowens. Adem\u00e1s, el AD100 Pro, ofrece dos roscas de \u00bc\u201c en su base para un soporte firme. La potente bater\u00eda de 2600 mAh proporciona hasta 360 disparos por carga a m\u00e1xima potencia 1\/1, haci\u00e9ndolo un \u201cmust have\u201d en foto de locaci\u00f3n. El tiempo de reciclaje entre disparos es de entre 0.01 y 1.5 segundos cuando se dispara a m\u00e1xima potencia.<\/p>\n<p>Este flash ofrece la posibilidad de sincronizaci\u00f3n en alta velocidad HSS, receptor radio interno compatible multimarca, funci\u00f3n TTL autom\u00e1tica, y luz de modelado. Adem\u00e1s, gracias es posible colocar los modificadores de luz magn\u00e9ticos AK-R1, los cuales se venden por separado.<\/p>\n<p>En conjunto a su disparo y sincronizaci\u00f3n en HSS de hasta 1\/8000 de segundo el flash Godox AD100Pro puede disparar en 1\u00aa y 2\u00aa cortinilla. Adem\u00e1s del modo TTL y Manual, tambi\u00e9n cuenta con el modo Multi para realizar multi destellos de forma estrobosc\u00f3pica hasta 90 veces a 99Hz. Tambi\u00e9n dispone de receptor esclavo \u00f3ptico en modo S1 y S2. Podr\u00e1s controlar en 9 niveles desde 1\/1 hasta 1\/256. El AD100 Pro cuenta con una pantalla LCD central y botones de control en los laterales.<\/p>\n<p>Modo TTL, Manual y Multi<br \/>\nLampara de modelado: 1.8W con 10 niveles de brillo<br \/>\n5 grupos<br \/>\nRango de transmisi\u00f3n: hasta 100m<br \/>\n32 canales<br \/>\nBater\u00eda de litio 7.2V, 2600mAh<br \/>\nHasta 360 disparos a m\u00e1xima potencia<br \/>\nTiempo de reciclaje: 0.01 a 1.5 s<br \/>\nModo de sincronizaci\u00f3n de disparo: cable syn 3.5mm, portal Wireless<br \/>\nTemperatura de color: 5800 200k<br \/>\nDimensiones: 12&#215;7.6&#215;7.6 cm<br \/>\nPeso: 524 gramos<\/p>\n<p>&nbsp;<\/p>\n","protected":false},"excerpt":{"rendered":"<p>El flash de bolsillo AD100 Pro se suma a la familia AD de Godox, conservando todas las ventajas del sistema de radios Godox. Su dise\u00f1o cil\u00edndrico y peso de solo 524 gramos con bater\u00eda incluida, lo hacen perfecto para el trasladarlo a todas partes. Cuenta con la posibilidad de sincronizaci\u00f3n en alta velocidad HSS, receptor radio interno compatible multimarca, funci\u00f3n TTL autom\u00e1tica, y luz de modelado.<\/p>\n","protected":false},"featured_media":2558,"comment_status":"open","ping_status":"closed","template":"","meta":{"site-sidebar-layout":"default","site-content-layout":"default","ast-site-content-layout":"default","site-content-style":"default","site-sidebar-style":"default","ast-global-header-display":"","ast-banner-title-visibility":"","ast-main-header-display":"","ast-hfb-above-header-display":"","ast-hfb-below-header-display":"","ast-hfb-mobile-header-display":"","site-post-title":"","ast-breadcrumbs-content":"","ast-featured-img":"","footer-sml-layout":"","ast-disable-related-posts":"","theme-transparent-header-meta":"default","adv-header-id-meta":"","stick-header-meta":"","header-above-stick-meta":"","header-main-stick-meta":"","header-below-stick-meta":"","astra-migrate-meta-layouts":"default","ast-page-background-enabled":"default","ast-page-background-meta":{"desktop":{"background-color":"var(--ast-global-color-4)","background-image":"","background-repeat":"repeat","background-position":"center center","background-size":"auto","background-attachment":"scroll","background-type":"","background-media":"","overlay-type":"","overlay-color":"","overlay-opacity":"","overlay-gradient":""},"tablet":{"background-color":"","background-image":"","background-repeat":"repeat","background-position":"center center","background-size":"auto","background-attachment":"scroll","background-type":"","background-media":"","overlay-type":"","overlay-color":"","overlay-opacity":"","overlay-gradient":""},"mobile":{"background-color":"","background-image":"","background-repeat":"repeat","background-position":"center center","background-size":"auto","background-attachment":"scroll","background-type":"","background-media":"","overlay-type":"","overlay-color":"","overlay-opacity":"","overlay-gradient":""}},"ast-content-background-meta":{"desktop":{"background-color":"var(--ast-global-color-5)","background-image":"","background-repeat":"repeat","background-position":"center center","background-size":"auto","background-attachment":"scroll","background-type":"","background-media":"","overlay-type":"","overlay-color":"","overlay-opacity":"","overlay-gradient":""},"tablet":{"background-color":"var(--ast-global-color-5)","background-image":"","background-repeat":"repeat","background-position":"center center","background-size":"auto","background-attachment":"scroll","background-type":"","background-media":"","overlay-type":"","overlay-color":"","overlay-opacity":"","overlay-gradient":""},"mobile":{"background-color":"var(--ast-global-color-5)","background-image":"","background-repeat":"repeat","background-position":"center center","background-size":"auto","background-attachment":"scroll","background-type":"","background-media":"","overlay-type":"","overlay-color":"","overlay-opacity":"","overlay-gradient":""}},"_themeisle_gutenberg_block_has_review":false},"product_brand":[],"product_cat":[103,88],"product_tag":[263,213,257,261,215,262],"class_list":{"0":"post-2557","1":"product","2":"type-product","3":"status-publish","4":"has-post-thumbnail","6":"product_cat-flashes-de-estudio-y-speedlite","7":"product_cat-iluminacion","8":"product_tag-ad100","9":"product_tag-flash","10":"product_tag-flash-de-estudio","11":"product_tag-flash-de-mano","12":"product_tag-flash-godox","13":"product_tag-godox-ad","14":"desktop-align-center","15":"tablet-align-left","16":"mobile-align-left","18":"first","19":"onbackorder","20":"purchasable","21":"product-type-simple"},"aioseo_notices":[],"jetpack_sharing_enabled":true,"_links":{"self":[{"href":"https:\/\/studio40shop.com.mx\/index.php?rest_route=\/wp\/v2\/product\/2557","targetHints":{"allow":["GET"]}}],"collection":[{"href":"https:\/\/studio40shop.com.mx\/index.php?rest_route=\/wp\/v2\/product"}],"about":[{"href":"https:\/\/studio40shop.com.mx\/index.php?rest_route=\/wp\/v2\/types\/product"}],"replies":[{"embeddable":true,"href":"https:\/\/studio40shop.com.mx\/index.php?rest_route=%2Fwp%2Fv2%2Fcomments&post=2557"}],"wp:featuredmedia":[{"embeddable":true,"href":"https:\/\/studio40shop.com.mx\/index.php?rest_route=\/wp\/v2\/media\/2558"}],"wp:attachment":[{"href":"https:\/\/studio40shop.com.mx\/index.php?rest_route=%2Fwp%2Fv2%2Fmedia&parent=2557"}],"wp:term":[{"taxonomy":"product_brand","embeddable":true,"href":"https:\/\/studio40shop.com.mx\/index.php?rest_route=%2Fwp%2Fv2%2Fproduct_brand&post=2557"},{"taxonomy":"product_cat","embeddable":true,"href":"https:\/\/studio40shop.com.mx\/index.php?rest_route=%2Fwp%2Fv2%2Fproduct_cat&post=2557"},{"taxonomy":"product_tag","embeddable":true,"href":"https:\/\/studio40shop.com.mx\/index.php?rest_route=%2Fwp%2Fv2%2Fproduct_tag&post=2557"}],"curies":[{"name":"wp","href":"https:\/\/api.w.org\/{rel}","templated":true}]}}