{"id":2569,"date":"2022-05-04T11:24:13","date_gmt":"2022-05-04T16:24:13","guid":{"rendered":"https:\/\/studio40shop.com.mx\/?post_type=product&#038;p=2569"},"modified":"2022-10-15T12:58:59","modified_gmt":"2022-10-15T17:58:59","slug":"kit-de-iluminacion-portatil-de-2-flash-ad100pro-godox","status":"publish","type":"product","link":"https:\/\/studio40shop.com.mx\/?product=kit-de-iluminacion-portatil-de-2-flash-ad100pro-godox","title":{"rendered":"Kit de Iluminaci\u00f3n Port\u00e1til de 2 Flash AD100PRO Godox"},"content":{"rendered":"<table>\n<tbody>\n<tr>\n<td width=\"419\">El Kit de Iluminaci\u00f3n de 2 Flash AD100PRO de Godox es ideal para fot\u00f3grafos de locaci\u00f3n, ya que gracias a su dise\u00f1o compacto es f\u00e1cil de montar, de guardar y de transportar de un lugar a otro.<\/p>\n<p>&nbsp;<\/p>\n<p>Su flash de 100 watts de potencia cuenta con el mismo sistema inal\u00e1mbrico Godox 2.4G de la familia AD y funciona con las principales marcas de c\u00e1maras al utilizarlos con los disparadores X1, X2 o XPRO.<\/p>\n<p>&nbsp;<\/p>\n<p>Al instalarse con un soporte S2 (incluido), permite trabajar con todos los modificadores de luz con entrada Bowens. Adem\u00e1s, el AD100 Pro, ofrece dos roscas de \u00bc\u201c en su base para un soporte firme. La potente bater\u00eda de 2600 mAh proporciona hasta 360 disparos por carga a m\u00e1xima potencia 1\/1, haci\u00e9ndolo un \u201cmust have\u201d en foto de locaci\u00f3n. El tiempo de reciclaje entre disparos es de entre 0.01 y 1.5 segundos cuando se dispara a m\u00e1xima potencia.<\/p>\n<p>&nbsp;<\/p>\n<p>Este flash ofrece la posibilidad de sincronizaci\u00f3n en alta velocidad HSS, receptor radio interno compatible multimarca, funci\u00f3n TTL autom\u00e1tica, y luz de modelado. Adem\u00e1s, es posible colocar los modificadores de luz magn\u00e9ticos AK-R1 (incluido).<\/p>\n<p>&nbsp;<\/p>\n<p>En conjunto a su disparo y sincronizaci\u00f3n en HSS de hasta 1\/8000 de segundo el flash Godox AD100Pro puede disparar en 1\u00aa y 2\u00aa cortinilla. Adem\u00e1s del modo TTL y Manual, tambi\u00e9n cuenta con el modo Multi para realizar multi destellos de forma estrobosc\u00f3pica hasta 90 veces a 99Hz. Tambi\u00e9n dispone de receptor esclavo \u00f3ptico en modo S1 y S2. Podr\u00e1s controlar en 9 niveles desde 1\/1 hasta 1\/256. El AD100 Pro cuenta con una pantalla LCD central y botones de control en los laterales.<\/p>\n<p>&nbsp;<\/p>\n<p>Modo TTL, Manual y Multi<\/p>\n<p>L\u00e1mpara de modelado: 1.8W con 10 niveles de brillo<\/p>\n<p>5 grupos<\/p>\n<p>Rango de transmisi\u00f3n: hasta 100m<\/p>\n<p>32 canales<\/p>\n<p>Bater\u00eda de litio 7.2V, 2600mAh<\/p>\n<p>Hasta 360 disparos a m\u00e1xima potencia<\/p>\n<p>Tiempo de reciclaje: 0.01 a 1.5 s<\/p>\n<p>Modo de sincronizaci\u00f3n de disparo: cable syn 3.5mm, portal Wireless<\/p>\n<p>Temperatura de color: 5800 200k<\/td>\n<\/tr>\n<\/tbody>\n<\/table>\n","protected":false},"excerpt":{"rendered":"<p>El Kit de Iluminaci\u00f3n de 2 Flash AD100PRO de Godox es ideal para aquellos fot\u00f3grafos que buscan tener una iluminaci\u00f3n mayor en lugares externos en donde requieren de m\u00e1s luz. Este kit incluye una mochila CB20 para guardar todo el equipo con el que cuenta, como sus dos flash AD100PRO, dos cargadores con cables, dos bater\u00edas, dos soportes para tripie, un soporte para flash S2, dos sombrillas (transparente y plateado) y un kit de accesorios AK-R1.<\/p>\n","protected":false},"featured_media":2570,"comment_status":"open","ping_status":"closed","template":"","meta":{"site-sidebar-layout":"default","site-content-layout":"default","ast-site-content-layout":"default","site-content-style":"default","site-sidebar-style":"default","ast-global-header-display":"","ast-banner-title-visibility":"","ast-main-header-display":"","ast-hfb-above-header-display":"","ast-hfb-below-header-display":"","ast-hfb-mobile-header-display":"","site-post-title":"","ast-breadcrumbs-content":"","ast-featured-img":"","footer-sml-layout":"","ast-disable-related-posts":"","theme-transparent-header-meta":"default","adv-header-id-meta":"","stick-header-meta":"","header-above-stick-meta":"","header-main-stick-meta":"","header-below-stick-meta":"","astra-migrate-meta-layouts":"default","ast-page-background-enabled":"default","ast-page-background-meta":{"desktop":{"background-color":"var(--ast-global-color-4)","background-image":"","background-repeat":"repeat","background-position":"center center","background-size":"auto","background-attachment":"scroll","background-type":"","background-media":"","overlay-type":"","overlay-color":"","overlay-opacity":"","overlay-gradient":""},"tablet":{"background-color":"","background-image":"","background-repeat":"repeat","background-position":"center center","background-size":"auto","background-attachment":"scroll","background-type":"","background-media":"","overlay-type":"","overlay-color":"","overlay-opacity":"","overlay-gradient":""},"mobile":{"background-color":"","background-image":"","background-repeat":"repeat","background-position":"center center","background-size":"auto","background-attachment":"scroll","background-type":"","background-media":"","overlay-type":"","overlay-color":"","overlay-opacity":"","overlay-gradient":""}},"ast-content-background-meta":{"desktop":{"background-color":"var(--ast-global-color-5)","background-image":"","background-repeat":"repeat","background-position":"center center","background-size":"auto","background-attachment":"scroll","background-type":"","background-media":"","overlay-type":"","overlay-color":"","overlay-opacity":"","overlay-gradient":""},"tablet":{"background-color":"var(--ast-global-color-5)","background-image":"","background-repeat":"repeat","background-position":"center center","background-size":"auto","background-attachment":"scroll","background-type":"","background-media":"","overlay-type":"","overlay-color":"","overlay-opacity":"","overlay-gradient":""},"mobile":{"background-color":"var(--ast-global-color-5)","background-image":"","background-repeat":"repeat","background-position":"center center","background-size":"auto","background-attachment":"scroll","background-type":"","background-media":"","overlay-type":"","overlay-color":"","overlay-opacity":"","overlay-gradient":""}},"_themeisle_gutenberg_block_has_review":false},"product_brand":[],"product_cat":[103,88,104],"product_tag":[213,257,217,215,258,225,264],"class_list":{"0":"post-2569","1":"product","2":"type-product","3":"status-publish","4":"has-post-thumbnail","6":"product_cat-flashes-de-estudio-y-speedlite","7":"product_cat-iluminacion","8":"product_cat-kits-de-iluminacion","9":"product_tag-flash","10":"product_tag-flash-de-estudio","11":"product_tag-flash-generico","12":"product_tag-flash-godox","13":"product_tag-flash-profesional","14":"product_tag-godox","15":"product_tag-kit-de-iluminacion-godox","16":"desktop-align-center","17":"tablet-align-left","18":"mobile-align-left","20":"first","21":"onbackorder","22":"purchasable","23":"product-type-simple"},"aioseo_notices":[],"jetpack_sharing_enabled":true,"_links":{"self":[{"href":"https:\/\/studio40shop.com.mx\/index.php?rest_route=\/wp\/v2\/product\/2569","targetHints":{"allow":["GET"]}}],"collection":[{"href":"https:\/\/studio40shop.com.mx\/index.php?rest_route=\/wp\/v2\/product"}],"about":[{"href":"https:\/\/studio40shop.com.mx\/index.php?rest_route=\/wp\/v2\/types\/product"}],"replies":[{"embeddable":true,"href":"https:\/\/studio40shop.com.mx\/index.php?rest_route=%2Fwp%2Fv2%2Fcomments&post=2569"}],"wp:featuredmedia":[{"embeddable":true,"href":"https:\/\/studio40shop.com.mx\/index.php?rest_route=\/wp\/v2\/media\/2570"}],"wp:attachment":[{"href":"https:\/\/studio40shop.com.mx\/index.php?rest_route=%2Fwp%2Fv2%2Fmedia&parent=2569"}],"wp:term":[{"taxonomy":"product_brand","embeddable":true,"href":"https:\/\/studio40shop.com.mx\/index.php?rest_route=%2Fwp%2Fv2%2Fproduct_brand&post=2569"},{"taxonomy":"product_cat","embeddable":true,"href":"https:\/\/studio40shop.com.mx\/index.php?rest_route=%2Fwp%2Fv2%2Fproduct_cat&post=2569"},{"taxonomy":"product_tag","embeddable":true,"href":"https:\/\/studio40shop.com.mx\/index.php?rest_route=%2Fwp%2Fv2%2Fproduct_tag&post=2569"}],"curies":[{"name":"wp","href":"https:\/\/api.w.org\/{rel}","templated":true}]}}