{"id":2610,"date":"2022-05-04T12:31:09","date_gmt":"2022-05-04T17:31:09","guid":{"rendered":"https:\/\/studio40shop.com.mx\/?post_type=product&#038;p=2610"},"modified":"2022-10-15T12:58:48","modified_gmt":"2022-10-15T17:58:48","slug":"flash-de-estudio-witstro-ad600-pro-godox","status":"publish","type":"product","link":"https:\/\/studio40shop.com.mx\/?product=flash-de-estudio-witstro-ad600-pro-godox","title":{"rendered":"Flash de estudio Witstro AD600 PRO Godox"},"content":{"rendered":"<p>El AD600 Pro cuenta con el sistema inal\u00e1mbrico X de 2.4 GHz con un alcance de hasta 100 metros. Es una herramienta de iluminaci\u00f3n muy vers\u00e1til, compatible con varios sistemas TTL de Canon, Nikon, Sony, Fujifilm, Olympus y Panasonic.<\/p>\n<p>Ofrece 600 watts con nueve niveles de potencia de salida, los cuales van desde 1\/1 a 1\/256 para adaptarse a tus necesidades de iluminaci\u00f3n.<\/p>\n<p>Equipado con bater\u00edas de iones de litio de 28.8V \/ 2600mAh, proporcionando hasta 360 disparos a m\u00e1xima potencia. Esto lo hace ideal para trabajar en exterior.<\/p>\n<p>Ofrece un modo de sincronizaci\u00f3n a alta velocidad que funciona en velocidades de obturaci\u00f3n de hasta 1\/8000 segundos, con duraci\u00f3n del flash de 1\/220 a 1\/10,100 segundos.<\/p>\n<p>Una caracter\u00edstica \u00fanica de este flash es la temperatura de color estable, que controla estrictamente el color para mantener los cambios de temperatura dentro de \u00b1 75K en todo el rango de potencia.<\/p>\n<p>Adem\u00e1s, el AD600 Pro es el primer flash que logra tiempos de reciclaje menores a un segundo, van de 0.01 &#8211; 0.9 segundos. Es capaz de 12 flashazos continuos con una potencia de salida de 1\/16.<\/p>\n<p>El foco de modelado de este flash es de 38W.<\/p>\n<p>N\u00famero de gu\u00eda de 87 en ISO 100<br \/>\nCinco grupos esclavos controlables y 32 canales<br \/>\nPuede funcionar como un esclavo \u00f3ptico con modos S1 y S2<br \/>\nTemperatura de color de 5600K (\u00b1 200K)<br \/>\nRanura del cable de sincronizaci\u00f3n de 3,5 mm para conexi\u00f3n directa<br \/>\nPuerto de control inal\u00e1mbrico<br \/>\nPuerto USB tipo C para actualizaciones de firmware<br \/>\nMontura met\u00e1lica tipo Bowens<br \/>\nPanel LCD indicativo<br \/>\nFunci\u00f3n esclavo por radio: Encendido \/ Apagado<br \/>\nGrupos controlables: 5 (A,B,C,D,E)<br \/>\nAlcance de la transmisi\u00f3n radio de hasta 100 metros de distancia<br \/>\nCanales: 32 (1- 32)<\/p>\n<p>La caja de este producto contiene:<br \/>\n1 Flash Godox AD600 Pro<br \/>\n1 Bombilla para flash<br \/>\n1 Bateria recargable Li-Ion<br \/>\n1 Capuch\u00f3n de protecci\u00f3n<br \/>\n1 reflector extraible montura Bowens<br \/>\n1 Cargador para bateria con cable de conexi\u00f3n<\/p>\n<p>&nbsp;<\/p>\n","protected":false},"excerpt":{"rendered":"<p>El flash AD600 Pro es un flash todo en uno, ideal para exteriores. Es compatible con la mayor\u00eda de los sistemas TTL. Cuenta con 600 watts de potencia y una duraci\u00f3n de 1\/220 a 1\/10,100 seg. Hasta 1\/8000 seg de sincronizaci\u00f3n a alta velocidad.<\/p>\n","protected":false},"featured_media":2611,"comment_status":"open","ping_status":"closed","template":"","meta":{"site-sidebar-layout":"default","site-content-layout":"default","ast-site-content-layout":"default","site-content-style":"default","site-sidebar-style":"default","ast-global-header-display":"","ast-banner-title-visibility":"","ast-main-header-display":"","ast-hfb-above-header-display":"","ast-hfb-below-header-display":"","ast-hfb-mobile-header-display":"","site-post-title":"","ast-breadcrumbs-content":"","ast-featured-img":"","footer-sml-layout":"","ast-disable-related-posts":"","theme-transparent-header-meta":"default","adv-header-id-meta":"","stick-header-meta":"","header-above-stick-meta":"","header-main-stick-meta":"","header-below-stick-meta":"","astra-migrate-meta-layouts":"default","ast-page-background-enabled":"default","ast-page-background-meta":{"desktop":{"background-color":"var(--ast-global-color-4)","background-image":"","background-repeat":"repeat","background-position":"center center","background-size":"auto","background-attachment":"scroll","background-type":"","background-media":"","overlay-type":"","overlay-color":"","overlay-opacity":"","overlay-gradient":""},"tablet":{"background-color":"","background-image":"","background-repeat":"repeat","background-position":"center center","background-size":"auto","background-attachment":"scroll","background-type":"","background-media":"","overlay-type":"","overlay-color":"","overlay-opacity":"","overlay-gradient":""},"mobile":{"background-color":"","background-image":"","background-repeat":"repeat","background-position":"center center","background-size":"auto","background-attachment":"scroll","background-type":"","background-media":"","overlay-type":"","overlay-color":"","overlay-opacity":"","overlay-gradient":""}},"ast-content-background-meta":{"desktop":{"background-color":"var(--ast-global-color-5)","background-image":"","background-repeat":"repeat","background-position":"center center","background-size":"auto","background-attachment":"scroll","background-type":"","background-media":"","overlay-type":"","overlay-color":"","overlay-opacity":"","overlay-gradient":""},"tablet":{"background-color":"var(--ast-global-color-5)","background-image":"","background-repeat":"repeat","background-position":"center center","background-size":"auto","background-attachment":"scroll","background-type":"","background-media":"","overlay-type":"","overlay-color":"","overlay-opacity":"","overlay-gradient":""},"mobile":{"background-color":"var(--ast-global-color-5)","background-image":"","background-repeat":"repeat","background-position":"center center","background-size":"auto","background-attachment":"scroll","background-type":"","background-media":"","overlay-type":"","overlay-color":"","overlay-opacity":"","overlay-gradient":""}},"_themeisle_gutenberg_block_has_review":false},"product_brand":[],"product_cat":[103,88],"product_tag":[213,257,261,217,215,258,255,225],"class_list":{"0":"post-2610","1":"product","2":"type-product","3":"status-publish","4":"has-post-thumbnail","6":"product_cat-flashes-de-estudio-y-speedlite","7":"product_cat-iluminacion","8":"product_tag-flash","9":"product_tag-flash-de-estudio","10":"product_tag-flash-de-mano","11":"product_tag-flash-generico","12":"product_tag-flash-godox","13":"product_tag-flash-profesional","14":"product_tag-flashes","15":"product_tag-godox","16":"desktop-align-center","17":"tablet-align-left","18":"mobile-align-left","20":"first","21":"onbackorder","22":"purchasable","23":"product-type-simple"},"aioseo_notices":[],"jetpack_sharing_enabled":true,"_links":{"self":[{"href":"https:\/\/studio40shop.com.mx\/index.php?rest_route=\/wp\/v2\/product\/2610","targetHints":{"allow":["GET"]}}],"collection":[{"href":"https:\/\/studio40shop.com.mx\/index.php?rest_route=\/wp\/v2\/product"}],"about":[{"href":"https:\/\/studio40shop.com.mx\/index.php?rest_route=\/wp\/v2\/types\/product"}],"replies":[{"embeddable":true,"href":"https:\/\/studio40shop.com.mx\/index.php?rest_route=%2Fwp%2Fv2%2Fcomments&post=2610"}],"wp:featuredmedia":[{"embeddable":true,"href":"https:\/\/studio40shop.com.mx\/index.php?rest_route=\/wp\/v2\/media\/2611"}],"wp:attachment":[{"href":"https:\/\/studio40shop.com.mx\/index.php?rest_route=%2Fwp%2Fv2%2Fmedia&parent=2610"}],"wp:term":[{"taxonomy":"product_brand","embeddable":true,"href":"https:\/\/studio40shop.com.mx\/index.php?rest_route=%2Fwp%2Fv2%2Fproduct_brand&post=2610"},{"taxonomy":"product_cat","embeddable":true,"href":"https:\/\/studio40shop.com.mx\/index.php?rest_route=%2Fwp%2Fv2%2Fproduct_cat&post=2610"},{"taxonomy":"product_tag","embeddable":true,"href":"https:\/\/studio40shop.com.mx\/index.php?rest_route=%2Fwp%2Fv2%2Fproduct_tag&post=2610"}],"curies":[{"name":"wp","href":"https:\/\/api.w.org\/{rel}","templated":true}]}}