{"id":2617,"date":"2022-05-04T12:34:35","date_gmt":"2022-05-04T17:34:35","guid":{"rendered":"https:\/\/studio40shop.com.mx\/?post_type=product&#038;p=2617"},"modified":"2022-10-15T12:58:46","modified_gmt":"2022-10-15T17:58:46","slug":"flash-witstro-ad1200-pro-godox","status":"publish","type":"product","link":"https:\/\/studio40shop.com.mx\/?product=flash-witstro-ad1200-pro-godox","title":{"rendered":"Flash witstro AD1200 Pro Godox"},"content":{"rendered":"<p>Ofrece hasta nueve pasos de potencia de salida, que van desde 1\/1 a 1\/256, y viene con un potente paquete de bater\u00edas de iones de litio de 36V \/ 5200mAh que proporciona hasta 500 flashes de potencia completa que lo hacen adecuado para exteriores o ubicaciones disparo. Alternativamente, puede ejecutar el monolight con alimentaci\u00f3n de CA con un adaptador opcional.<\/p>\n<p>El AD1200Pro se recicla a plena potencia en solo dos segundos y presenta un modo de sincronizaci\u00f3n de alta velocidad que funciona con velocidades de obturaci\u00f3n de hasta 1\/8000 segundos con duraciones de flash que detienen la acci\u00f3n de 1\/220 a 1 \/ 10,860 segundos.<\/p>\n<p>Otra configuraci\u00f3n \u00fanica es su modo de temperatura de color estable, que controla estrictamente el color para mantener los cambios de temperatura dentro de \u00b1 75K en todo el rango de potencia. Adem\u00e1s de estas impresionantes especificaciones, en modo estrobosc\u00f3pico es capaz de 100 estallidos continuos a 1\/16 de potencia de salida.<\/p>\n<p>Finalmente, una l\u00e1mpara de modelado LED de 40 W con tres modos seleccionables consume una potencia insignificante y ayuda a previsualizar su imagen capturada.<\/p>\n<p>Caracteristicas:<br \/>\nSistema inal\u00e1mbrico de 2.4 GHz con un alcance de 328 &#8216;\/ 100m, con cinco grupos de esclavos controlables y 32 canales<br \/>\nN\u00famero de gu\u00eda de 407 &#8216;en ISO 100<br \/>\nPuede funcionar como esclavo \u00f3ptico con los modos S1 y S2<br \/>\nTemperatura de color de 5600K (\u00b1 200K)<br \/>\nRanura para cable de sincronizaci\u00f3n de 3.5 mm para conexi\u00f3n directa, puerto de control inal\u00e1mbrico y puerto USB tipo C para actualizaciones de firmware<br \/>\nModos de sincronizaci\u00f3n de primera y segunda cortina<br \/>\nPantalla LCD de matriz de puntos para control a bordo<br \/>\nSoporte reflector tipo Bowens para usar con accesorios compatibles<br \/>\nLa bater\u00eda mide 10.2 x 9.3 x 5.7 &#8220;\/ 26 x 23.5 x 14.5cm<\/p>\n<p>&nbsp;<\/p>\n","protected":false},"excerpt":{"rendered":"<p>Con control inal\u00e1mbrico a trav\u00e9s del sistema X inal\u00e1mbrico de 2,4 GHz con un rango de hasta 328 &#8216;y 1200 W de potencia, el kit de flash con bater\u00eda AD1200Pro de Godox es una impresionante herramienta de iluminaci\u00f3n compatible con varios sistemas TTL, incluidos Canon, Nikon, Sony, Fujifilm, Olympus y Panasonic.<\/p>\n","protected":false},"featured_media":2618,"comment_status":"open","ping_status":"closed","template":"","meta":{"site-sidebar-layout":"default","site-content-layout":"default","ast-site-content-layout":"default","site-content-style":"default","site-sidebar-style":"default","ast-global-header-display":"","ast-banner-title-visibility":"","ast-main-header-display":"","ast-hfb-above-header-display":"","ast-hfb-below-header-display":"","ast-hfb-mobile-header-display":"","site-post-title":"","ast-breadcrumbs-content":"","ast-featured-img":"","footer-sml-layout":"","ast-disable-related-posts":"","theme-transparent-header-meta":"default","adv-header-id-meta":"","stick-header-meta":"","header-above-stick-meta":"","header-main-stick-meta":"","header-below-stick-meta":"","astra-migrate-meta-layouts":"default","ast-page-background-enabled":"default","ast-page-background-meta":{"desktop":{"background-color":"var(--ast-global-color-4)","background-image":"","background-repeat":"repeat","background-position":"center center","background-size":"auto","background-attachment":"scroll","background-type":"","background-media":"","overlay-type":"","overlay-color":"","overlay-opacity":"","overlay-gradient":""},"tablet":{"background-color":"","background-image":"","background-repeat":"repeat","background-position":"center center","background-size":"auto","background-attachment":"scroll","background-type":"","background-media":"","overlay-type":"","overlay-color":"","overlay-opacity":"","overlay-gradient":""},"mobile":{"background-color":"","background-image":"","background-repeat":"repeat","background-position":"center center","background-size":"auto","background-attachment":"scroll","background-type":"","background-media":"","overlay-type":"","overlay-color":"","overlay-opacity":"","overlay-gradient":""}},"ast-content-background-meta":{"desktop":{"background-color":"var(--ast-global-color-5)","background-image":"","background-repeat":"repeat","background-position":"center center","background-size":"auto","background-attachment":"scroll","background-type":"","background-media":"","overlay-type":"","overlay-color":"","overlay-opacity":"","overlay-gradient":""},"tablet":{"background-color":"var(--ast-global-color-5)","background-image":"","background-repeat":"repeat","background-position":"center center","background-size":"auto","background-attachment":"scroll","background-type":"","background-media":"","overlay-type":"","overlay-color":"","overlay-opacity":"","overlay-gradient":""},"mobile":{"background-color":"var(--ast-global-color-5)","background-image":"","background-repeat":"repeat","background-position":"center center","background-size":"auto","background-attachment":"scroll","background-type":"","background-media":"","overlay-type":"","overlay-color":"","overlay-opacity":"","overlay-gradient":""}},"_themeisle_gutenberg_block_has_review":false},"product_brand":[],"product_cat":[103,88],"product_tag":[270,213,257,261,215,258,255],"class_list":{"0":"post-2617","1":"product","2":"type-product","3":"status-publish","4":"has-post-thumbnail","6":"product_cat-flashes-de-estudio-y-speedlite","7":"product_cat-iluminacion","8":"product_tag-ad1200","9":"product_tag-flash","10":"product_tag-flash-de-estudio","11":"product_tag-flash-de-mano","12":"product_tag-flash-godox","13":"product_tag-flash-profesional","14":"product_tag-flashes","15":"desktop-align-center","16":"tablet-align-left","17":"mobile-align-left","19":"first","20":"onbackorder","21":"purchasable","22":"product-type-simple"},"aioseo_notices":[],"jetpack_sharing_enabled":true,"_links":{"self":[{"href":"https:\/\/studio40shop.com.mx\/index.php?rest_route=\/wp\/v2\/product\/2617","targetHints":{"allow":["GET"]}}],"collection":[{"href":"https:\/\/studio40shop.com.mx\/index.php?rest_route=\/wp\/v2\/product"}],"about":[{"href":"https:\/\/studio40shop.com.mx\/index.php?rest_route=\/wp\/v2\/types\/product"}],"replies":[{"embeddable":true,"href":"https:\/\/studio40shop.com.mx\/index.php?rest_route=%2Fwp%2Fv2%2Fcomments&post=2617"}],"wp:featuredmedia":[{"embeddable":true,"href":"https:\/\/studio40shop.com.mx\/index.php?rest_route=\/wp\/v2\/media\/2618"}],"wp:attachment":[{"href":"https:\/\/studio40shop.com.mx\/index.php?rest_route=%2Fwp%2Fv2%2Fmedia&parent=2617"}],"wp:term":[{"taxonomy":"product_brand","embeddable":true,"href":"https:\/\/studio40shop.com.mx\/index.php?rest_route=%2Fwp%2Fv2%2Fproduct_brand&post=2617"},{"taxonomy":"product_cat","embeddable":true,"href":"https:\/\/studio40shop.com.mx\/index.php?rest_route=%2Fwp%2Fv2%2Fproduct_cat&post=2617"},{"taxonomy":"product_tag","embeddable":true,"href":"https:\/\/studio40shop.com.mx\/index.php?rest_route=%2Fwp%2Fv2%2Fproduct_tag&post=2617"}],"curies":[{"name":"wp","href":"https:\/\/api.w.org\/{rel}","templated":true}]}}