{"id":2622,"date":"2022-05-04T12:37:38","date_gmt":"2022-05-04T17:37:38","guid":{"rendered":"https:\/\/studio40shop.com.mx\/?post_type=product&#038;p=2622"},"modified":"2022-10-15T12:57:10","modified_gmt":"2022-10-15T17:57:10","slug":"flash-godox-ad600bm-hss","status":"publish","type":"product","link":"https:\/\/studio40shop.com.mx\/?product=flash-godox-ad600bm-hss","title":{"rendered":"Flash Godox AD600BM HSS"},"content":{"rendered":"<p>AD600 WITSTRO Manual All-in-One<\/p>\n<p>El flash aut\u00f3nomo con bateria de larga duraci\u00f3n Godox AD600BM tiene montura met\u00e1lica Bowens. Con 600 Ws y n\u00famero guia de 87 a ISO 100 con reflector estandar.<\/p>\n<p>Funciona en modo Manual y modo Multi (estrobosc\u00f3pico). Puede sincronizar en HSS alta velocidad hasta 1\/8000 de segundo usando el disparador indicado Godox X1T C Canon , X1T N Nikon, y X1T-S Sony asi como con los disparadores manuales Godox XT32. Tambi\u00e9n puede ser controlado por radio por el transmisor FT16 y XT16 en combinaci\u00f3n con el receptor FTR16 y XTR16 (Usb) y controlarlo a distancia de forma manual.<\/p>\n<p>Dispone de un receptor interno que puede trabajar con el modo Manual y Multi y controlarse a distancia hasta 80 metros en la frecuencia 2,4Ghz.<\/p>\n<p>Con un peso de 2790 gramos (bateria incluida) es ligero y compacto. Cuenta con protecci\u00f3n contra sobrecalentamiento y ventilador interno. La carcasa es met\u00e1lica con montura de metal tipo Bowens S. Admite todo tipo de modificadores Bowens S como ventanas, softbox, beauty dish, snoots, etc.<\/p>\n<p>En un lateral dispone de una pantalla grande LCD retroiluminada en verde con digitos grandes y faciles de visualizar. Dispone de funci\u00f3n de auto guardado. Un bot\u00f3n dedicado &#8220;H&#8221; permite seleccionar el modo de sincronizaci\u00f3n normal o en alta velocidad. En modo Manual permite visualizar en el LCD la duraci\u00f3n del destello en t0.1 hasta una velocidad de destello m\u00e1xima de 1\/10000 de segundo a 1\/256 y ajustarse a lo que se necesite.<\/p>\n<p>Es un flash muy versatil para utilizarse en localizaci\u00f3n y exteriores.<\/p>\n<p>Puede trabajar con flash esclavo con opciones OFF, S1 y S2 cuando detecta el destello de otro flash.<\/p>\n<p>En modo radio wireless de 2,4Ghz dispone de 5 grupos: A \/ B \/ C \/D \/ E con hasta 32 canales seleccionables.<\/p>\n<p>La bateria recargable de Li-Ion tiene una carga 8700mAh y se monta facilmente en la parte trasera del flash dandole una mayor estabilidad tanto como si se sostiene por el mango o bien colocado sobre un pie de estudio. La bateria consigue que el flash Godox AD600BM recicle en un tiempo de 0.01 hasta los 2.5 segundos y permitiendo disparar hasta 500 disparos seg\u00fan indicaci\u00f3n del fabricante. En la parte superior la bateria dispone un bot\u00f3n que apretandolo indica la carga remanente.<\/p>\n<p>El Godox AD600B puede disparse tambi\u00e9n utilizando los disparadores Godox FT16, XT16 y XT32 (entrada dedicada USB), por celula esclava (S1 y S2) o mediante cable sincro con entrada jack 3,5mm en la parte superior del flash. Una entrada para USB permite la actualizaci\u00f3n del firmware.<\/p>\n<p>Tiene una luz LED COB de modelado de 10W de bajo consumo que puede ser ajustada en 3 pasos presionando el bot\u00f3n dedicado.<\/p>\n<p>Mango de sujeci\u00f3n retraible para sustentarlo con la mano o bien colocarlo sobre la espiga de un pie estudio. El mango tiene una entrada con bloqueo para paraguas.<\/p>\n<p>Caracter\u00edsticas del Godox AD600BM manual:<br \/>\nMarca: Godox<br \/>\nModelo: AD600BM Manual<br \/>\nN\u00famero Guia: 87 a ISO 100 con reflector estandar<br \/>\nMontura tipo Bowens S met\u00e1lica<br \/>\nReceptor interno de 2,4 Ghz con alcance de hasta 80 metros.<br \/>\nVentilador silencioso interno con encendido y auto seleccionable.<br \/>\nLuz LED COB de modelado de 10 W<br \/>\nConstrucci\u00f3n de la carcasa met\u00e1lica.<br \/>\nModos flash: Manual (Desde 1\/1 a 1\/256) y Multi<br \/>\nModos flash por radio wireless: Manual y Multi. (Con el disparador a XT16 y receptor o bien con el emisor XT32. Ambos solo control manual, no incluidos)<br \/>\nModos esclavo optico: OFF, S1 y S2 seleccionable desde el Menu de opciones.<br \/>\nBateria recargable de Li-Ion de 11.1V y 8700 mAh con hasta 500 disparos por carga<br \/>\nCanales: Con se\u00f1al de radio: 32<br \/>\nGrupos: Con se\u00f1al de radio: A \/ B \/ C \/D \/ E<br \/>\nReciclado: 0.01 a 2.5 segundos<br \/>\nTemperatura de color: 5600 +\/- 200K<br \/>\nDuraci\u00f3n del flash: 1\/220 a 1\/10000 segundo.<br \/>\nEl AD600BM tiene funciones personalizables dentro del Menu<br \/>\nAuto guardado en la memoria<br \/>\nPuerto USB para actualizaci\u00f3n de firmware asi como para conectar los receptores de los triggers manuales Godox FT16 \/ XT16.(este ultimo con posiibilidad de sincronizaci\u00f3n hasta 1\/8000 con c\u00e1maras Canon, Nikon y Sony)<br \/>\nEntrada de jack de 3.5mm para dispararlo remotamente o por cable.<br \/>\nDimensiones: 280 x 245 x125 mm (Con tubo de flash colocado)<br \/>\nDimensiones de la bombilla: Di\u00e1metro: 56mm x 74 mm alto<br \/>\nDimensiones del mango de sujeci\u00f3n plegable con entrada para espiga: 123 mm<br \/>\nPeso con bateria: 2780 gramos<br \/>\nIncluye:<\/p>\n<p>1x Flash Godox AD600BM<br \/>\n1x Bombilla para flash<br \/>\n1x Bateria recargable Li-Ion<br \/>\n1x Capuch\u00f3n de protecci\u00f3n<br \/>\n1x Cargador para bateria a red<br \/>\n1x Instrucciones de uso en Chino \/ Ingles<\/p>\n<p>&nbsp;<\/p>\n","protected":false},"excerpt":{"rendered":"<p>Flash aut\u00f3nomo manual AD600BM de Godox. Dispone de sistema wireless radio con modo Manual y Multi. Con sincronizaci\u00f3n en Alta Velocidad de hasta 1\/8000 requiere el trigger X1T (no incluido) para Canon, Nikon y Sony. Puede dispararse en modo manual con los trigger FT16,XT16, XT32. Tiene un t0.1: 10000. Tiene montura met\u00e1lica Bowens para poder colocarle cualquier modificador de la marca.<\/p>\n","protected":false},"featured_media":2623,"comment_status":"open","ping_status":"closed","template":"","meta":{"site-sidebar-layout":"default","site-content-layout":"default","ast-site-content-layout":"default","site-content-style":"default","site-sidebar-style":"default","ast-global-header-display":"","ast-banner-title-visibility":"","ast-main-header-display":"","ast-hfb-above-header-display":"","ast-hfb-below-header-display":"","ast-hfb-mobile-header-display":"","site-post-title":"","ast-breadcrumbs-content":"","ast-featured-img":"","footer-sml-layout":"","ast-disable-related-posts":"","theme-transparent-header-meta":"default","adv-header-id-meta":"","stick-header-meta":"","header-above-stick-meta":"","header-main-stick-meta":"","header-below-stick-meta":"","astra-migrate-meta-layouts":"default","ast-page-background-enabled":"default","ast-page-background-meta":{"desktop":{"background-color":"var(--ast-global-color-4)","background-image":"","background-repeat":"repeat","background-position":"center center","background-size":"auto","background-attachment":"scroll","background-type":"","background-media":"","overlay-type":"","overlay-color":"","overlay-opacity":"","overlay-gradient":""},"tablet":{"background-color":"","background-image":"","background-repeat":"repeat","background-position":"center center","background-size":"auto","background-attachment":"scroll","background-type":"","background-media":"","overlay-type":"","overlay-color":"","overlay-opacity":"","overlay-gradient":""},"mobile":{"background-color":"","background-image":"","background-repeat":"repeat","background-position":"center center","background-size":"auto","background-attachment":"scroll","background-type":"","background-media":"","overlay-type":"","overlay-color":"","overlay-opacity":"","overlay-gradient":""}},"ast-content-background-meta":{"desktop":{"background-color":"var(--ast-global-color-5)","background-image":"","background-repeat":"repeat","background-position":"center center","background-size":"auto","background-attachment":"scroll","background-type":"","background-media":"","overlay-type":"","overlay-color":"","overlay-opacity":"","overlay-gradient":""},"tablet":{"background-color":"var(--ast-global-color-5)","background-image":"","background-repeat":"repeat","background-position":"center center","background-size":"auto","background-attachment":"scroll","background-type":"","background-media":"","overlay-type":"","overlay-color":"","overlay-opacity":"","overlay-gradient":""},"mobile":{"background-color":"var(--ast-global-color-5)","background-image":"","background-repeat":"repeat","background-position":"center center","background-size":"auto","background-attachment":"scroll","background-type":"","background-media":"","overlay-type":"","overlay-color":"","overlay-opacity":"","overlay-gradient":""}},"_themeisle_gutenberg_block_has_review":false},"product_brand":[],"product_cat":[103,88,109],"product_tag":[271,213,257,261,217,215,258,255],"class_list":{"0":"post-2622","1":"product","2":"type-product","3":"status-publish","4":"has-post-thumbnail","6":"product_cat-flashes-de-estudio-y-speedlite","7":"product_cat-iluminacion","8":"product_cat-luz-continua","9":"product_tag-ad600bm","10":"product_tag-flash","11":"product_tag-flash-de-estudio","12":"product_tag-flash-de-mano","13":"product_tag-flash-generico","14":"product_tag-flash-godox","15":"product_tag-flash-profesional","16":"product_tag-flashes","17":"desktop-align-center","18":"tablet-align-left","19":"mobile-align-left","21":"first","22":"onbackorder","23":"taxable","24":"shipping-taxable","25":"purchasable","26":"product-type-simple"},"aioseo_notices":[],"jetpack_sharing_enabled":true,"_links":{"self":[{"href":"https:\/\/studio40shop.com.mx\/index.php?rest_route=\/wp\/v2\/product\/2622","targetHints":{"allow":["GET"]}}],"collection":[{"href":"https:\/\/studio40shop.com.mx\/index.php?rest_route=\/wp\/v2\/product"}],"about":[{"href":"https:\/\/studio40shop.com.mx\/index.php?rest_route=\/wp\/v2\/types\/product"}],"replies":[{"embeddable":true,"href":"https:\/\/studio40shop.com.mx\/index.php?rest_route=%2Fwp%2Fv2%2Fcomments&post=2622"}],"wp:featuredmedia":[{"embeddable":true,"href":"https:\/\/studio40shop.com.mx\/index.php?rest_route=\/wp\/v2\/media\/2623"}],"wp:attachment":[{"href":"https:\/\/studio40shop.com.mx\/index.php?rest_route=%2Fwp%2Fv2%2Fmedia&parent=2622"}],"wp:term":[{"taxonomy":"product_brand","embeddable":true,"href":"https:\/\/studio40shop.com.mx\/index.php?rest_route=%2Fwp%2Fv2%2Fproduct_brand&post=2622"},{"taxonomy":"product_cat","embeddable":true,"href":"https:\/\/studio40shop.com.mx\/index.php?rest_route=%2Fwp%2Fv2%2Fproduct_cat&post=2622"},{"taxonomy":"product_tag","embeddable":true,"href":"https:\/\/studio40shop.com.mx\/index.php?rest_route=%2Fwp%2Fv2%2Fproduct_tag&post=2622"}],"curies":[{"name":"wp","href":"https:\/\/api.w.org\/{rel}","templated":true}]}}