{"id":2630,"date":"2022-05-04T12:53:04","date_gmt":"2022-05-04T17:53:04","guid":{"rendered":"https:\/\/studio40shop.com.mx\/?post_type=product&#038;p=2630"},"modified":"2022-10-15T12:57:06","modified_gmt":"2022-10-15T17:57:06","slug":"flash-externo-para-ad600b-godox","status":"publish","type":"product","link":"https:\/\/studio40shop.com.mx\/?product=flash-externo-para-ad600b-godox","title":{"rendered":"Flash externo para AD600B Godox"},"content":{"rendered":"<p>Tiene un movimiento de 180\u00b0 para que lo puedas colocar en el \u00e1ngulo que necesites<\/p>\n<p>Evitaras cargar el flash ya sea que lo pongas en un tripie o lo agarres con la mano y lo muevas a tu gusto.<\/p>\n<p>Le puedes colocar el protector de foco que trae el flash AD600B \/ AD600BM.<\/p>\n<p>Tiene Montaje Bowens<\/p>\n<p>Cable de corriente de 9.8 pies<\/p>\n<p>Ideal para trabajar al aire libre<\/p>\n<p>Soporta otros accesorios de la serie AD600 de montaje Bowens<\/p>\n<p>*Para quitar el foco del flash hay que jalarlo y evitar hacerlo de un lado hacia otro porque eso puede provocar problemas en el flash<\/p>\n<p>**No incluye accesorios<\/p>\n<p>&nbsp;<\/p>\n","protected":false},"excerpt":{"rendered":"<p>Con el cabezal externo AD-600B podr\u00e1s tener una extensi\u00f3n de tu flash sin tanto peso no necesita bater\u00eda, quitas el foco del flash AD600B o AD600BM conectas el cabezal y lo disparas desde tu c\u00e1mara o desde el flash, tambi\u00e9n lo puedes poner en un tripie.<\/p>\n<p>&nbsp;<\/p>\n","protected":false},"featured_media":2631,"comment_status":"open","ping_status":"closed","template":"","meta":{"site-sidebar-layout":"default","site-content-layout":"default","ast-site-content-layout":"default","site-content-style":"default","site-sidebar-style":"default","ast-global-header-display":"","ast-banner-title-visibility":"","ast-main-header-display":"","ast-hfb-above-header-display":"","ast-hfb-below-header-display":"","ast-hfb-mobile-header-display":"","site-post-title":"","ast-breadcrumbs-content":"","ast-featured-img":"","footer-sml-layout":"","ast-disable-related-posts":"","theme-transparent-header-meta":"default","adv-header-id-meta":"","stick-header-meta":"","header-above-stick-meta":"","header-main-stick-meta":"","header-below-stick-meta":"","astra-migrate-meta-layouts":"default","ast-page-background-enabled":"default","ast-page-background-meta":{"desktop":{"background-color":"var(--ast-global-color-4)","background-image":"","background-repeat":"repeat","background-position":"center center","background-size":"auto","background-attachment":"scroll","background-type":"","background-media":"","overlay-type":"","overlay-color":"","overlay-opacity":"","overlay-gradient":""},"tablet":{"background-color":"","background-image":"","background-repeat":"repeat","background-position":"center center","background-size":"auto","background-attachment":"scroll","background-type":"","background-media":"","overlay-type":"","overlay-color":"","overlay-opacity":"","overlay-gradient":""},"mobile":{"background-color":"","background-image":"","background-repeat":"repeat","background-position":"center center","background-size":"auto","background-attachment":"scroll","background-type":"","background-media":"","overlay-type":"","overlay-color":"","overlay-opacity":"","overlay-gradient":""}},"ast-content-background-meta":{"desktop":{"background-color":"var(--ast-global-color-5)","background-image":"","background-repeat":"repeat","background-position":"center center","background-size":"auto","background-attachment":"scroll","background-type":"","background-media":"","overlay-type":"","overlay-color":"","overlay-opacity":"","overlay-gradient":""},"tablet":{"background-color":"var(--ast-global-color-5)","background-image":"","background-repeat":"repeat","background-position":"center center","background-size":"auto","background-attachment":"scroll","background-type":"","background-media":"","overlay-type":"","overlay-color":"","overlay-opacity":"","overlay-gradient":""},"mobile":{"background-color":"var(--ast-global-color-5)","background-image":"","background-repeat":"repeat","background-position":"center center","background-size":"auto","background-attachment":"scroll","background-type":"","background-media":"","overlay-type":"","overlay-color":"","overlay-opacity":"","overlay-gradient":""}},"_themeisle_gutenberg_block_has_review":false},"product_brand":[],"product_cat":[111,103,88],"product_tag":[272,213,257,217,258,255],"class_list":{"0":"post-2630","1":"product","2":"type-product","3":"status-publish","4":"has-post-thumbnail","6":"product_cat-accesorios","7":"product_cat-flashes-de-estudio-y-speedlite","8":"product_cat-iluminacion","9":"product_tag-accesorios-ad600","10":"product_tag-flash","11":"product_tag-flash-de-estudio","12":"product_tag-flash-generico","13":"product_tag-flash-profesional","14":"product_tag-flashes","15":"desktop-align-center","16":"tablet-align-left","17":"mobile-align-left","19":"first","20":"onbackorder","21":"purchasable","22":"product-type-simple"},"aioseo_notices":[],"jetpack_sharing_enabled":true,"_links":{"self":[{"href":"https:\/\/studio40shop.com.mx\/index.php?rest_route=\/wp\/v2\/product\/2630","targetHints":{"allow":["GET"]}}],"collection":[{"href":"https:\/\/studio40shop.com.mx\/index.php?rest_route=\/wp\/v2\/product"}],"about":[{"href":"https:\/\/studio40shop.com.mx\/index.php?rest_route=\/wp\/v2\/types\/product"}],"replies":[{"embeddable":true,"href":"https:\/\/studio40shop.com.mx\/index.php?rest_route=%2Fwp%2Fv2%2Fcomments&post=2630"}],"wp:featuredmedia":[{"embeddable":true,"href":"https:\/\/studio40shop.com.mx\/index.php?rest_route=\/wp\/v2\/media\/2631"}],"wp:attachment":[{"href":"https:\/\/studio40shop.com.mx\/index.php?rest_route=%2Fwp%2Fv2%2Fmedia&parent=2630"}],"wp:term":[{"taxonomy":"product_brand","embeddable":true,"href":"https:\/\/studio40shop.com.mx\/index.php?rest_route=%2Fwp%2Fv2%2Fproduct_brand&post=2630"},{"taxonomy":"product_cat","embeddable":true,"href":"https:\/\/studio40shop.com.mx\/index.php?rest_route=%2Fwp%2Fv2%2Fproduct_cat&post=2630"},{"taxonomy":"product_tag","embeddable":true,"href":"https:\/\/studio40shop.com.mx\/index.php?rest_route=%2Fwp%2Fv2%2Fproduct_tag&post=2630"}],"curies":[{"name":"wp","href":"https:\/\/api.w.org\/{rel}","templated":true}]}}