{"id":2638,"date":"2022-05-04T13:07:15","date_gmt":"2022-05-04T18:07:15","guid":{"rendered":"https:\/\/studio40shop.com.mx\/?post_type=product&#038;p=2638"},"modified":"2022-10-15T12:57:01","modified_gmt":"2022-10-15T17:57:01","slug":"extension-para-flash-ad400-pro-godox","status":"publish","type":"product","link":"https:\/\/studio40shop.com.mx\/?product=extension-para-flash-ad400-pro-godox","title":{"rendered":"Extensi\u00f3n para Flash AD400 PRO Godox"},"content":{"rendered":"<p>Incluso con el factor de forma peque\u00f1o del AD400Pro, el diminuto H400P puede caber en espacios a\u00fan m\u00e1s estrechos, lo que permite una mayor versatilidad en configuraciones inusuales, como interiores de autom\u00f3viles, fotograf\u00eda macro y peque\u00f1as tomas de productos.<\/p>\n<p>Simplemente desconecte el tubo de flash y mu\u00e9valo al cabezal de extensi\u00f3n, luego conecte el cable a la luz estrobosc\u00f3pica con el conector de bloqueo por giro.<\/p>\n<p>El soporte reflector integrado estilo Bowens permite utilizar modificadores de luz Wistro sin adaptador, y tambi\u00e9n proporciona compatibilidad con una amplia variedad de otros accesorios.<\/p>\n<p>La extensi\u00f3n cuenta con una luz de modelado LED totalmente regulable y enfriada por ventilador que se puede controlar desde el cuerpo estrobosc\u00f3pico principal, y un adaptador de soporte totalmente ajustable con un z\u00f3calo de eje de paraguas integrado.<\/p>\n<p>Caracteristicas:<\/p>\n<p>Cable de extensi\u00f3n de cabeza<br \/>\nSoporte reflector estilo Bowens<br \/>\nLuz de modelado LED<br \/>\nAnillo de bloqueo de giro del extremo del cable<\/p>\n","protected":false},"excerpt":{"rendered":"<p>El cabezal de extensi\u00f3n H400P compacto y liviano para Wistro AD400Pro de Godox es una extensi\u00f3n de cabeza de 8 pies que pesa menos de la mitad del flash AD400Pro, lo que permite utilizar brazos de brazo y soportes de luz que de otra manera no soportar\u00edan su peso.<\/p>\n","protected":false},"featured_media":2640,"comment_status":"open","ping_status":"closed","template":"","meta":{"site-sidebar-layout":"default","site-content-layout":"default","ast-site-content-layout":"default","site-content-style":"default","site-sidebar-style":"default","ast-global-header-display":"","ast-banner-title-visibility":"","ast-main-header-display":"","ast-hfb-above-header-display":"","ast-hfb-below-header-display":"","ast-hfb-mobile-header-display":"","site-post-title":"","ast-breadcrumbs-content":"","ast-featured-img":"","footer-sml-layout":"","ast-disable-related-posts":"","theme-transparent-header-meta":"default","adv-header-id-meta":"","stick-header-meta":"","header-above-stick-meta":"","header-main-stick-meta":"","header-below-stick-meta":"","astra-migrate-meta-layouts":"default","ast-page-background-enabled":"default","ast-page-background-meta":{"desktop":{"background-color":"var(--ast-global-color-4)","background-image":"","background-repeat":"repeat","background-position":"center center","background-size":"auto","background-attachment":"scroll","background-type":"","background-media":"","overlay-type":"","overlay-color":"","overlay-opacity":"","overlay-gradient":""},"tablet":{"background-color":"","background-image":"","background-repeat":"repeat","background-position":"center center","background-size":"auto","background-attachment":"scroll","background-type":"","background-media":"","overlay-type":"","overlay-color":"","overlay-opacity":"","overlay-gradient":""},"mobile":{"background-color":"","background-image":"","background-repeat":"repeat","background-position":"center center","background-size":"auto","background-attachment":"scroll","background-type":"","background-media":"","overlay-type":"","overlay-color":"","overlay-opacity":"","overlay-gradient":""}},"ast-content-background-meta":{"desktop":{"background-color":"var(--ast-global-color-5)","background-image":"","background-repeat":"repeat","background-position":"center center","background-size":"auto","background-attachment":"scroll","background-type":"","background-media":"","overlay-type":"","overlay-color":"","overlay-opacity":"","overlay-gradient":""},"tablet":{"background-color":"var(--ast-global-color-5)","background-image":"","background-repeat":"repeat","background-position":"center center","background-size":"auto","background-attachment":"scroll","background-type":"","background-media":"","overlay-type":"","overlay-color":"","overlay-opacity":"","overlay-gradient":""},"mobile":{"background-color":"var(--ast-global-color-5)","background-image":"","background-repeat":"repeat","background-position":"center center","background-size":"auto","background-attachment":"scroll","background-type":"","background-media":"","overlay-type":"","overlay-color":"","overlay-opacity":"","overlay-gradient":""}},"_themeisle_gutenberg_block_has_review":false},"product_brand":[],"product_cat":[111,103,88],"product_tag":[213,257,261,217,215,255],"class_list":{"0":"post-2638","1":"product","2":"type-product","3":"status-publish","4":"has-post-thumbnail","6":"product_cat-accesorios","7":"product_cat-flashes-de-estudio-y-speedlite","8":"product_cat-iluminacion","9":"product_tag-flash","10":"product_tag-flash-de-estudio","11":"product_tag-flash-de-mano","12":"product_tag-flash-generico","13":"product_tag-flash-godox","14":"product_tag-flashes","15":"desktop-align-center","16":"tablet-align-left","17":"mobile-align-left","19":"first","20":"onbackorder","21":"purchasable","22":"product-type-simple"},"aioseo_notices":[],"jetpack_sharing_enabled":true,"_links":{"self":[{"href":"https:\/\/studio40shop.com.mx\/index.php?rest_route=\/wp\/v2\/product\/2638","targetHints":{"allow":["GET"]}}],"collection":[{"href":"https:\/\/studio40shop.com.mx\/index.php?rest_route=\/wp\/v2\/product"}],"about":[{"href":"https:\/\/studio40shop.com.mx\/index.php?rest_route=\/wp\/v2\/types\/product"}],"replies":[{"embeddable":true,"href":"https:\/\/studio40shop.com.mx\/index.php?rest_route=%2Fwp%2Fv2%2Fcomments&post=2638"}],"wp:featuredmedia":[{"embeddable":true,"href":"https:\/\/studio40shop.com.mx\/index.php?rest_route=\/wp\/v2\/media\/2640"}],"wp:attachment":[{"href":"https:\/\/studio40shop.com.mx\/index.php?rest_route=%2Fwp%2Fv2%2Fmedia&parent=2638"}],"wp:term":[{"taxonomy":"product_brand","embeddable":true,"href":"https:\/\/studio40shop.com.mx\/index.php?rest_route=%2Fwp%2Fv2%2Fproduct_brand&post=2638"},{"taxonomy":"product_cat","embeddable":true,"href":"https:\/\/studio40shop.com.mx\/index.php?rest_route=%2Fwp%2Fv2%2Fproduct_cat&post=2638"},{"taxonomy":"product_tag","embeddable":true,"href":"https:\/\/studio40shop.com.mx\/index.php?rest_route=%2Fwp%2Fv2%2Fproduct_tag&post=2638"}],"curies":[{"name":"wp","href":"https:\/\/api.w.org\/{rel}","templated":true}]}}