{"id":2642,"date":"2022-05-04T13:10:41","date_gmt":"2022-05-04T18:10:41","guid":{"rendered":"https:\/\/studio40shop.com.mx\/?post_type=product&#038;p=2642"},"modified":"2022-10-15T12:56:59","modified_gmt":"2022-10-15T17:56:59","slug":"cabezal-de-extension-portatil-para-flash-ad600pro-godox","status":"publish","type":"product","link":"https:\/\/studio40shop.com.mx\/?product=cabezal-de-extension-portatil-para-flash-ad600pro-godox","title":{"rendered":"Cabezal de Extensi\u00f3n Port\u00e1til para Flash AD600PRO Godox"},"content":{"rendered":"<p>El cabezal de extensi\u00f3n port\u00e1til H600P de la marca Godox cuenta con un cable de tama\u00f1o mediano para poder acercar o alejar m\u00e1s f\u00e1cilmente el cabezal. Es ideal para aquellos fot\u00f3grafos que requieren de un cabezal de extensi\u00f3n de flash, para poder cambiar de posici\u00f3n m\u00e1s f\u00e1cilmente, ya que podr\u00e1n acercarse o alejarse y obtener mejores fotograf\u00edas m\u00e1s iluminadas.<\/p>\n<p>Es un cabezal que puede usarse en espacios m\u00e1s estrechos, lo que permite una mayor versatilidad en configuraciones inusuales, como interiores de autom\u00f3viles, fotograf\u00eda macro y peque\u00f1as tomas de productos.<\/p>\n<p>Solo desconecta el tubo de flash y mu\u00e9valo al cabezal de extensi\u00f3n, luego conecte el cable a la luz estrobosc\u00f3pica con el conector de bloqueo por giro.<\/p>\n<p>El soporte reflector integrado estilo Bowens permite utilizar modificadores de luz Wistro sin adaptador, y tambi\u00e9n proporciona compatibilidad con una amplia variedad de otros accesorios.<\/p>\n<p>La extensi\u00f3n cuenta con una luz de modelado LED totalmente regulable y enfriada por ventilador que se puede controlar desde el cuerpo de la AD600PRO, y un adaptador de soporte totalmente ajustable con un z\u00f3calo de eje de paraguas integrado.<\/p>\n<p>Se alimenta del AD600PRO<br \/>\nSalida de 600Ws<br \/>\nUtiliza la bater\u00eda y los controles del AD600PRO<br \/>\nLigero, f\u00e1cil de sostener en la mano<\/p>\n<p>&nbsp;<\/p>\n","protected":false},"excerpt":{"rendered":"<p>El cabezal de extensi\u00f3n port\u00e1til de Godox est\u00e1 dise\u00f1ado especialmente para el flash AD600PRO. Es ideal para tener una mejor versatilidad en el sistema del flash. Con \u00e9l podr\u00e1s obtener una mejor iluminaci\u00f3n a la hora de capturar tus fotograf\u00edas. Podr\u00e1s acercar o alejar el cabezal de extensi\u00f3n gracias a que cuenta con un cable incorporado.<\/p>\n","protected":false},"featured_media":2643,"comment_status":"open","ping_status":"closed","template":"","meta":{"site-sidebar-layout":"default","site-content-layout":"default","ast-site-content-layout":"default","site-content-style":"default","site-sidebar-style":"default","ast-global-header-display":"","ast-banner-title-visibility":"","ast-main-header-display":"","ast-hfb-above-header-display":"","ast-hfb-below-header-display":"","ast-hfb-mobile-header-display":"","site-post-title":"","ast-breadcrumbs-content":"","ast-featured-img":"","footer-sml-layout":"","ast-disable-related-posts":"","theme-transparent-header-meta":"default","adv-header-id-meta":"","stick-header-meta":"","header-above-stick-meta":"","header-main-stick-meta":"","header-below-stick-meta":"","astra-migrate-meta-layouts":"default","ast-page-background-enabled":"default","ast-page-background-meta":{"desktop":{"background-color":"var(--ast-global-color-4)","background-image":"","background-repeat":"repeat","background-position":"center center","background-size":"auto","background-attachment":"scroll","background-type":"","background-media":"","overlay-type":"","overlay-color":"","overlay-opacity":"","overlay-gradient":""},"tablet":{"background-color":"","background-image":"","background-repeat":"repeat","background-position":"center center","background-size":"auto","background-attachment":"scroll","background-type":"","background-media":"","overlay-type":"","overlay-color":"","overlay-opacity":"","overlay-gradient":""},"mobile":{"background-color":"","background-image":"","background-repeat":"repeat","background-position":"center center","background-size":"auto","background-attachment":"scroll","background-type":"","background-media":"","overlay-type":"","overlay-color":"","overlay-opacity":"","overlay-gradient":""}},"ast-content-background-meta":{"desktop":{"background-color":"var(--ast-global-color-5)","background-image":"","background-repeat":"repeat","background-position":"center center","background-size":"auto","background-attachment":"scroll","background-type":"","background-media":"","overlay-type":"","overlay-color":"","overlay-opacity":"","overlay-gradient":""},"tablet":{"background-color":"var(--ast-global-color-5)","background-image":"","background-repeat":"repeat","background-position":"center center","background-size":"auto","background-attachment":"scroll","background-type":"","background-media":"","overlay-type":"","overlay-color":"","overlay-opacity":"","overlay-gradient":""},"mobile":{"background-color":"var(--ast-global-color-5)","background-image":"","background-repeat":"repeat","background-position":"center center","background-size":"auto","background-attachment":"scroll","background-type":"","background-media":"","overlay-type":"","overlay-color":"","overlay-opacity":"","overlay-gradient":""}},"_themeisle_gutenberg_block_has_review":false},"product_brand":[],"product_cat":[111,103,88],"product_tag":[213,257,261,258,255],"class_list":{"0":"post-2642","1":"product","2":"type-product","3":"status-publish","4":"has-post-thumbnail","6":"product_cat-accesorios","7":"product_cat-flashes-de-estudio-y-speedlite","8":"product_cat-iluminacion","9":"product_tag-flash","10":"product_tag-flash-de-estudio","11":"product_tag-flash-de-mano","12":"product_tag-flash-profesional","13":"product_tag-flashes","14":"desktop-align-center","15":"tablet-align-left","16":"mobile-align-left","18":"first","19":"onbackorder","20":"purchasable","21":"product-type-simple"},"aioseo_notices":[],"jetpack_sharing_enabled":true,"_links":{"self":[{"href":"https:\/\/studio40shop.com.mx\/index.php?rest_route=\/wp\/v2\/product\/2642","targetHints":{"allow":["GET"]}}],"collection":[{"href":"https:\/\/studio40shop.com.mx\/index.php?rest_route=\/wp\/v2\/product"}],"about":[{"href":"https:\/\/studio40shop.com.mx\/index.php?rest_route=\/wp\/v2\/types\/product"}],"replies":[{"embeddable":true,"href":"https:\/\/studio40shop.com.mx\/index.php?rest_route=%2Fwp%2Fv2%2Fcomments&post=2642"}],"wp:featuredmedia":[{"embeddable":true,"href":"https:\/\/studio40shop.com.mx\/index.php?rest_route=\/wp\/v2\/media\/2643"}],"wp:attachment":[{"href":"https:\/\/studio40shop.com.mx\/index.php?rest_route=%2Fwp%2Fv2%2Fmedia&parent=2642"}],"wp:term":[{"taxonomy":"product_brand","embeddable":true,"href":"https:\/\/studio40shop.com.mx\/index.php?rest_route=%2Fwp%2Fv2%2Fproduct_brand&post=2642"},{"taxonomy":"product_cat","embeddable":true,"href":"https:\/\/studio40shop.com.mx\/index.php?rest_route=%2Fwp%2Fv2%2Fproduct_cat&post=2642"},{"taxonomy":"product_tag","embeddable":true,"href":"https:\/\/studio40shop.com.mx\/index.php?rest_route=%2Fwp%2Fv2%2Fproduct_tag&post=2642"}],"curies":[{"name":"wp","href":"https:\/\/api.w.org\/{rel}","templated":true}]}}