{"id":2648,"date":"2022-05-04T14:43:06","date_gmt":"2022-05-04T19:43:06","guid":{"rendered":"https:\/\/studio40shop.com.mx\/?post_type=product&#038;p=2648"},"modified":"2022-10-15T12:56:57","modified_gmt":"2022-10-15T17:56:57","slug":"softbox-para-bowens-60-x-90cm-godox","status":"publish","type":"product","link":"https:\/\/studio40shop.com.mx\/?product=softbox-para-bowens-60-x-90cm-godox","title":{"rendered":"Softbox para Bowens 60 x 90cm Godox"},"content":{"rendered":"<p>Incrementa contraste manteniendo la suavidad de la caja de luz.<br \/>\nEste es el complemento perfecto para su estudio y luces estrobosc\u00f3picas que le da la perfecta iluminaci\u00f3n uniforme que necesita para las mejores fotos. Los tonos de piel cobran vida y las manchas se desvanecen.<\/p>\n<p>El gran tama\u00f1o de la caja de luz, es conveniente para la fotograf\u00eda de moda, retratos, medianos y grandes.<\/p>\n<p>Especificaciones:<\/p>\n<p>Tama\u00f1o: 60x90cm<br \/>\nPara Bowens<br \/>\n4 varillas con punta met\u00e1lica de f\u00e1cil montaje.<br \/>\nPosee 2x telas trasl\u00facidas independientes.<\/p>\n","protected":false},"excerpt":{"rendered":"<p>El Softbox Godox Premium tama\u00f1o 60x90cm est\u00e1 dise\u00f1ado para ser usado con flashes de estudio con Montura Bowens (adaptador inclu\u00cddo).<\/p>\n<p>Permite convertir la luz directa generada por una unidad de flash en una iluminaci\u00f3n suave y difusa.<\/p>\n","protected":false},"featured_media":2651,"comment_status":"open","ping_status":"closed","template":"","meta":{"site-sidebar-layout":"default","site-content-layout":"default","ast-site-content-layout":"default","site-content-style":"default","site-sidebar-style":"default","ast-global-header-display":"","ast-banner-title-visibility":"","ast-main-header-display":"","ast-hfb-above-header-display":"","ast-hfb-below-header-display":"","ast-hfb-mobile-header-display":"","site-post-title":"","ast-breadcrumbs-content":"","ast-featured-img":"","footer-sml-layout":"","ast-disable-related-posts":"","theme-transparent-header-meta":"default","adv-header-id-meta":"","stick-header-meta":"","header-above-stick-meta":"","header-main-stick-meta":"","header-below-stick-meta":"","astra-migrate-meta-layouts":"default","ast-page-background-enabled":"default","ast-page-background-meta":{"desktop":{"background-color":"var(--ast-global-color-4)","background-image":"","background-repeat":"repeat","background-position":"center center","background-size":"auto","background-attachment":"scroll","background-type":"","background-media":"","overlay-type":"","overlay-color":"","overlay-opacity":"","overlay-gradient":""},"tablet":{"background-color":"","background-image":"","background-repeat":"repeat","background-position":"center center","background-size":"auto","background-attachment":"scroll","background-type":"","background-media":"","overlay-type":"","overlay-color":"","overlay-opacity":"","overlay-gradient":""},"mobile":{"background-color":"","background-image":"","background-repeat":"repeat","background-position":"center center","background-size":"auto","background-attachment":"scroll","background-type":"","background-media":"","overlay-type":"","overlay-color":"","overlay-opacity":"","overlay-gradient":""}},"ast-content-background-meta":{"desktop":{"background-color":"var(--ast-global-color-5)","background-image":"","background-repeat":"repeat","background-position":"center center","background-size":"auto","background-attachment":"scroll","background-type":"","background-media":"","overlay-type":"","overlay-color":"","overlay-opacity":"","overlay-gradient":""},"tablet":{"background-color":"var(--ast-global-color-5)","background-image":"","background-repeat":"repeat","background-position":"center center","background-size":"auto","background-attachment":"scroll","background-type":"","background-media":"","overlay-type":"","overlay-color":"","overlay-opacity":"","overlay-gradient":""},"mobile":{"background-color":"var(--ast-global-color-5)","background-image":"","background-repeat":"repeat","background-position":"center center","background-size":"auto","background-attachment":"scroll","background-type":"","background-media":"","overlay-type":"","overlay-color":"","overlay-opacity":"","overlay-gradient":""}},"_themeisle_gutenberg_block_has_review":false},"product_brand":[],"product_cat":[84,105],"product_tag":[275,225,273,274,276,277],"class_list":{"0":"post-2648","1":"product","2":"type-product","3":"status-publish","4":"has-post-thumbnail","6":"product_cat-fotografia","7":"product_cat-modificadores-de-luz","8":"product_tag-60x90-softbox","9":"product_tag-godox","10":"product_tag-softbox","11":"product_tag-softbox-bowens","12":"product_tag-softbox-godox","13":"product_tag-softbox-rectangular","14":"desktop-align-center","15":"tablet-align-left","16":"mobile-align-left","18":"first","19":"onbackorder","20":"purchasable","21":"product-type-simple"},"aioseo_notices":[],"jetpack_sharing_enabled":true,"_links":{"self":[{"href":"https:\/\/studio40shop.com.mx\/index.php?rest_route=\/wp\/v2\/product\/2648","targetHints":{"allow":["GET"]}}],"collection":[{"href":"https:\/\/studio40shop.com.mx\/index.php?rest_route=\/wp\/v2\/product"}],"about":[{"href":"https:\/\/studio40shop.com.mx\/index.php?rest_route=\/wp\/v2\/types\/product"}],"replies":[{"embeddable":true,"href":"https:\/\/studio40shop.com.mx\/index.php?rest_route=%2Fwp%2Fv2%2Fcomments&post=2648"}],"wp:featuredmedia":[{"embeddable":true,"href":"https:\/\/studio40shop.com.mx\/index.php?rest_route=\/wp\/v2\/media\/2651"}],"wp:attachment":[{"href":"https:\/\/studio40shop.com.mx\/index.php?rest_route=%2Fwp%2Fv2%2Fmedia&parent=2648"}],"wp:term":[{"taxonomy":"product_brand","embeddable":true,"href":"https:\/\/studio40shop.com.mx\/index.php?rest_route=%2Fwp%2Fv2%2Fproduct_brand&post=2648"},{"taxonomy":"product_cat","embeddable":true,"href":"https:\/\/studio40shop.com.mx\/index.php?rest_route=%2Fwp%2Fv2%2Fproduct_cat&post=2648"},{"taxonomy":"product_tag","embeddable":true,"href":"https:\/\/studio40shop.com.mx\/index.php?rest_route=%2Fwp%2Fv2%2Fproduct_tag&post=2648"}],"curies":[{"name":"wp","href":"https:\/\/api.w.org\/{rel}","templated":true}]}}