{"id":2682,"date":"2022-05-04T17:12:13","date_gmt":"2022-05-04T22:12:13","guid":{"rendered":"https:\/\/studio40shop.com.mx\/?post_type=product&#038;p=2682"},"modified":"2022-10-15T12:56:39","modified_gmt":"2022-10-15T17:56:39","slug":"softbox-godox-para-bowens-80-x-120cm-con-grid","status":"publish","type":"product","link":"https:\/\/studio40shop.com.mx\/?product=softbox-godox-para-bowens-80-x-120cm-con-grid","title":{"rendered":"Softbox Godox para Bowens 80 x 120cm con GRID"},"content":{"rendered":"<p>El gran tama\u00f1o de la caja de luz, es conveniente para la fotograf\u00eda de moda, retratos y medianas y grandes fotos de la c\u00e1mara de tama\u00f1o.<\/p>\n<p>El grid con forma de panal de abeja, situado por delante de la cara trasl\u00facida, con lo que se consiguen una mejor direcci\u00f3n de la luz. Es muy \u00fatil especialmente mientras realizando fotograf\u00edas al aire libre.<\/p>\n<p>El GRID hace que tus fotos den el efecto de ventana, ofrece una luz mucho m\u00e1s natural.<\/p>\n","protected":false},"excerpt":{"rendered":"<p>El softbox Godox Premium tama\u00f1o 80x120cm con GRID est\u00e1 dise\u00f1ada para ser usada con flashes de estudio con montura Bowens (adaptador incluido).<br \/>\nPermite convertir la luz directa generada por una unidad de flash en una iluminaci\u00f3n suave y difusa.<br \/>\nLa caja est\u00e1 compuesta en su parte interna con un reflector granulado plata y con dos difusores blancos que incrementa contraste manteniendo la suavidad de la caja de luz.<\/p>\n<p>Este es el complemento perfecto para su estudio y luces estrobosc\u00f3picas. Caja de luz se difunde el flash estrobosc\u00f3pico que le da la perfecta iluminaci\u00f3n uniforme que necesita para las mejores fotos. Los tonos de piel cobran vida y las manchas se desvanecen.<\/p>\n","protected":false},"featured_media":2683,"comment_status":"open","ping_status":"closed","template":"","meta":{"site-sidebar-layout":"default","site-content-layout":"default","ast-site-content-layout":"default","site-content-style":"default","site-sidebar-style":"default","ast-global-header-display":"","ast-banner-title-visibility":"","ast-main-header-display":"","ast-hfb-above-header-display":"","ast-hfb-below-header-display":"","ast-hfb-mobile-header-display":"","site-post-title":"","ast-breadcrumbs-content":"","ast-featured-img":"","footer-sml-layout":"","ast-disable-related-posts":"","theme-transparent-header-meta":"default","adv-header-id-meta":"","stick-header-meta":"","header-above-stick-meta":"","header-main-stick-meta":"","header-below-stick-meta":"","astra-migrate-meta-layouts":"default","ast-page-background-enabled":"default","ast-page-background-meta":{"desktop":{"background-color":"var(--ast-global-color-4)","background-image":"","background-repeat":"repeat","background-position":"center center","background-size":"auto","background-attachment":"scroll","background-type":"","background-media":"","overlay-type":"","overlay-color":"","overlay-opacity":"","overlay-gradient":""},"tablet":{"background-color":"","background-image":"","background-repeat":"repeat","background-position":"center center","background-size":"auto","background-attachment":"scroll","background-type":"","background-media":"","overlay-type":"","overlay-color":"","overlay-opacity":"","overlay-gradient":""},"mobile":{"background-color":"","background-image":"","background-repeat":"repeat","background-position":"center center","background-size":"auto","background-attachment":"scroll","background-type":"","background-media":"","overlay-type":"","overlay-color":"","overlay-opacity":"","overlay-gradient":""}},"ast-content-background-meta":{"desktop":{"background-color":"var(--ast-global-color-5)","background-image":"","background-repeat":"repeat","background-position":"center center","background-size":"auto","background-attachment":"scroll","background-type":"","background-media":"","overlay-type":"","overlay-color":"","overlay-opacity":"","overlay-gradient":""},"tablet":{"background-color":"var(--ast-global-color-5)","background-image":"","background-repeat":"repeat","background-position":"center center","background-size":"auto","background-attachment":"scroll","background-type":"","background-media":"","overlay-type":"","overlay-color":"","overlay-opacity":"","overlay-gradient":""},"mobile":{"background-color":"var(--ast-global-color-5)","background-image":"","background-repeat":"repeat","background-position":"center center","background-size":"auto","background-attachment":"scroll","background-type":"","background-media":"","overlay-type":"","overlay-color":"","overlay-opacity":"","overlay-gradient":""}},"_themeisle_gutenberg_block_has_review":false},"product_brand":[],"product_cat":[84,105],"product_tag":[300,299,225,273,274,297,276,277],"class_list":{"0":"post-2682","1":"product","2":"type-product","3":"status-publish","4":"has-post-thumbnail","6":"product_cat-fotografia","7":"product_cat-modificadores-de-luz","8":"product_tag-difusor","9":"product_tag-difusor-con-panal","10":"product_tag-godox","11":"product_tag-softbox","12":"product_tag-softbox-bowens","13":"product_tag-softbox-con-grid","14":"product_tag-softbox-godox","15":"product_tag-softbox-rectangular","16":"desktop-align-center","17":"tablet-align-left","18":"mobile-align-left","20":"first","21":"onbackorder","22":"purchasable","23":"product-type-simple"},"aioseo_notices":[],"jetpack_sharing_enabled":true,"_links":{"self":[{"href":"https:\/\/studio40shop.com.mx\/index.php?rest_route=\/wp\/v2\/product\/2682","targetHints":{"allow":["GET"]}}],"collection":[{"href":"https:\/\/studio40shop.com.mx\/index.php?rest_route=\/wp\/v2\/product"}],"about":[{"href":"https:\/\/studio40shop.com.mx\/index.php?rest_route=\/wp\/v2\/types\/product"}],"replies":[{"embeddable":true,"href":"https:\/\/studio40shop.com.mx\/index.php?rest_route=%2Fwp%2Fv2%2Fcomments&post=2682"}],"wp:featuredmedia":[{"embeddable":true,"href":"https:\/\/studio40shop.com.mx\/index.php?rest_route=\/wp\/v2\/media\/2683"}],"wp:attachment":[{"href":"https:\/\/studio40shop.com.mx\/index.php?rest_route=%2Fwp%2Fv2%2Fmedia&parent=2682"}],"wp:term":[{"taxonomy":"product_brand","embeddable":true,"href":"https:\/\/studio40shop.com.mx\/index.php?rest_route=%2Fwp%2Fv2%2Fproduct_brand&post=2682"},{"taxonomy":"product_cat","embeddable":true,"href":"https:\/\/studio40shop.com.mx\/index.php?rest_route=%2Fwp%2Fv2%2Fproduct_cat&post=2682"},{"taxonomy":"product_tag","embeddable":true,"href":"https:\/\/studio40shop.com.mx\/index.php?rest_route=%2Fwp%2Fv2%2Fproduct_tag&post=2682"}],"curies":[{"name":"wp","href":"https:\/\/api.w.org\/{rel}","templated":true}]}}