{"id":2720,"date":"2022-05-04T18:03:40","date_gmt":"2022-05-04T23:03:40","guid":{"rendered":"https:\/\/studio40shop.com.mx\/?post_type=product&#038;p=2720"},"modified":"2022-10-15T12:55:55","modified_gmt":"2022-10-15T17:55:55","slug":"octabox-tipo-sombrilla-montura-bowens-con-grid-120cm-godox","status":"publish","type":"product","link":"https:\/\/studio40shop.com.mx\/?product=octabox-tipo-sombrilla-montura-bowens-con-grid-120cm-godox","title":{"rendered":"Octabox Tipo Sombrilla Montura Bowens con Grid 120cm Godox"},"content":{"rendered":"<p>El Softbox tipo sombrilla SB-GUE120 de la marca Godox es f\u00e1cil de transportar, es de r\u00e1pido armado y desarmado, adem\u00e1s es de f\u00e1cil montaje y desmontaje a la hora de colocarlo sobre un tripie, gracias a su tama\u00f1o. Es un softbox con un di\u00e1metro de 120 cm, ideal para suavizar las sombras al momento de utilizar los flashes, lo que da como resultado fotograf\u00edas con un excelente detalle y suavizado en los bordes.<\/p>\n<p>Cuenta con una gran superficie para tener un efecto envolvente para utilizarse de cerca y producir reflejos de apariencia natural en los ojos del sujeto. El Grid de tela que incluye, se coloca sobre el softbox con cierres t\u00e1ctiles de velcro, lo que lo hace ideal para tener un mejor control de luz de salida e iluminar mejor al sujeto.<\/p>\n<p>Este softbox est\u00e1 fabricado en tejido de nailon rip-stop lo que lo hace resistente de los da\u00f1os mec\u00e1nicos, pero al mismo tiempo este material es muy ligero. Este material se estira y se mantiene tenso mediante una estructura cuyas barras est\u00e1n hechas de acero el\u00e1stico. En su interior cuenta con un color plateado para distribuir la luz sobre los difusores. Aparte de su capa difusora principal, tambi\u00e9n cuenta con un difusor inteno extra de color blanco que tiene un alto factor de dispersi\u00f3n de la luz.<\/p>\n<p>Es un Softbox que est\u00e1 equipado con un anillo de montaje tipo Bowens, por tanto, se puede utilizar con productos de otras marcas que utilicen el mismo montaje.<\/p>\n<p>R\u00e1pido armado y desarmado<br \/>\nAnillo de montaje tipo Bowens<br \/>\nTejido de nailon rip-stop<br \/>\nPeso de 2.1 Kg<\/p>\n<p>&nbsp;<\/p>\n","protected":false},"excerpt":{"rendered":"<p>Con el Softbox tipo sombrilla SB-GUE120 de Godox est\u00e1 dise\u00f1ado especialmente para proporcionar una calidad de luz suave y agradable. Es compatible con la mayor\u00eda de los cabezales de flash de Godox que cuentan con soportes para accesorios delanteros Bowens. Este softbox de la serie SB-GUE se distingue por tener un tiempo breve de plegado y desplegado r\u00e1pido.<\/p>\n","protected":false},"featured_media":2721,"comment_status":"open","ping_status":"closed","template":"","meta":{"site-sidebar-layout":"default","site-content-layout":"default","ast-site-content-layout":"","site-content-style":"default","site-sidebar-style":"default","ast-global-header-display":"","ast-banner-title-visibility":"","ast-main-header-display":"","ast-hfb-above-header-display":"","ast-hfb-below-header-display":"","ast-hfb-mobile-header-display":"","site-post-title":"","ast-breadcrumbs-content":"","ast-featured-img":"","footer-sml-layout":"","theme-transparent-header-meta":"default","adv-header-id-meta":"","stick-header-meta":"","header-above-stick-meta":"","header-main-stick-meta":"","header-below-stick-meta":"","astra-migrate-meta-layouts":"default","ast-page-background-enabled":"default","ast-page-background-meta":{"desktop":{"background-color":"var(--ast-global-color-4)","background-image":"","background-repeat":"repeat","background-position":"center center","background-size":"auto","background-attachment":"scroll","background-type":"","background-media":"","overlay-type":"","overlay-color":"","overlay-opacity":"","overlay-gradient":""},"tablet":{"background-color":"","background-image":"","background-repeat":"repeat","background-position":"center center","background-size":"auto","background-attachment":"scroll","background-type":"","background-media":"","overlay-type":"","overlay-color":"","overlay-opacity":"","overlay-gradient":""},"mobile":{"background-color":"","background-image":"","background-repeat":"repeat","background-position":"center center","background-size":"auto","background-attachment":"scroll","background-type":"","background-media":"","overlay-type":"","overlay-color":"","overlay-opacity":"","overlay-gradient":""}},"ast-content-background-meta":{"desktop":{"background-color":"var(--ast-global-color-5)","background-image":"","background-repeat":"repeat","background-position":"center center","background-size":"auto","background-attachment":"scroll","background-type":"","background-media":"","overlay-type":"","overlay-color":"","overlay-opacity":"","overlay-gradient":""},"tablet":{"background-color":"var(--ast-global-color-5)","background-image":"","background-repeat":"repeat","background-position":"center center","background-size":"auto","background-attachment":"scroll","background-type":"","background-media":"","overlay-type":"","overlay-color":"","overlay-opacity":"","overlay-gradient":""},"mobile":{"background-color":"var(--ast-global-color-5)","background-image":"","background-repeat":"repeat","background-position":"center center","background-size":"auto","background-attachment":"scroll","background-type":"","background-media":"","overlay-type":"","overlay-color":"","overlay-opacity":"","overlay-gradient":""}},"_themeisle_gutenberg_block_has_review":false},"product_brand":[],"product_cat":[84,105],"product_tag":[308,307,299,287,273,274,297,289],"class_list":{"0":"post-2720","1":"product","2":"type-product","3":"status-publish","4":"has-post-thumbnail","6":"product_cat-fotografia","7":"product_cat-modificadores-de-luz","8":"product_tag-120-softbox","9":"product_tag-difusor-120cm","10":"product_tag-difusor-con-panal","11":"product_tag-difusor-de-luz","12":"product_tag-softbox","13":"product_tag-softbox-bowens","14":"product_tag-softbox-con-grid","15":"product_tag-softbox-octagonal","16":"desktop-align-center","17":"tablet-align-left","18":"mobile-align-left","20":"first","21":"onbackorder","22":"purchasable","23":"product-type-simple"},"aioseo_notices":[],"jetpack_sharing_enabled":true,"_links":{"self":[{"href":"https:\/\/studio40shop.com.mx\/index.php?rest_route=\/wp\/v2\/product\/2720","targetHints":{"allow":["GET"]}}],"collection":[{"href":"https:\/\/studio40shop.com.mx\/index.php?rest_route=\/wp\/v2\/product"}],"about":[{"href":"https:\/\/studio40shop.com.mx\/index.php?rest_route=\/wp\/v2\/types\/product"}],"replies":[{"embeddable":true,"href":"https:\/\/studio40shop.com.mx\/index.php?rest_route=%2Fwp%2Fv2%2Fcomments&post=2720"}],"wp:featuredmedia":[{"embeddable":true,"href":"https:\/\/studio40shop.com.mx\/index.php?rest_route=\/wp\/v2\/media\/2721"}],"wp:attachment":[{"href":"https:\/\/studio40shop.com.mx\/index.php?rest_route=%2Fwp%2Fv2%2Fmedia&parent=2720"}],"wp:term":[{"taxonomy":"product_brand","embeddable":true,"href":"https:\/\/studio40shop.com.mx\/index.php?rest_route=%2Fwp%2Fv2%2Fproduct_brand&post=2720"},{"taxonomy":"product_cat","embeddable":true,"href":"https:\/\/studio40shop.com.mx\/index.php?rest_route=%2Fwp%2Fv2%2Fproduct_cat&post=2720"},{"taxonomy":"product_tag","embeddable":true,"href":"https:\/\/studio40shop.com.mx\/index.php?rest_route=%2Fwp%2Fv2%2Fproduct_tag&post=2720"}],"curies":[{"name":"wp","href":"https:\/\/api.w.org\/{rel}","templated":true}]}}