{"id":2749,"date":"2022-05-06T08:31:26","date_gmt":"2022-05-06T13:31:26","guid":{"rendered":"https:\/\/studio40shop.com.mx\/?post_type=product&#038;p=2749"},"modified":"2022-10-15T12:55:42","modified_gmt":"2022-10-15T17:55:42","slug":"octabox-80cm-tipo-sombrilla-godox","status":"publish","type":"product","link":"https:\/\/studio40shop.com.mx\/?product=octabox-80cm-tipo-sombrilla-godox","title":{"rendered":"Octabox 80cm tipo sombrilla Godox"},"content":{"rendered":"<p>Lo mejor de todo es que es de f\u00e1cil armado tipo sombrilla por lo que la puedes montar r\u00e1pido y f\u00e1cil.<\/p>\n<p>Luces de Estudio con entrada para sombrilla.<\/p>\n<p>Caja Suavizadora para uso con Flash Speedlite, Luces de Estudio o Luz Continua.<\/p>\n<p>Sistema de armado y desarmado tipo sombrilla express.<\/p>\n<p>Interior de material reflejante para concentrar la luz.<\/p>\n<p>&#8211; Difusor \/ Pantalla para suavizar la luz.<\/p>\n<p>Compatible con Canon, Nikon, Pentax, Sigma, Soporte con Socket para Luz continua o con Luces de Estudio con Entrada para Sombrilla.<\/p>\n<p>&nbsp;<\/p>\n","protected":false},"excerpt":{"rendered":"<p>Traemos para ti esta caja suavizadora de luz para flash Speedlite, luces de Estudio o inclusive luz continua<\/p>\n<p>Totalmente port\u00e1til, funda para transportar y difusor para suavizar la luz a\u00fan m\u00e1s y dar un resultado profesional<\/p>\n","protected":false},"featured_media":2750,"comment_status":"open","ping_status":"closed","template":"","meta":{"site-sidebar-layout":"default","site-content-layout":"default","ast-site-content-layout":"default","site-content-style":"default","site-sidebar-style":"default","ast-global-header-display":"","ast-banner-title-visibility":"","ast-main-header-display":"","ast-hfb-above-header-display":"","ast-hfb-below-header-display":"","ast-hfb-mobile-header-display":"","site-post-title":"","ast-breadcrumbs-content":"","ast-featured-img":"","footer-sml-layout":"","ast-disable-related-posts":"","theme-transparent-header-meta":"default","adv-header-id-meta":"","stick-header-meta":"","header-above-stick-meta":"","header-main-stick-meta":"","header-below-stick-meta":"","astra-migrate-meta-layouts":"default","ast-page-background-enabled":"default","ast-page-background-meta":{"desktop":{"background-color":"var(--ast-global-color-4)","background-image":"","background-repeat":"repeat","background-position":"center center","background-size":"auto","background-attachment":"scroll","background-type":"","background-media":"","overlay-type":"","overlay-color":"","overlay-opacity":"","overlay-gradient":""},"tablet":{"background-color":"","background-image":"","background-repeat":"repeat","background-position":"center center","background-size":"auto","background-attachment":"scroll","background-type":"","background-media":"","overlay-type":"","overlay-color":"","overlay-opacity":"","overlay-gradient":""},"mobile":{"background-color":"","background-image":"","background-repeat":"repeat","background-position":"center center","background-size":"auto","background-attachment":"scroll","background-type":"","background-media":"","overlay-type":"","overlay-color":"","overlay-opacity":"","overlay-gradient":""}},"ast-content-background-meta":{"desktop":{"background-color":"var(--ast-global-color-5)","background-image":"","background-repeat":"repeat","background-position":"center center","background-size":"auto","background-attachment":"scroll","background-type":"","background-media":"","overlay-type":"","overlay-color":"","overlay-opacity":"","overlay-gradient":""},"tablet":{"background-color":"var(--ast-global-color-5)","background-image":"","background-repeat":"repeat","background-position":"center center","background-size":"auto","background-attachment":"scroll","background-type":"","background-media":"","overlay-type":"","overlay-color":"","overlay-opacity":"","overlay-gradient":""},"mobile":{"background-color":"var(--ast-global-color-5)","background-image":"","background-repeat":"repeat","background-position":"center center","background-size":"auto","background-attachment":"scroll","background-type":"","background-media":"","overlay-type":"","overlay-color":"","overlay-opacity":"","overlay-gradient":""}},"_themeisle_gutenberg_block_has_review":false},"product_brand":[],"product_cat":[84,88,105],"product_tag":[300,315,287,292,291,273,289,282],"class_list":{"0":"post-2749","1":"product","2":"type-product","3":"status-publish","4":"has-post-thumbnail","6":"product_cat-fotografia","7":"product_cat-iluminacion","8":"product_cat-modificadores-de-luz","9":"product_tag-difusor","10":"product_tag-difusor-80cm","11":"product_tag-difusor-de-luz","12":"product_tag-difusor-octagonal","13":"product_tag-octabox","14":"product_tag-softbox","15":"product_tag-softbox-octagonal","16":"product_tag-softbox-tipo-sombrilla","17":"desktop-align-center","18":"tablet-align-left","19":"mobile-align-left","21":"first","22":"onbackorder","23":"purchasable","24":"product-type-simple"},"aioseo_notices":[],"jetpack_sharing_enabled":true,"_links":{"self":[{"href":"https:\/\/studio40shop.com.mx\/index.php?rest_route=\/wp\/v2\/product\/2749","targetHints":{"allow":["GET"]}}],"collection":[{"href":"https:\/\/studio40shop.com.mx\/index.php?rest_route=\/wp\/v2\/product"}],"about":[{"href":"https:\/\/studio40shop.com.mx\/index.php?rest_route=\/wp\/v2\/types\/product"}],"replies":[{"embeddable":true,"href":"https:\/\/studio40shop.com.mx\/index.php?rest_route=%2Fwp%2Fv2%2Fcomments&post=2749"}],"wp:featuredmedia":[{"embeddable":true,"href":"https:\/\/studio40shop.com.mx\/index.php?rest_route=\/wp\/v2\/media\/2750"}],"wp:attachment":[{"href":"https:\/\/studio40shop.com.mx\/index.php?rest_route=%2Fwp%2Fv2%2Fmedia&parent=2749"}],"wp:term":[{"taxonomy":"product_brand","embeddable":true,"href":"https:\/\/studio40shop.com.mx\/index.php?rest_route=%2Fwp%2Fv2%2Fproduct_brand&post=2749"},{"taxonomy":"product_cat","embeddable":true,"href":"https:\/\/studio40shop.com.mx\/index.php?rest_route=%2Fwp%2Fv2%2Fproduct_cat&post=2749"},{"taxonomy":"product_tag","embeddable":true,"href":"https:\/\/studio40shop.com.mx\/index.php?rest_route=%2Fwp%2Fv2%2Fproduct_tag&post=2749"}],"curies":[{"name":"wp","href":"https:\/\/api.w.org\/{rel}","templated":true}]}}