{"id":2762,"date":"2022-05-06T09:08:59","date_gmt":"2022-05-06T14:08:59","guid":{"rendered":"https:\/\/studio40shop.com.mx\/?post_type=product&#038;p=2762"},"modified":"2022-10-15T12:55:32","modified_gmt":"2022-10-15T17:55:32","slug":"softbox-parabolico-qr-p70-godox","status":"publish","type":"product","link":"https:\/\/studio40shop.com.mx\/?product=softbox-parabolico-qr-p70-godox","title":{"rendered":"Softbox Parab\u00f3lico QR-P70 Godox"},"content":{"rendered":"<p>Con el Softbox Parab\u00f3lico QR-P70 de la marca Godox podr\u00e1s realizar fotograf\u00edas de retrato o de moda para obtener una iluminaci\u00f3n de gran calidad, ideal para lugares internos y externos. Es un softbox que ofrece una salida de luz suave y un enfoque con borde n\u00edtido para darle detalle al sujeto y un aspecto natural a los ojos.<\/p>\n<p>Cuenta con una f\u00e1cil instalaci\u00f3n sin esforzarte, solo basta con levantar las varillas del anillo de velocidad hasta que encaje en su lugar. Tambi\u00e9n podr\u00e1s levantar dos varillas opuestas al mismo tiempo, para acelerar el proceso y ahorrar tiempo.<\/p>\n<p>Cuenta con un sistema de liberaci\u00f3n y desmontaje r\u00e1pido. Es necesario levantar la barra ligeramente mientras presionas el bot\u00f3n para cerrarlo. Una vez que cierras el softbox, podr\u00e1s guardar los accesorios en la bolsa incluida para su f\u00e1cil transporte.<\/p>\n<p>Adem\u00e1s, incluye difusores de tela internos y externos desmontables para tener diferentes opciones de luz y poder conseguir un mejor aspecto. Dentro de su caja de luz tiene un color plateado reflectante en su interior que proporciona una luz n\u00edtida y de alto contraste.<\/p>\n<p>Gracias a su SpeedRing (anillo de velocidad) de dise\u00f1o peque\u00f1o, es m\u00e1s f\u00e1cil de transportar y almacenar. Es compatible con una gran gama de estroboscopios y luces continuas con montura Bowens.Podr\u00e1s utilizarlo con fuentes de luz Godox o Profoto, siempre y cuando se utilice el anillo de velocidad correspondiente.<\/p>\n<p>Tiene una disminuci\u00f3n de luz de derrame, un mayor grado de control direccional y una ca\u00edda significativa en el borde del campo, gracias a su profundidad \u00fanica del modificador.<\/p>\n<p>Caja de luz QR-P70<br \/>\nDifusor interior<br \/>\nDifusor exterior<br \/>\nMalet\u00edn de transporte<\/p>\n","protected":false},"excerpt":{"rendered":"<p>El Softbox Parab\u00f3lico QR-P70 de 70 cm de Godox es un modificador de luz, ideal para realizar fotograf\u00edas de retrato o de moda para obtener una iluminaci\u00f3n precisa. Produce una luz suave y enfocada con un borde n\u00edtido, gracias a su dise\u00f1o parab\u00f3lico. Cuenta con 16 lados de 13 cm cada uno con varillas robustas de fibra de vidrio, su tela es de construcci\u00f3n duradera, que la hace resistente al viento, los golpes y a las ca\u00eddas.<\/p>\n","protected":false},"featured_media":2763,"comment_status":"open","ping_status":"closed","template":"","meta":{"site-sidebar-layout":"default","site-content-layout":"default","ast-site-content-layout":"default","site-content-style":"default","site-sidebar-style":"default","ast-global-header-display":"","ast-banner-title-visibility":"","ast-main-header-display":"","ast-hfb-above-header-display":"","ast-hfb-below-header-display":"","ast-hfb-mobile-header-display":"","site-post-title":"","ast-breadcrumbs-content":"","ast-featured-img":"","footer-sml-layout":"","ast-disable-related-posts":"","theme-transparent-header-meta":"default","adv-header-id-meta":"","stick-header-meta":"","header-above-stick-meta":"","header-main-stick-meta":"","header-below-stick-meta":"","astra-migrate-meta-layouts":"default","ast-page-background-enabled":"default","ast-page-background-meta":{"desktop":{"background-color":"var(--ast-global-color-4)","background-image":"","background-repeat":"repeat","background-position":"center center","background-size":"auto","background-attachment":"scroll","background-type":"","background-media":"","overlay-type":"","overlay-color":"","overlay-opacity":"","overlay-gradient":""},"tablet":{"background-color":"","background-image":"","background-repeat":"repeat","background-position":"center center","background-size":"auto","background-attachment":"scroll","background-type":"","background-media":"","overlay-type":"","overlay-color":"","overlay-opacity":"","overlay-gradient":""},"mobile":{"background-color":"","background-image":"","background-repeat":"repeat","background-position":"center center","background-size":"auto","background-attachment":"scroll","background-type":"","background-media":"","overlay-type":"","overlay-color":"","overlay-opacity":"","overlay-gradient":""}},"ast-content-background-meta":{"desktop":{"background-color":"var(--ast-global-color-5)","background-image":"","background-repeat":"repeat","background-position":"center center","background-size":"auto","background-attachment":"scroll","background-type":"","background-media":"","overlay-type":"","overlay-color":"","overlay-opacity":"","overlay-gradient":""},"tablet":{"background-color":"var(--ast-global-color-5)","background-image":"","background-repeat":"repeat","background-position":"center center","background-size":"auto","background-attachment":"scroll","background-type":"","background-media":"","overlay-type":"","overlay-color":"","overlay-opacity":"","overlay-gradient":""},"mobile":{"background-color":"var(--ast-global-color-5)","background-image":"","background-repeat":"repeat","background-position":"center center","background-size":"auto","background-attachment":"scroll","background-type":"","background-media":"","overlay-type":"","overlay-color":"","overlay-opacity":"","overlay-gradient":""}},"_themeisle_gutenberg_block_has_review":false},"product_brand":[],"product_cat":[84,105],"product_tag":[321,287,322,323,273,320],"class_list":{"0":"post-2762","1":"product","2":"type-product","3":"status-publish","4":"has-post-thumbnail","6":"product_cat-fotografia","7":"product_cat-modificadores-de-luz","8":"product_tag-difusor-70cm","9":"product_tag-difusor-de-luz","10":"product_tag-difusor-parabolico","11":"product_tag-parabolica","12":"product_tag-softbox","13":"product_tag-softbox-parabolico","14":"desktop-align-center","15":"tablet-align-left","16":"mobile-align-left","18":"first","19":"onbackorder","20":"purchasable","21":"product-type-simple"},"aioseo_notices":[],"jetpack_sharing_enabled":true,"_links":{"self":[{"href":"https:\/\/studio40shop.com.mx\/index.php?rest_route=\/wp\/v2\/product\/2762","targetHints":{"allow":["GET"]}}],"collection":[{"href":"https:\/\/studio40shop.com.mx\/index.php?rest_route=\/wp\/v2\/product"}],"about":[{"href":"https:\/\/studio40shop.com.mx\/index.php?rest_route=\/wp\/v2\/types\/product"}],"replies":[{"embeddable":true,"href":"https:\/\/studio40shop.com.mx\/index.php?rest_route=%2Fwp%2Fv2%2Fcomments&post=2762"}],"wp:featuredmedia":[{"embeddable":true,"href":"https:\/\/studio40shop.com.mx\/index.php?rest_route=\/wp\/v2\/media\/2763"}],"wp:attachment":[{"href":"https:\/\/studio40shop.com.mx\/index.php?rest_route=%2Fwp%2Fv2%2Fmedia&parent=2762"}],"wp:term":[{"taxonomy":"product_brand","embeddable":true,"href":"https:\/\/studio40shop.com.mx\/index.php?rest_route=%2Fwp%2Fv2%2Fproduct_brand&post=2762"},{"taxonomy":"product_cat","embeddable":true,"href":"https:\/\/studio40shop.com.mx\/index.php?rest_route=%2Fwp%2Fv2%2Fproduct_cat&post=2762"},{"taxonomy":"product_tag","embeddable":true,"href":"https:\/\/studio40shop.com.mx\/index.php?rest_route=%2Fwp%2Fv2%2Fproduct_tag&post=2762"}],"curies":[{"name":"wp","href":"https:\/\/api.w.org\/{rel}","templated":true}]}}