{"id":2768,"date":"2022-05-06T09:15:53","date_gmt":"2022-05-06T14:15:53","guid":{"rendered":"https:\/\/studio40shop.com.mx\/?post_type=product&#038;p=2768"},"modified":"2022-10-15T12:55:29","modified_gmt":"2022-10-15T17:55:29","slug":"softbox-parabolico-qr-p90-liberacion-rapida-godox","status":"publish","type":"product","link":"https:\/\/studio40shop.com.mx\/?product=softbox-parabolico-qr-p90-liberacion-rapida-godox","title":{"rendered":"Softbox Parab\u00f3lico QR-P90 Liberaci\u00f3n R\u00e1pida Godox"},"content":{"rendered":"<p>El Softbox parab\u00f3lico Godox QR-P90 es compatible con la montura Bowens, por lo que podr\u00e1s utilizarla con una gran variedad de luces de estudio. Es ideal para fotograf\u00eda de retrato o moda, ya que brinda una iluminaci\u00f3n suave y natural, as\u00ed como un tenue reflejo en los ojos.<\/p>\n<p>El Softbox QR-P90 de Godox es un modificador de luz de 16 lados que ofrece una salida suave y enfocada con un borde n\u00edtido que le da dimensi\u00f3n y detalle al sujeto a fotografiar. Gracias a su profundidad permite un mayor grado de control direccional y f\u00e1cil desvanecimiento. Su construcci\u00f3n en tela duradera la hace resistente al viento y ca\u00eddas, adem\u00e1s las varillas est\u00e1n fabricadas en fibra de vidrio para una mayor resistencia.<\/p>\n<p>El QR-P90 de Godox proporciona un difusor interior extra\u00edble y un difusor frontal que puedes utilizar individualmente o ambos a la vez, para opciones de suavidad y contraste. De cualquier forma que lo utilices, encontrar\u00e1s que ofrece una luz suave y favorecedora con una calidad envolvente que produce luces redondas de aspecto natural en los ojos de tu sujeto.<\/p>\n<p>Calidad de luz suave fiable: el Godox QR-P90 tiene un interior plateado reflectante para dar un alto contraste, mientras que su interior plateado maximiza la salida de su fuente de luz. Su profundidad de 60 cent\u00edmetros produce una luz enfocada con control direccional.<\/p>\n<p>Luz suave con un borde de nitidez<br \/>\nLa luz enfocada ofrece control direccional<br \/>\nMayor dimensi\u00f3n, detalle y contraste<br \/>\nReducci\u00f3n de la luz dispersa<br \/>\nF\u00e1cil y r\u00e1pida instalaci\u00f3n<\/p>\n<p>&nbsp;<\/p>\n","protected":false},"excerpt":{"rendered":"<p>El Softbox Godox QR-P90 de 90 cm es un modificador de luz de 16 lados que ofrece una salida de luz suave y enfocada. Cuenta con un sistema de liberaci\u00f3n r\u00e1pida, que facilita su uso, adem\u00e1s su anillo reducido de 18 cm a 15 cm est\u00e1 dise\u00f1ado para que sea m\u00e1s f\u00e1cil de transportar y guardar.<\/p>\n","protected":false},"featured_media":2769,"comment_status":"open","ping_status":"closed","template":"","meta":{"site-sidebar-layout":"default","site-content-layout":"default","ast-site-content-layout":"default","site-content-style":"default","site-sidebar-style":"default","ast-global-header-display":"","ast-banner-title-visibility":"","ast-main-header-display":"","ast-hfb-above-header-display":"","ast-hfb-below-header-display":"","ast-hfb-mobile-header-display":"","site-post-title":"","ast-breadcrumbs-content":"","ast-featured-img":"","footer-sml-layout":"","ast-disable-related-posts":"","theme-transparent-header-meta":"default","adv-header-id-meta":"","stick-header-meta":"","header-above-stick-meta":"","header-main-stick-meta":"","header-below-stick-meta":"","astra-migrate-meta-layouts":"default","ast-page-background-enabled":"default","ast-page-background-meta":{"desktop":{"background-color":"var(--ast-global-color-4)","background-image":"","background-repeat":"repeat","background-position":"center center","background-size":"auto","background-attachment":"scroll","background-type":"","background-media":"","overlay-type":"","overlay-color":"","overlay-opacity":"","overlay-gradient":""},"tablet":{"background-color":"","background-image":"","background-repeat":"repeat","background-position":"center center","background-size":"auto","background-attachment":"scroll","background-type":"","background-media":"","overlay-type":"","overlay-color":"","overlay-opacity":"","overlay-gradient":""},"mobile":{"background-color":"","background-image":"","background-repeat":"repeat","background-position":"center center","background-size":"auto","background-attachment":"scroll","background-type":"","background-media":"","overlay-type":"","overlay-color":"","overlay-opacity":"","overlay-gradient":""}},"ast-content-background-meta":{"desktop":{"background-color":"var(--ast-global-color-5)","background-image":"","background-repeat":"repeat","background-position":"center center","background-size":"auto","background-attachment":"scroll","background-type":"","background-media":"","overlay-type":"","overlay-color":"","overlay-opacity":"","overlay-gradient":""},"tablet":{"background-color":"var(--ast-global-color-5)","background-image":"","background-repeat":"repeat","background-position":"center center","background-size":"auto","background-attachment":"scroll","background-type":"","background-media":"","overlay-type":"","overlay-color":"","overlay-opacity":"","overlay-gradient":""},"mobile":{"background-color":"var(--ast-global-color-5)","background-image":"","background-repeat":"repeat","background-position":"center center","background-size":"auto","background-attachment":"scroll","background-type":"","background-media":"","overlay-type":"","overlay-color":"","overlay-opacity":"","overlay-gradient":""}},"_themeisle_gutenberg_block_has_review":false},"product_brand":[],"product_cat":[84,105],"product_tag":[287,322,291,273,285,276,320],"class_list":{"0":"post-2768","1":"product","2":"type-product","3":"status-publish","4":"has-post-thumbnail","6":"product_cat-fotografia","7":"product_cat-modificadores-de-luz","8":"product_tag-difusor-de-luz","9":"product_tag-difusor-parabolico","10":"product_tag-octabox","11":"product_tag-softbox","12":"product_tag-softbox-90cm","13":"product_tag-softbox-godox","14":"product_tag-softbox-parabolico","15":"desktop-align-center","16":"tablet-align-left","17":"mobile-align-left","19":"first","20":"onbackorder","21":"purchasable","22":"product-type-simple"},"aioseo_notices":[],"jetpack_sharing_enabled":true,"_links":{"self":[{"href":"https:\/\/studio40shop.com.mx\/index.php?rest_route=\/wp\/v2\/product\/2768","targetHints":{"allow":["GET"]}}],"collection":[{"href":"https:\/\/studio40shop.com.mx\/index.php?rest_route=\/wp\/v2\/product"}],"about":[{"href":"https:\/\/studio40shop.com.mx\/index.php?rest_route=\/wp\/v2\/types\/product"}],"replies":[{"embeddable":true,"href":"https:\/\/studio40shop.com.mx\/index.php?rest_route=%2Fwp%2Fv2%2Fcomments&post=2768"}],"wp:featuredmedia":[{"embeddable":true,"href":"https:\/\/studio40shop.com.mx\/index.php?rest_route=\/wp\/v2\/media\/2769"}],"wp:attachment":[{"href":"https:\/\/studio40shop.com.mx\/index.php?rest_route=%2Fwp%2Fv2%2Fmedia&parent=2768"}],"wp:term":[{"taxonomy":"product_brand","embeddable":true,"href":"https:\/\/studio40shop.com.mx\/index.php?rest_route=%2Fwp%2Fv2%2Fproduct_brand&post=2768"},{"taxonomy":"product_cat","embeddable":true,"href":"https:\/\/studio40shop.com.mx\/index.php?rest_route=%2Fwp%2Fv2%2Fproduct_cat&post=2768"},{"taxonomy":"product_tag","embeddable":true,"href":"https:\/\/studio40shop.com.mx\/index.php?rest_route=%2Fwp%2Fv2%2Fproduct_tag&post=2768"}],"curies":[{"name":"wp","href":"https:\/\/api.w.org\/{rel}","templated":true}]}}