{"id":2774,"date":"2022-05-06T09:20:36","date_gmt":"2022-05-06T14:20:36","guid":{"rendered":"https:\/\/studio40shop.com.mx\/?post_type=product&#038;p=2774"},"modified":"2022-10-15T12:55:27","modified_gmt":"2022-10-15T17:55:27","slug":"softbox-parabolico-qr-p120-liberacion-rapida-godox","status":"publish","type":"product","link":"https:\/\/studio40shop.com.mx\/?product=softbox-parabolico-qr-p120-liberacion-rapida-godox","title":{"rendered":"Softbox Parab\u00f3lico QR-P120 Liberaci\u00f3n R\u00e1pida Godox"},"content":{"rendered":"<p>El Softbox parab\u00f3lico Godox QR-P120 es compatible con la montura Bowens, por lo que podr\u00e1s utilizarla con una gran variedad de luces de estudio. Es ideal para fotograf\u00eda de retrato o moda, ya quebrinda una iluminaci\u00f3n suave y natural, as\u00ed como un tenue reflejo en los ojos.<\/p>\n<p>El Softbox QR-P120 de Godox es un modificador de luz de 16 lados que ofrece una salida suave y enfocada con un borde n\u00edtido que le da dimensi\u00f3n y detalle al sujeto a fotografiar. Gracias a su profundidad permite un mayor grado de control direccional y f\u00e1cil desvanecimiento. Su construcci\u00f3n en tela duradera la hace resistente al viento y ca\u00eddas, adem\u00e1s las varillas est\u00e1n fabricadas en fibra de vidrio para una mayor resistencia.<\/p>\n<p>El QR-P120 de Godox proporciona un difusor interior extra\u00edble y un difusor frontal que puedes utilizar individualmente o ambos a la vez, para opciones de suavidad y contraste. De cualquier forma que lo utilices, encontrar\u00e1s que ofrece una luz suave y favorecedora con una calidad envolvente que produce luces redondas de aspecto natural en los ojos de tu sujeto.<\/p>\n<p>Calidad de luz suave fiable: el Godox QR-P120 tiene un interior plateado reflectante para dar un alto contraste, mientras que su interior plateado maximiza la salida de su fuente de luz. Su profundidad de 60 cent\u00edmetros produce una luz enfocada con control direccional.<\/p>\n<p>Luz suave con un borde de nitidez<br \/>\nLa luz enfocada ofrece control direccional<br \/>\nMayor dimensi\u00f3n, detalle y contraste<br \/>\nReducci\u00f3n de la luz dispersa<br \/>\nF\u00e1cil y r\u00e1pida instalaci\u00f3n<\/p>\n<p>&nbsp;<\/p>\n","protected":false},"excerpt":{"rendered":"<p>El Softbox Godox QR-P120 de 120 cm es un modificador de luz de 16 lados que ofrece una salida de luz suave y enfocada. Cuenta con un sistema de liberaci\u00f3n r\u00e1pida, que facilita su uso, adem\u00e1s es f\u00e1cil de transportar y guardar. Es ideal para fotograf\u00eda de retrato o moda. Brinda una luz suave y un tenue reflejo en los ojos.<\/p>\n","protected":false},"featured_media":2775,"comment_status":"open","ping_status":"closed","template":"","meta":{"site-sidebar-layout":"default","site-content-layout":"default","ast-site-content-layout":"default","site-content-style":"default","site-sidebar-style":"default","ast-global-header-display":"","ast-banner-title-visibility":"","ast-main-header-display":"","ast-hfb-above-header-display":"","ast-hfb-below-header-display":"","ast-hfb-mobile-header-display":"","site-post-title":"","ast-breadcrumbs-content":"","ast-featured-img":"","footer-sml-layout":"","ast-disable-related-posts":"","theme-transparent-header-meta":"default","adv-header-id-meta":"","stick-header-meta":"","header-above-stick-meta":"","header-main-stick-meta":"","header-below-stick-meta":"","astra-migrate-meta-layouts":"default","ast-page-background-enabled":"default","ast-page-background-meta":{"desktop":{"background-color":"var(--ast-global-color-4)","background-image":"","background-repeat":"repeat","background-position":"center center","background-size":"auto","background-attachment":"scroll","background-type":"","background-media":"","overlay-type":"","overlay-color":"","overlay-opacity":"","overlay-gradient":""},"tablet":{"background-color":"","background-image":"","background-repeat":"repeat","background-position":"center center","background-size":"auto","background-attachment":"scroll","background-type":"","background-media":"","overlay-type":"","overlay-color":"","overlay-opacity":"","overlay-gradient":""},"mobile":{"background-color":"","background-image":"","background-repeat":"repeat","background-position":"center center","background-size":"auto","background-attachment":"scroll","background-type":"","background-media":"","overlay-type":"","overlay-color":"","overlay-opacity":"","overlay-gradient":""}},"ast-content-background-meta":{"desktop":{"background-color":"var(--ast-global-color-5)","background-image":"","background-repeat":"repeat","background-position":"center center","background-size":"auto","background-attachment":"scroll","background-type":"","background-media":"","overlay-type":"","overlay-color":"","overlay-opacity":"","overlay-gradient":""},"tablet":{"background-color":"var(--ast-global-color-5)","background-image":"","background-repeat":"repeat","background-position":"center center","background-size":"auto","background-attachment":"scroll","background-type":"","background-media":"","overlay-type":"","overlay-color":"","overlay-opacity":"","overlay-gradient":""},"mobile":{"background-color":"var(--ast-global-color-5)","background-image":"","background-repeat":"repeat","background-position":"center center","background-size":"auto","background-attachment":"scroll","background-type":"","background-media":"","overlay-type":"","overlay-color":"","overlay-opacity":"","overlay-gradient":""}},"_themeisle_gutenberg_block_has_review":false},"product_brand":[],"product_cat":[84,105],"product_tag":[287,322,273,276,320],"class_list":{"0":"post-2774","1":"product","2":"type-product","3":"status-publish","4":"has-post-thumbnail","6":"product_cat-fotografia","7":"product_cat-modificadores-de-luz","8":"product_tag-difusor-de-luz","9":"product_tag-difusor-parabolico","10":"product_tag-softbox","11":"product_tag-softbox-godox","12":"product_tag-softbox-parabolico","13":"desktop-align-center","14":"tablet-align-left","15":"mobile-align-left","17":"first","18":"onbackorder","19":"purchasable","20":"product-type-simple"},"aioseo_notices":[],"jetpack_sharing_enabled":true,"_links":{"self":[{"href":"https:\/\/studio40shop.com.mx\/index.php?rest_route=\/wp\/v2\/product\/2774","targetHints":{"allow":["GET"]}}],"collection":[{"href":"https:\/\/studio40shop.com.mx\/index.php?rest_route=\/wp\/v2\/product"}],"about":[{"href":"https:\/\/studio40shop.com.mx\/index.php?rest_route=\/wp\/v2\/types\/product"}],"replies":[{"embeddable":true,"href":"https:\/\/studio40shop.com.mx\/index.php?rest_route=%2Fwp%2Fv2%2Fcomments&post=2774"}],"wp:featuredmedia":[{"embeddable":true,"href":"https:\/\/studio40shop.com.mx\/index.php?rest_route=\/wp\/v2\/media\/2775"}],"wp:attachment":[{"href":"https:\/\/studio40shop.com.mx\/index.php?rest_route=%2Fwp%2Fv2%2Fmedia&parent=2774"}],"wp:term":[{"taxonomy":"product_brand","embeddable":true,"href":"https:\/\/studio40shop.com.mx\/index.php?rest_route=%2Fwp%2Fv2%2Fproduct_brand&post=2774"},{"taxonomy":"product_cat","embeddable":true,"href":"https:\/\/studio40shop.com.mx\/index.php?rest_route=%2Fwp%2Fv2%2Fproduct_cat&post=2774"},{"taxonomy":"product_tag","embeddable":true,"href":"https:\/\/studio40shop.com.mx\/index.php?rest_route=%2Fwp%2Fv2%2Fproduct_tag&post=2774"}],"curies":[{"name":"wp","href":"https:\/\/api.w.org\/{rel}","templated":true}]}}