{"id":2792,"date":"2022-05-06T09:49:34","date_gmt":"2022-05-06T14:49:34","guid":{"rendered":"https:\/\/studio40shop.com.mx\/?post_type=product&#038;p=2792"},"modified":"2022-10-15T12:55:18","modified_gmt":"2022-10-15T17:55:18","slug":"grid-para-softbox-parabolico-qr-p70-70cm-godox","status":"publish","type":"product","link":"https:\/\/studio40shop.com.mx\/?product=grid-para-softbox-parabolico-qr-p70-70cm-godox","title":{"rendered":"Grid para Softbox Parab\u00f3lico QR-P70 70cm Godox"},"content":{"rendered":"<p>Este Grid P70G de Godox es una tela de poli\u00e9ster en forma de panal de abeja que incluye velcro en sus extremos para tener un mejor agarre al colocarlo sobre el softbox. Es ideal para fotograf\u00eda de retrato, fotos de estudio, boda, deportes, entre otros m\u00e1s. La calidad de la luz es suave y las rejillas le permiten tener un mayor control direccional sobre la salida.<\/p>\n<p>Es un grid que proporciona un mayor control sobre el haz de luz. Podr\u00e1s usarlo en espacios cerrados para evitar la contaminaci\u00f3n por la luz no deseada.<\/p>\n<p>Tela ajustable con velcro<br \/>\nElimina la luz dispersa<br \/>\nControl direccional<br \/>\nIluminaci\u00f3n selectiva<\/p>\n","protected":false},"excerpt":{"rendered":"<p>Este Grid P70G de la marca Godox est\u00e1 dise\u00f1ado especialmente para el Softbox Parab\u00f3lico QR-P70 de 70cm de di\u00e1metro (no incluido). Es una tela plegable ideal para eliminar la luz de derrame y proporcionar un mejor control direccional necesario para la iluminaci\u00f3n selectiva del softbox.<\/p>\n","protected":false},"featured_media":2793,"comment_status":"open","ping_status":"closed","template":"","meta":{"site-sidebar-layout":"default","site-content-layout":"default","ast-site-content-layout":"default","site-content-style":"default","site-sidebar-style":"default","ast-global-header-display":"","ast-banner-title-visibility":"","ast-main-header-display":"","ast-hfb-above-header-display":"","ast-hfb-below-header-display":"","ast-hfb-mobile-header-display":"","site-post-title":"","ast-breadcrumbs-content":"","ast-featured-img":"","footer-sml-layout":"","ast-disable-related-posts":"","theme-transparent-header-meta":"default","adv-header-id-meta":"","stick-header-meta":"","header-above-stick-meta":"","header-main-stick-meta":"","header-below-stick-meta":"","astra-migrate-meta-layouts":"default","ast-page-background-enabled":"default","ast-page-background-meta":{"desktop":{"background-color":"var(--ast-global-color-4)","background-image":"","background-repeat":"repeat","background-position":"center center","background-size":"auto","background-attachment":"scroll","background-type":"","background-media":"","overlay-type":"","overlay-color":"","overlay-opacity":"","overlay-gradient":""},"tablet":{"background-color":"","background-image":"","background-repeat":"repeat","background-position":"center center","background-size":"auto","background-attachment":"scroll","background-type":"","background-media":"","overlay-type":"","overlay-color":"","overlay-opacity":"","overlay-gradient":""},"mobile":{"background-color":"","background-image":"","background-repeat":"repeat","background-position":"center center","background-size":"auto","background-attachment":"scroll","background-type":"","background-media":"","overlay-type":"","overlay-color":"","overlay-opacity":"","overlay-gradient":""}},"ast-content-background-meta":{"desktop":{"background-color":"var(--ast-global-color-5)","background-image":"","background-repeat":"repeat","background-position":"center center","background-size":"auto","background-attachment":"scroll","background-type":"","background-media":"","overlay-type":"","overlay-color":"","overlay-opacity":"","overlay-gradient":""},"tablet":{"background-color":"var(--ast-global-color-5)","background-image":"","background-repeat":"repeat","background-position":"center center","background-size":"auto","background-attachment":"scroll","background-type":"","background-media":"","overlay-type":"","overlay-color":"","overlay-opacity":"","overlay-gradient":""},"mobile":{"background-color":"var(--ast-global-color-5)","background-image":"","background-repeat":"repeat","background-position":"center center","background-size":"auto","background-attachment":"scroll","background-type":"","background-media":"","overlay-type":"","overlay-color":"","overlay-opacity":"","overlay-gradient":""}},"_themeisle_gutenberg_block_has_review":false},"product_brand":[],"product_cat":[111,84,105],"product_tag":[298,334,333,332],"class_list":{"0":"post-2792","1":"product","2":"type-product","3":"status-publish","4":"has-post-thumbnail","6":"product_cat-accesorios","7":"product_cat-fotografia","8":"product_cat-modificadores-de-luz","9":"product_tag-grid","10":"product_tag-grid-70","11":"product_tag-grid-para-difusor","12":"product_tag-grid-para-softbox","13":"desktop-align-center","14":"tablet-align-left","15":"mobile-align-left","17":"first","18":"onbackorder","19":"purchasable","20":"product-type-simple"},"aioseo_notices":[],"jetpack_sharing_enabled":true,"_links":{"self":[{"href":"https:\/\/studio40shop.com.mx\/index.php?rest_route=\/wp\/v2\/product\/2792","targetHints":{"allow":["GET"]}}],"collection":[{"href":"https:\/\/studio40shop.com.mx\/index.php?rest_route=\/wp\/v2\/product"}],"about":[{"href":"https:\/\/studio40shop.com.mx\/index.php?rest_route=\/wp\/v2\/types\/product"}],"replies":[{"embeddable":true,"href":"https:\/\/studio40shop.com.mx\/index.php?rest_route=%2Fwp%2Fv2%2Fcomments&post=2792"}],"wp:featuredmedia":[{"embeddable":true,"href":"https:\/\/studio40shop.com.mx\/index.php?rest_route=\/wp\/v2\/media\/2793"}],"wp:attachment":[{"href":"https:\/\/studio40shop.com.mx\/index.php?rest_route=%2Fwp%2Fv2%2Fmedia&parent=2792"}],"wp:term":[{"taxonomy":"product_brand","embeddable":true,"href":"https:\/\/studio40shop.com.mx\/index.php?rest_route=%2Fwp%2Fv2%2Fproduct_brand&post=2792"},{"taxonomy":"product_cat","embeddable":true,"href":"https:\/\/studio40shop.com.mx\/index.php?rest_route=%2Fwp%2Fv2%2Fproduct_cat&post=2792"},{"taxonomy":"product_tag","embeddable":true,"href":"https:\/\/studio40shop.com.mx\/index.php?rest_route=%2Fwp%2Fv2%2Fproduct_tag&post=2792"}],"curies":[{"name":"wp","href":"https:\/\/api.w.org\/{rel}","templated":true}]}}