{"id":2798,"date":"2022-05-06T09:54:39","date_gmt":"2022-05-06T14:54:39","guid":{"rendered":"https:\/\/studio40shop.com.mx\/?post_type=product&#038;p=2798"},"modified":"2022-10-15T12:55:15","modified_gmt":"2022-10-15T17:55:15","slug":"grid-para-softbox-parabolico-qrp90-y-p90h-godox","status":"publish","type":"product","link":"https:\/\/studio40shop.com.mx\/?product=grid-para-softbox-parabolico-qrp90-y-p90h-godox","title":{"rendered":"Grid para Softbox Parab\u00f3lico QRP90 y P90H Godox"},"content":{"rendered":"<p>Este Grid P90G de Godox es una tela de poli\u00e9ster en forma de panal de abeja que incluye velcro en sus extremos para tener un mejor agarre al colocarlo sobre el softbox. Es ideal para fotograf\u00eda de retrato, fotos de estudio, boda, deportes, entre otros m\u00e1s. La calidad de la luz es suave y las rejillas le permiten tener un mayor control direccional sobre la salida.<\/p>\n<p>Es un grid que proporciona un mayor control sobre el haz de luz. Podr\u00e1s usarlo en espacios cerrados para evitar la contaminaci\u00f3n por la luz no deseada.<\/p>\n<p>Compatible con los Softbox Parab\u00f3licos QRP90, P90H y P90L<br \/>\nTela ajustable con velcro<br \/>\nElimina la luz dispersa<br \/>\nControl direccional<br \/>\nIluminaci\u00f3n selectiva<br \/>\nPeso: 220g<br \/>\nDi\u00e1metro: 90cm<\/p>\n","protected":false},"excerpt":{"rendered":"<p>El Grid P90G con forma de panal tejido de poli\u00e9ster Godox es ideal para los softbox parab\u00f3licos QRP90, P90H y P90L. Adecuado para retratos especiales, fotos de estudio, boda, deportes y acci\u00f3n. La calidad de la luz es suave y las rejillas le permiten tener un mayor control direccional sobre la salida.<\/p>\n","protected":false},"featured_media":2793,"comment_status":"open","ping_status":"closed","template":"","meta":{"site-sidebar-layout":"default","site-content-layout":"default","ast-site-content-layout":"default","site-content-style":"default","site-sidebar-style":"default","ast-global-header-display":"","ast-banner-title-visibility":"","ast-main-header-display":"","ast-hfb-above-header-display":"","ast-hfb-below-header-display":"","ast-hfb-mobile-header-display":"","site-post-title":"","ast-breadcrumbs-content":"","ast-featured-img":"","footer-sml-layout":"","ast-disable-related-posts":"","theme-transparent-header-meta":"default","adv-header-id-meta":"","stick-header-meta":"","header-above-stick-meta":"","header-main-stick-meta":"","header-below-stick-meta":"","astra-migrate-meta-layouts":"default","ast-page-background-enabled":"default","ast-page-background-meta":{"desktop":{"background-color":"var(--ast-global-color-4)","background-image":"","background-repeat":"repeat","background-position":"center center","background-size":"auto","background-attachment":"scroll","background-type":"","background-media":"","overlay-type":"","overlay-color":"","overlay-opacity":"","overlay-gradient":""},"tablet":{"background-color":"","background-image":"","background-repeat":"repeat","background-position":"center center","background-size":"auto","background-attachment":"scroll","background-type":"","background-media":"","overlay-type":"","overlay-color":"","overlay-opacity":"","overlay-gradient":""},"mobile":{"background-color":"","background-image":"","background-repeat":"repeat","background-position":"center center","background-size":"auto","background-attachment":"scroll","background-type":"","background-media":"","overlay-type":"","overlay-color":"","overlay-opacity":"","overlay-gradient":""}},"ast-content-background-meta":{"desktop":{"background-color":"var(--ast-global-color-5)","background-image":"","background-repeat":"repeat","background-position":"center center","background-size":"auto","background-attachment":"scroll","background-type":"","background-media":"","overlay-type":"","overlay-color":"","overlay-opacity":"","overlay-gradient":""},"tablet":{"background-color":"var(--ast-global-color-5)","background-image":"","background-repeat":"repeat","background-position":"center center","background-size":"auto","background-attachment":"scroll","background-type":"","background-media":"","overlay-type":"","overlay-color":"","overlay-opacity":"","overlay-gradient":""},"mobile":{"background-color":"var(--ast-global-color-5)","background-image":"","background-repeat":"repeat","background-position":"center center","background-size":"auto","background-attachment":"scroll","background-type":"","background-media":"","overlay-type":"","overlay-color":"","overlay-opacity":"","overlay-gradient":""}},"_themeisle_gutenberg_block_has_review":false},"product_brand":[],"product_cat":[111,84,105],"product_tag":[298,336,337,335,332,338,339],"class_list":{"0":"post-2798","1":"product","2":"type-product","3":"status-publish","4":"has-post-thumbnail","6":"product_cat-accesorios","7":"product_cat-fotografia","8":"product_cat-modificadores-de-luz","9":"product_tag-grid","10":"product_tag-grid-90cm","11":"product_tag-grid-con-velcro","12":"product_tag-grid-para-parabolica","13":"product_tag-grid-para-softbox","14":"product_tag-panal-para-softbox","15":"product_tag-tela-difusora-panal","16":"desktop-align-center","17":"tablet-align-left","18":"mobile-align-left","20":"first","21":"onbackorder","22":"purchasable","23":"product-type-simple"},"aioseo_notices":[],"jetpack_sharing_enabled":true,"_links":{"self":[{"href":"https:\/\/studio40shop.com.mx\/index.php?rest_route=\/wp\/v2\/product\/2798","targetHints":{"allow":["GET"]}}],"collection":[{"href":"https:\/\/studio40shop.com.mx\/index.php?rest_route=\/wp\/v2\/product"}],"about":[{"href":"https:\/\/studio40shop.com.mx\/index.php?rest_route=\/wp\/v2\/types\/product"}],"replies":[{"embeddable":true,"href":"https:\/\/studio40shop.com.mx\/index.php?rest_route=%2Fwp%2Fv2%2Fcomments&post=2798"}],"wp:featuredmedia":[{"embeddable":true,"href":"https:\/\/studio40shop.com.mx\/index.php?rest_route=\/wp\/v2\/media\/2793"}],"wp:attachment":[{"href":"https:\/\/studio40shop.com.mx\/index.php?rest_route=%2Fwp%2Fv2%2Fmedia&parent=2798"}],"wp:term":[{"taxonomy":"product_brand","embeddable":true,"href":"https:\/\/studio40shop.com.mx\/index.php?rest_route=%2Fwp%2Fv2%2Fproduct_brand&post=2798"},{"taxonomy":"product_cat","embeddable":true,"href":"https:\/\/studio40shop.com.mx\/index.php?rest_route=%2Fwp%2Fv2%2Fproduct_cat&post=2798"},{"taxonomy":"product_tag","embeddable":true,"href":"https:\/\/studio40shop.com.mx\/index.php?rest_route=%2Fwp%2Fv2%2Fproduct_tag&post=2798"}],"curies":[{"name":"wp","href":"https:\/\/api.w.org\/{rel}","templated":true}]}}