{"id":2814,"date":"2022-05-06T10:17:12","date_gmt":"2022-05-06T15:17:12","guid":{"rendered":"https:\/\/studio40shop.com.mx\/?post_type=product&#038;p=2814"},"modified":"2022-10-15T12:54:17","modified_gmt":"2022-10-15T17:54:17","slug":"softbox-parabolico-85cm-ad-s85s-para-flashes-ad400pro-godox","status":"publish","type":"product","link":"https:\/\/studio40shop.com.mx\/?product=softbox-parabolico-85cm-ad-s85s-para-flashes-ad400pro-godox","title":{"rendered":"Softbox Parab\u00f3lico 85cm AD-S85S para Flashes AD400PRO Godox"},"content":{"rendered":"<p>El Softbox Parab\u00f3lico AD-S85S de Godox tiene un di\u00e1metro de 85cm y es ideal para montarlo sobre los flashes AD400PRO. Podr\u00e1s realizar fotograf\u00edas o grabaciones con una iluminaci\u00f3n adecuada gracias a su dise\u00f1o profundo para producir la luz suave que tanto deseas. Es un softbox que tiene una ca\u00edda pronunciada para obtener una iluminaci\u00f3n f\u00e1cil de los bordes y el difuminado.<\/p>\n<p>Cuenta con reflectores internos extras de color plateado y dorado, que te permitir\u00e1n modificar el tono de luz. Coloca dentro del softbox parab\u00f3lico el reflector de color plateado para obtener tonos de aspecto fr\u00edos con un contraste r\u00e1pido o coloca el reflector de color dorado para una iluminacion suave y c\u00e1lida, gracias a su difusor frontal extraible sera m\u00e1s f\u00e1cil obtener esta calidad de luz.<\/p>\n<p>Con su grid de tela puedes obtener una iluminaci\u00f3n selectiva, ya que impide el derrame de la luz y proporciona un mayor control. Cuenta con un mecanismo de plegado que te permite montar y desmontar r\u00e1pidamente.<\/p>\n<p>Es compatible con los focos port\u00e1tiles AD300Pro, el AD400Pro o el ML60 para tener un buen funcionamiento, ya que cuenta con una montura ligera.<\/p>\n","protected":false},"excerpt":{"rendered":"<p>El Softbox Parab\u00f3lico AD-S85S de la marca Godox cuenta con un dise\u00f1o especial para montarse sobre los Flashes AD400PRO. Es ideal para obtener una luz m\u00e1s suave y precisa. Incluye reflectores internos adicionales de color dorado y plateado para colocarlos en el softbox de 85cm de di\u00e1metro y obtener un aspecto de tonos frios y calidos.<\/p>\n","protected":false},"featured_media":2815,"comment_status":"open","ping_status":"closed","template":"","meta":{"site-sidebar-layout":"default","site-content-layout":"default","ast-site-content-layout":"default","site-content-style":"default","site-sidebar-style":"default","ast-global-header-display":"","ast-banner-title-visibility":"","ast-main-header-display":"","ast-hfb-above-header-display":"","ast-hfb-below-header-display":"","ast-hfb-mobile-header-display":"","site-post-title":"","ast-breadcrumbs-content":"","ast-featured-img":"","footer-sml-layout":"","ast-disable-related-posts":"","theme-transparent-header-meta":"default","adv-header-id-meta":"","stick-header-meta":"","header-above-stick-meta":"","header-main-stick-meta":"","header-below-stick-meta":"","astra-migrate-meta-layouts":"default","ast-page-background-enabled":"default","ast-page-background-meta":{"desktop":{"background-color":"var(--ast-global-color-4)","background-image":"","background-repeat":"repeat","background-position":"center center","background-size":"auto","background-attachment":"scroll","background-type":"","background-media":"","overlay-type":"","overlay-color":"","overlay-opacity":"","overlay-gradient":""},"tablet":{"background-color":"","background-image":"","background-repeat":"repeat","background-position":"center center","background-size":"auto","background-attachment":"scroll","background-type":"","background-media":"","overlay-type":"","overlay-color":"","overlay-opacity":"","overlay-gradient":""},"mobile":{"background-color":"","background-image":"","background-repeat":"repeat","background-position":"center center","background-size":"auto","background-attachment":"scroll","background-type":"","background-media":"","overlay-type":"","overlay-color":"","overlay-opacity":"","overlay-gradient":""}},"ast-content-background-meta":{"desktop":{"background-color":"var(--ast-global-color-5)","background-image":"","background-repeat":"repeat","background-position":"center center","background-size":"auto","background-attachment":"scroll","background-type":"","background-media":"","overlay-type":"","overlay-color":"","overlay-opacity":"","overlay-gradient":""},"tablet":{"background-color":"var(--ast-global-color-5)","background-image":"","background-repeat":"repeat","background-position":"center center","background-size":"auto","background-attachment":"scroll","background-type":"","background-media":"","overlay-type":"","overlay-color":"","overlay-opacity":"","overlay-gradient":""},"mobile":{"background-color":"var(--ast-global-color-5)","background-image":"","background-repeat":"repeat","background-position":"center center","background-size":"auto","background-attachment":"scroll","background-type":"","background-media":"","overlay-type":"","overlay-color":"","overlay-opacity":"","overlay-gradient":""}},"_themeisle_gutenberg_block_has_review":false},"product_brand":[],"product_cat":[84,105],"product_tag":[299,287,322,273,297,276,320],"class_list":{"0":"post-2814","1":"product","2":"type-product","3":"status-publish","4":"has-post-thumbnail","6":"product_cat-fotografia","7":"product_cat-modificadores-de-luz","8":"product_tag-difusor-con-panal","9":"product_tag-difusor-de-luz","10":"product_tag-difusor-parabolico","11":"product_tag-softbox","12":"product_tag-softbox-con-grid","13":"product_tag-softbox-godox","14":"product_tag-softbox-parabolico","15":"desktop-align-center","16":"tablet-align-left","17":"mobile-align-left","19":"first","20":"onbackorder","21":"purchasable","22":"product-type-simple"},"aioseo_notices":[],"jetpack_sharing_enabled":true,"_links":{"self":[{"href":"https:\/\/studio40shop.com.mx\/index.php?rest_route=\/wp\/v2\/product\/2814","targetHints":{"allow":["GET"]}}],"collection":[{"href":"https:\/\/studio40shop.com.mx\/index.php?rest_route=\/wp\/v2\/product"}],"about":[{"href":"https:\/\/studio40shop.com.mx\/index.php?rest_route=\/wp\/v2\/types\/product"}],"replies":[{"embeddable":true,"href":"https:\/\/studio40shop.com.mx\/index.php?rest_route=%2Fwp%2Fv2%2Fcomments&post=2814"}],"wp:featuredmedia":[{"embeddable":true,"href":"https:\/\/studio40shop.com.mx\/index.php?rest_route=\/wp\/v2\/media\/2815"}],"wp:attachment":[{"href":"https:\/\/studio40shop.com.mx\/index.php?rest_route=%2Fwp%2Fv2%2Fmedia&parent=2814"}],"wp:term":[{"taxonomy":"product_brand","embeddable":true,"href":"https:\/\/studio40shop.com.mx\/index.php?rest_route=%2Fwp%2Fv2%2Fproduct_brand&post=2814"},{"taxonomy":"product_cat","embeddable":true,"href":"https:\/\/studio40shop.com.mx\/index.php?rest_route=%2Fwp%2Fv2%2Fproduct_cat&post=2814"},{"taxonomy":"product_tag","embeddable":true,"href":"https:\/\/studio40shop.com.mx\/index.php?rest_route=%2Fwp%2Fv2%2Fproduct_tag&post=2814"}],"curies":[{"name":"wp","href":"https:\/\/api.w.org\/{rel}","templated":true}]}}