{"id":2846,"date":"2022-05-06T11:18:18","date_gmt":"2022-05-06T16:18:18","guid":{"rendered":"https:\/\/studio40shop.com.mx\/?post_type=product&#038;p=2846"},"modified":"2022-10-15T12:54:00","modified_gmt":"2022-10-15T17:54:00","slug":"reflector-7-en-1-de-110cm-godox","status":"publish","type":"product","link":"https:\/\/studio40shop.com.mx\/?product=reflector-7-en-1-de-110cm-godox","title":{"rendered":"Reflector 7 en 1 de 110cm Godox"},"content":{"rendered":"<p>ELIMINA SOMBRAS DE ROSTROS Y CUERPO DE UNA MANERA F\u00c1CIL Y PR\u00c1CTICA.<\/p>\n<p>ART\u00cdCULO B\u00c1SICO PARA TODO FOT\u00d3GRAFO.<\/p>\n<p>Color Plata: Mejora los aspectos m\u00e1s destacados y aumenta el contraste de las im\u00e1genes. Es perfecto para el v\u00eddeo,producto y blanco y negro de fotograf\u00eda.<\/p>\n<p>Color Oro: Llena de un c\u00e1lido tono de color natural que va bien con atardeceres, fotograf\u00eda del producto (por ejemplo, joyas), as\u00ed como retratos de interior.<\/p>\n<p>Blanco opaco: Produce luz de color suave y neutro que funciona bien con ambos productos y la toma de retratos.<\/p>\n<p>Transl\u00facida blanca: una luz intensa puede difundir y suavizar la fuente de luz.<\/p>\n<p>Negro: Para bloquear la luz no deseada o reducir la reflexi\u00f3n.<\/p>\n<p>Verde y azul: Grande para la post-producci\u00f3n, el efecto chroma key para conformar el fondo transparente que se puede sobreponer otra imagen detr\u00e1s del sujeto.<\/p>\n<p>Dimensi\u00f3n<\/p>\n<p>110 cm<\/p>\n<p>Incluye funda de transporte<\/p>\n","protected":false},"excerpt":{"rendered":"<p>El Reflector 7 en 1 GODOX cuenta con siete colores, los cuales puedes utilizar dependiendo del efecto que desees crear.<\/p>\n<p>Es ideal para los retratos, la naturaleza, los primeros planos, la fotograf\u00eda de productos etc. El reflector refleja la luz del sol o artificial.<\/p>\n<p>Los reflectores son ideales para fotograf\u00eda pero tambi\u00e9n para el v\u00eddeo.<\/p>\n<p>Incluye los colores:<br \/>\nDorado, Plata, Blanco, Negro, Translucida, Verde y Azul.<\/p>\n","protected":false},"featured_media":2847,"comment_status":"open","ping_status":"closed","template":"","meta":{"site-sidebar-layout":"default","site-content-layout":"default","ast-site-content-layout":"default","site-content-style":"default","site-sidebar-style":"default","ast-global-header-display":"","ast-banner-title-visibility":"","ast-main-header-display":"","ast-hfb-above-header-display":"","ast-hfb-below-header-display":"","ast-hfb-mobile-header-display":"","site-post-title":"","ast-breadcrumbs-content":"","ast-featured-img":"","footer-sml-layout":"","ast-disable-related-posts":"","theme-transparent-header-meta":"default","adv-header-id-meta":"","stick-header-meta":"","header-above-stick-meta":"","header-main-stick-meta":"","header-below-stick-meta":"","astra-migrate-meta-layouts":"default","ast-page-background-enabled":"default","ast-page-background-meta":{"desktop":{"background-color":"var(--ast-global-color-4)","background-image":"","background-repeat":"repeat","background-position":"center center","background-size":"auto","background-attachment":"scroll","background-type":"","background-media":"","overlay-type":"","overlay-color":"","overlay-opacity":"","overlay-gradient":""},"tablet":{"background-color":"","background-image":"","background-repeat":"repeat","background-position":"center center","background-size":"auto","background-attachment":"scroll","background-type":"","background-media":"","overlay-type":"","overlay-color":"","overlay-opacity":"","overlay-gradient":""},"mobile":{"background-color":"","background-image":"","background-repeat":"repeat","background-position":"center center","background-size":"auto","background-attachment":"scroll","background-type":"","background-media":"","overlay-type":"","overlay-color":"","overlay-opacity":"","overlay-gradient":""}},"ast-content-background-meta":{"desktop":{"background-color":"var(--ast-global-color-5)","background-image":"","background-repeat":"repeat","background-position":"center center","background-size":"auto","background-attachment":"scroll","background-type":"","background-media":"","overlay-type":"","overlay-color":"","overlay-opacity":"","overlay-gradient":""},"tablet":{"background-color":"var(--ast-global-color-5)","background-image":"","background-repeat":"repeat","background-position":"center center","background-size":"auto","background-attachment":"scroll","background-type":"","background-media":"","overlay-type":"","overlay-color":"","overlay-opacity":"","overlay-gradient":""},"mobile":{"background-color":"var(--ast-global-color-5)","background-image":"","background-repeat":"repeat","background-position":"center center","background-size":"auto","background-attachment":"scroll","background-type":"","background-media":"","overlay-type":"","overlay-color":"","overlay-opacity":"","overlay-gradient":""}},"_themeisle_gutenberg_block_has_review":false},"product_brand":[],"product_cat":[84,105],"product_tag":[287,225,352,351],"class_list":{"0":"post-2846","1":"product","2":"type-product","3":"status-publish","4":"has-post-thumbnail","6":"product_cat-fotografia","7":"product_cat-modificadores-de-luz","8":"product_tag-difusor-de-luz","9":"product_tag-godox","10":"product_tag-rebotador-circular","11":"product_tag-rebotador-de-luz","12":"desktop-align-center","13":"tablet-align-left","14":"mobile-align-left","16":"first","17":"onbackorder","18":"purchasable","19":"product-type-simple"},"aioseo_notices":[],"jetpack_sharing_enabled":true,"_links":{"self":[{"href":"https:\/\/studio40shop.com.mx\/index.php?rest_route=\/wp\/v2\/product\/2846","targetHints":{"allow":["GET"]}}],"collection":[{"href":"https:\/\/studio40shop.com.mx\/index.php?rest_route=\/wp\/v2\/product"}],"about":[{"href":"https:\/\/studio40shop.com.mx\/index.php?rest_route=\/wp\/v2\/types\/product"}],"replies":[{"embeddable":true,"href":"https:\/\/studio40shop.com.mx\/index.php?rest_route=%2Fwp%2Fv2%2Fcomments&post=2846"}],"wp:featuredmedia":[{"embeddable":true,"href":"https:\/\/studio40shop.com.mx\/index.php?rest_route=\/wp\/v2\/media\/2847"}],"wp:attachment":[{"href":"https:\/\/studio40shop.com.mx\/index.php?rest_route=%2Fwp%2Fv2%2Fmedia&parent=2846"}],"wp:term":[{"taxonomy":"product_brand","embeddable":true,"href":"https:\/\/studio40shop.com.mx\/index.php?rest_route=%2Fwp%2Fv2%2Fproduct_brand&post=2846"},{"taxonomy":"product_cat","embeddable":true,"href":"https:\/\/studio40shop.com.mx\/index.php?rest_route=%2Fwp%2Fv2%2Fproduct_cat&post=2846"},{"taxonomy":"product_tag","embeddable":true,"href":"https:\/\/studio40shop.com.mx\/index.php?rest_route=%2Fwp%2Fv2%2Fproduct_tag&post=2846"}],"curies":[{"name":"wp","href":"https:\/\/api.w.org\/{rel}","templated":true}]}}