{"id":2870,"date":"2022-05-06T12:54:59","date_gmt":"2022-05-06T17:54:59","guid":{"rendered":"https:\/\/studio40shop.com.mx\/?post_type=product&#038;p=2870"},"modified":"2022-10-15T12:53:44","modified_gmt":"2022-10-15T17:53:44","slug":"sombrilla-parabolica-blanca-transparente-130cm-godox","status":"publish","type":"product","link":"https:\/\/studio40shop.com.mx\/?product=sombrilla-parabolica-blanca-transparente-130cm-godox","title":{"rendered":"Sombrilla Parab\u00f3lica Blanca\/Transparente 130cm Godox"},"content":{"rendered":"<p>La sombrilla parab\u00f3lica UB-130D de Godox ayuda a suavizar, ampliar y difundir uniformemente la luz de cualquier fuente, como l\u00e1mparas flash, bombillas o luz continua.<\/p>\n<p>Cuenta con un color blanco\/transparente, el color blanco difunde la luz haci\u00e9ndola m\u00e1s natural, creando una segunda fuente de iluminaci\u00f3n suavizando y rellenando las sombras duras, resaltando las luces principales y el transparente permite utilizarlo como un modificador de luz de rebote o de disparo similar a una softbox.<\/p>\n<p>Este modificador de luz es muy sencillo, f\u00e1cil de utilizar y ocupa poco espacio. Cuenta con un tama\u00f1o de 130cm de di\u00e1metro ideal para obtener una mejor iluminaci\u00f3n en tus fotograf\u00edas, ya que es un elemento b\u00e1sico del equipo del estudio fotogr\u00e1fico.<\/p>\n<p>Material blanco\/transparente<br \/>\nRebote o disparo a trav\u00e9s de \u00e9l<br \/>\nSuaviza y difunde la luz<br \/>\nMejora la iluminaci\u00f3n ambiental<\/p>\n","protected":false},"excerpt":{"rendered":"<p>La sombrilla parab\u00f3lica UB-130D de Godox es un modificador de luz \u00fanico que combina los efectos de una sombrilla y un softbox. Es una sombrilla ideal para crear contenido m\u00e1s iluminado a la hora de capturar tus fotograf\u00edas de retrato o producto.<\/p>\n","protected":false},"featured_media":2867,"comment_status":"open","ping_status":"closed","template":"","meta":{"site-sidebar-layout":"default","site-content-layout":"default","ast-site-content-layout":"default","site-content-style":"default","site-sidebar-style":"default","ast-global-header-display":"","ast-banner-title-visibility":"","ast-main-header-display":"","ast-hfb-above-header-display":"","ast-hfb-below-header-display":"","ast-hfb-mobile-header-display":"","site-post-title":"","ast-breadcrumbs-content":"","ast-featured-img":"","footer-sml-layout":"","ast-disable-related-posts":"","theme-transparent-header-meta":"default","adv-header-id-meta":"","stick-header-meta":"","header-above-stick-meta":"","header-main-stick-meta":"","header-below-stick-meta":"","astra-migrate-meta-layouts":"default","ast-page-background-enabled":"default","ast-page-background-meta":{"desktop":{"background-color":"var(--ast-global-color-4)","background-image":"","background-repeat":"repeat","background-position":"center center","background-size":"auto","background-attachment":"scroll","background-type":"","background-media":"","overlay-type":"","overlay-color":"","overlay-opacity":"","overlay-gradient":""},"tablet":{"background-color":"","background-image":"","background-repeat":"repeat","background-position":"center center","background-size":"auto","background-attachment":"scroll","background-type":"","background-media":"","overlay-type":"","overlay-color":"","overlay-opacity":"","overlay-gradient":""},"mobile":{"background-color":"","background-image":"","background-repeat":"repeat","background-position":"center center","background-size":"auto","background-attachment":"scroll","background-type":"","background-media":"","overlay-type":"","overlay-color":"","overlay-opacity":"","overlay-gradient":""}},"ast-content-background-meta":{"desktop":{"background-color":"var(--ast-global-color-5)","background-image":"","background-repeat":"repeat","background-position":"center center","background-size":"auto","background-attachment":"scroll","background-type":"","background-media":"","overlay-type":"","overlay-color":"","overlay-opacity":"","overlay-gradient":""},"tablet":{"background-color":"var(--ast-global-color-5)","background-image":"","background-repeat":"repeat","background-position":"center center","background-size":"auto","background-attachment":"scroll","background-type":"","background-media":"","overlay-type":"","overlay-color":"","overlay-opacity":"","overlay-gradient":""},"mobile":{"background-color":"var(--ast-global-color-5)","background-image":"","background-repeat":"repeat","background-position":"center center","background-size":"auto","background-attachment":"scroll","background-type":"","background-media":"","overlay-type":"","overlay-color":"","overlay-opacity":"","overlay-gradient":""}},"_themeisle_gutenberg_block_has_review":false},"product_brand":[],"product_cat":[84,105],"product_tag":[287,322,310,225],"class_list":{"0":"post-2870","1":"product","2":"type-product","3":"status-publish","4":"has-post-thumbnail","6":"product_cat-fotografia","7":"product_cat-modificadores-de-luz","8":"product_tag-difusor-de-luz","9":"product_tag-difusor-parabolico","10":"product_tag-difusor-tipo-sombrilla","11":"product_tag-godox","12":"desktop-align-center","13":"tablet-align-left","14":"mobile-align-left","16":"first","17":"onbackorder","18":"purchasable","19":"product-type-simple"},"aioseo_notices":[],"jetpack_sharing_enabled":true,"_links":{"self":[{"href":"https:\/\/studio40shop.com.mx\/index.php?rest_route=\/wp\/v2\/product\/2870","targetHints":{"allow":["GET"]}}],"collection":[{"href":"https:\/\/studio40shop.com.mx\/index.php?rest_route=\/wp\/v2\/product"}],"about":[{"href":"https:\/\/studio40shop.com.mx\/index.php?rest_route=\/wp\/v2\/types\/product"}],"replies":[{"embeddable":true,"href":"https:\/\/studio40shop.com.mx\/index.php?rest_route=%2Fwp%2Fv2%2Fcomments&post=2870"}],"wp:featuredmedia":[{"embeddable":true,"href":"https:\/\/studio40shop.com.mx\/index.php?rest_route=\/wp\/v2\/media\/2867"}],"wp:attachment":[{"href":"https:\/\/studio40shop.com.mx\/index.php?rest_route=%2Fwp%2Fv2%2Fmedia&parent=2870"}],"wp:term":[{"taxonomy":"product_brand","embeddable":true,"href":"https:\/\/studio40shop.com.mx\/index.php?rest_route=%2Fwp%2Fv2%2Fproduct_brand&post=2870"},{"taxonomy":"product_cat","embeddable":true,"href":"https:\/\/studio40shop.com.mx\/index.php?rest_route=%2Fwp%2Fv2%2Fproduct_cat&post=2870"},{"taxonomy":"product_tag","embeddable":true,"href":"https:\/\/studio40shop.com.mx\/index.php?rest_route=%2Fwp%2Fv2%2Fproduct_tag&post=2870"}],"curies":[{"name":"wp","href":"https:\/\/api.w.org\/{rel}","templated":true}]}}