{"id":2947,"date":"2022-05-06T17:48:23","date_gmt":"2022-05-06T22:48:23","guid":{"rendered":"https:\/\/studio40shop.com.mx\/?post_type=product&#038;p=2947"},"modified":"2022-10-15T12:51:46","modified_gmt":"2022-10-15T17:51:46","slug":"beauty-dish-con-grid-42cm-godox","status":"publish","type":"product","link":"https:\/\/studio40shop.com.mx\/?product=beauty-dish-con-grid-42cm-godox","title":{"rendered":"Beauty dish con grid 42cm Godox"},"content":{"rendered":"<p>El Beauty dish con grid 42cm Godox es un accesorio creativo que reduce la extensi\u00f3n del haz del reflector para obtener efectos dram\u00e1ticos e iluminaci\u00f3n selectiva, al tiempo que minimiza la luz del derrame. El Beauty dish con grid 42cm Godox es un accesorio creativo que reduce la extensi\u00f3n del haz del reflector para obtener efectos dram\u00e1ticos e iluminaci\u00f3n selectiva, al tiempo que minimiza la luz del derrame<\/p>\n<p>Estrecho haz extendido<br \/>\nControl direccional, iluminaci\u00f3n selectiva<br \/>\nMinimiza la luz de derrame<\/p>\n","protected":false},"excerpt":{"rendered":"<p>El Beauty dish con grid 42cm Godox es un accesorio creativo que reduce la extensi\u00f3n del haz del reflector para obtener efectos dram\u00e1ticos e iluminaci\u00f3n selectiva, al tiempo que minimiza la luz del derrame.<\/p>\n","protected":false},"featured_media":2948,"comment_status":"open","ping_status":"closed","template":"","meta":{"site-sidebar-layout":"default","site-content-layout":"default","ast-site-content-layout":"default","site-content-style":"default","site-sidebar-style":"default","ast-global-header-display":"","ast-banner-title-visibility":"","ast-main-header-display":"","ast-hfb-above-header-display":"","ast-hfb-below-header-display":"","ast-hfb-mobile-header-display":"","site-post-title":"","ast-breadcrumbs-content":"","ast-featured-img":"","footer-sml-layout":"","ast-disable-related-posts":"","theme-transparent-header-meta":"default","adv-header-id-meta":"","stick-header-meta":"","header-above-stick-meta":"","header-main-stick-meta":"","header-below-stick-meta":"","astra-migrate-meta-layouts":"default","ast-page-background-enabled":"default","ast-page-background-meta":{"desktop":{"background-color":"var(--ast-global-color-4)","background-image":"","background-repeat":"repeat","background-position":"center center","background-size":"auto","background-attachment":"scroll","background-type":"","background-media":"","overlay-type":"","overlay-color":"","overlay-opacity":"","overlay-gradient":""},"tablet":{"background-color":"","background-image":"","background-repeat":"repeat","background-position":"center center","background-size":"auto","background-attachment":"scroll","background-type":"","background-media":"","overlay-type":"","overlay-color":"","overlay-opacity":"","overlay-gradient":""},"mobile":{"background-color":"","background-image":"","background-repeat":"repeat","background-position":"center center","background-size":"auto","background-attachment":"scroll","background-type":"","background-media":"","overlay-type":"","overlay-color":"","overlay-opacity":"","overlay-gradient":""}},"ast-content-background-meta":{"desktop":{"background-color":"var(--ast-global-color-5)","background-image":"","background-repeat":"repeat","background-position":"center center","background-size":"auto","background-attachment":"scroll","background-type":"","background-media":"","overlay-type":"","overlay-color":"","overlay-opacity":"","overlay-gradient":""},"tablet":{"background-color":"var(--ast-global-color-5)","background-image":"","background-repeat":"repeat","background-position":"center center","background-size":"auto","background-attachment":"scroll","background-type":"","background-media":"","overlay-type":"","overlay-color":"","overlay-opacity":"","overlay-gradient":""},"mobile":{"background-color":"var(--ast-global-color-5)","background-image":"","background-repeat":"repeat","background-position":"center center","background-size":"auto","background-attachment":"scroll","background-type":"","background-media":"","overlay-type":"","overlay-color":"","overlay-opacity":"","overlay-gradient":""}},"_themeisle_gutenberg_block_has_review":false},"product_brand":[],"product_cat":[84,105],"product_tag":[],"class_list":{"0":"post-2947","1":"product","2":"type-product","3":"status-publish","4":"has-post-thumbnail","6":"product_cat-fotografia","7":"product_cat-modificadores-de-luz","8":"desktop-align-center","9":"tablet-align-left","10":"mobile-align-left","12":"first","13":"onbackorder","14":"purchasable","15":"product-type-simple"},"aioseo_notices":[],"jetpack_sharing_enabled":true,"_links":{"self":[{"href":"https:\/\/studio40shop.com.mx\/index.php?rest_route=\/wp\/v2\/product\/2947","targetHints":{"allow":["GET"]}}],"collection":[{"href":"https:\/\/studio40shop.com.mx\/index.php?rest_route=\/wp\/v2\/product"}],"about":[{"href":"https:\/\/studio40shop.com.mx\/index.php?rest_route=\/wp\/v2\/types\/product"}],"replies":[{"embeddable":true,"href":"https:\/\/studio40shop.com.mx\/index.php?rest_route=%2Fwp%2Fv2%2Fcomments&post=2947"}],"wp:featuredmedia":[{"embeddable":true,"href":"https:\/\/studio40shop.com.mx\/index.php?rest_route=\/wp\/v2\/media\/2948"}],"wp:attachment":[{"href":"https:\/\/studio40shop.com.mx\/index.php?rest_route=%2Fwp%2Fv2%2Fmedia&parent=2947"}],"wp:term":[{"taxonomy":"product_brand","embeddable":true,"href":"https:\/\/studio40shop.com.mx\/index.php?rest_route=%2Fwp%2Fv2%2Fproduct_brand&post=2947"},{"taxonomy":"product_cat","embeddable":true,"href":"https:\/\/studio40shop.com.mx\/index.php?rest_route=%2Fwp%2Fv2%2Fproduct_cat&post=2947"},{"taxonomy":"product_tag","embeddable":true,"href":"https:\/\/studio40shop.com.mx\/index.php?rest_route=%2Fwp%2Fv2%2Fproduct_tag&post=2947"}],"curies":[{"name":"wp","href":"https:\/\/api.w.org\/{rel}","templated":true}]}}