{"id":2949,"date":"2022-05-06T17:55:27","date_gmt":"2022-05-06T22:55:27","guid":{"rendered":"https:\/\/studio40shop.com.mx\/?post_type=product&#038;p=2949"},"modified":"2022-10-15T12:51:44","modified_gmt":"2022-10-15T17:51:44","slug":"beauty-dish-godox-55cm-para-bowens-bdr-s550","status":"publish","type":"product","link":"https:\/\/studio40shop.com.mx\/?product=beauty-dish-godox-55cm-para-bowens-bdr-s550","title":{"rendered":"Beauty Dish GODOX 55cm para Bowens BDR-S550"},"content":{"rendered":"<p>Este producto te ayudar\u00e1 a obtener un efecto \u00fanico en sus fotos tanto como en interior como en exterior, su entrada bowens te dar\u00e1 mas opciones de uso.<\/p>\n<p>Agrega un efecto dram\u00e1tico con este beauty dish ideal para fotograf\u00eda de moda y locaciones.<\/p>\n<p>El Beauty Dish Godox de 55cm es eficaz para fotograf\u00edas de locaci\u00f3n tanto como en interior, ideal para suavizar la luz de tus luces bowens.<\/p>\n<p>Especificaciones:<br \/>\n&#8211; Medida: 55cm<br \/>\n&#8211; Accesorios:<\/p>\n<p>Plato beauty Dish 55m fondo Plata reflectora<br \/>\nPlato expansiones de luz interno color Plata reflectora<br \/>\nEntrada Bowens<br \/>\nImportante:<br \/>\nArticulo de fragil manejo, se recomienda seguro en el envio.<\/p>\n<p>&nbsp;<\/p>\n","protected":false},"excerpt":{"rendered":"<p>Este producto te ayudar\u00e1 a obtener un efecto \u00fanico en sus fotos tanto como en interior como en exterior, su entrada bowens te dar\u00e1 mas opciones de uso.<\/p>\n<p>Agrega un efecto dram\u00e1tico con este beauty dish ideal para fotograf\u00eda de moda y locaciones.<\/p>\n","protected":false},"featured_media":2950,"comment_status":"open","ping_status":"closed","template":"","meta":{"site-sidebar-layout":"default","site-content-layout":"default","ast-site-content-layout":"default","site-content-style":"default","site-sidebar-style":"default","ast-global-header-display":"","ast-banner-title-visibility":"","ast-main-header-display":"","ast-hfb-above-header-display":"","ast-hfb-below-header-display":"","ast-hfb-mobile-header-display":"","site-post-title":"","ast-breadcrumbs-content":"","ast-featured-img":"","footer-sml-layout":"","ast-disable-related-posts":"","theme-transparent-header-meta":"default","adv-header-id-meta":"","stick-header-meta":"","header-above-stick-meta":"","header-main-stick-meta":"","header-below-stick-meta":"","astra-migrate-meta-layouts":"default","ast-page-background-enabled":"default","ast-page-background-meta":{"desktop":{"background-color":"var(--ast-global-color-4)","background-image":"","background-repeat":"repeat","background-position":"center center","background-size":"auto","background-attachment":"scroll","background-type":"","background-media":"","overlay-type":"","overlay-color":"","overlay-opacity":"","overlay-gradient":""},"tablet":{"background-color":"","background-image":"","background-repeat":"repeat","background-position":"center center","background-size":"auto","background-attachment":"scroll","background-type":"","background-media":"","overlay-type":"","overlay-color":"","overlay-opacity":"","overlay-gradient":""},"mobile":{"background-color":"","background-image":"","background-repeat":"repeat","background-position":"center center","background-size":"auto","background-attachment":"scroll","background-type":"","background-media":"","overlay-type":"","overlay-color":"","overlay-opacity":"","overlay-gradient":""}},"ast-content-background-meta":{"desktop":{"background-color":"var(--ast-global-color-5)","background-image":"","background-repeat":"repeat","background-position":"center center","background-size":"auto","background-attachment":"scroll","background-type":"","background-media":"","overlay-type":"","overlay-color":"","overlay-opacity":"","overlay-gradient":""},"tablet":{"background-color":"var(--ast-global-color-5)","background-image":"","background-repeat":"repeat","background-position":"center center","background-size":"auto","background-attachment":"scroll","background-type":"","background-media":"","overlay-type":"","overlay-color":"","overlay-opacity":"","overlay-gradient":""},"mobile":{"background-color":"var(--ast-global-color-5)","background-image":"","background-repeat":"repeat","background-position":"center center","background-size":"auto","background-attachment":"scroll","background-type":"","background-media":"","overlay-type":"","overlay-color":"","overlay-opacity":"","overlay-gradient":""}},"_themeisle_gutenberg_block_has_review":false},"product_brand":[],"product_cat":[84,105],"product_tag":[402,403,287,317],"class_list":{"0":"post-2949","1":"product","2":"type-product","3":"status-publish","4":"has-post-thumbnail","6":"product_cat-fotografia","7":"product_cat-modificadores-de-luz","8":"product_tag-beauty-dish","9":"product_tag-beauty-dish-55cm","10":"product_tag-difusor-de-luz","11":"product_tag-modificador-de-luz","12":"desktop-align-center","13":"tablet-align-left","14":"mobile-align-left","16":"first","17":"onbackorder","18":"purchasable","19":"product-type-simple"},"aioseo_notices":[],"jetpack_sharing_enabled":true,"_links":{"self":[{"href":"https:\/\/studio40shop.com.mx\/index.php?rest_route=\/wp\/v2\/product\/2949","targetHints":{"allow":["GET"]}}],"collection":[{"href":"https:\/\/studio40shop.com.mx\/index.php?rest_route=\/wp\/v2\/product"}],"about":[{"href":"https:\/\/studio40shop.com.mx\/index.php?rest_route=\/wp\/v2\/types\/product"}],"replies":[{"embeddable":true,"href":"https:\/\/studio40shop.com.mx\/index.php?rest_route=%2Fwp%2Fv2%2Fcomments&post=2949"}],"wp:featuredmedia":[{"embeddable":true,"href":"https:\/\/studio40shop.com.mx\/index.php?rest_route=\/wp\/v2\/media\/2950"}],"wp:attachment":[{"href":"https:\/\/studio40shop.com.mx\/index.php?rest_route=%2Fwp%2Fv2%2Fmedia&parent=2949"}],"wp:term":[{"taxonomy":"product_brand","embeddable":true,"href":"https:\/\/studio40shop.com.mx\/index.php?rest_route=%2Fwp%2Fv2%2Fproduct_brand&post=2949"},{"taxonomy":"product_cat","embeddable":true,"href":"https:\/\/studio40shop.com.mx\/index.php?rest_route=%2Fwp%2Fv2%2Fproduct_cat&post=2949"},{"taxonomy":"product_tag","embeddable":true,"href":"https:\/\/studio40shop.com.mx\/index.php?rest_route=%2Fwp%2Fv2%2Fproduct_tag&post=2949"}],"curies":[{"name":"wp","href":"https:\/\/api.w.org\/{rel}","templated":true}]}}