{"id":2982,"date":"2022-05-07T09:04:32","date_gmt":"2022-05-07T14:04:32","guid":{"rendered":"https:\/\/studio40shop.com.mx\/?post_type=product&#038;p=2982"},"modified":"2022-10-15T12:51:23","modified_gmt":"2022-10-15T17:51:23","slug":"mesa-plegable-portatil-para-foto-de-100-x-200cm-godox","status":"publish","type":"product","link":"https:\/\/studio40shop.com.mx\/?product=mesa-plegable-portatil-para-foto-de-100-x-200cm-godox","title":{"rendered":"Mesa plegable port\u00e1til para foto de 100 X 200cm Godox"},"content":{"rendered":"<p>Dise\u00f1ado con PVC translucido el cual permite que la luz pase a trav\u00e9s de ella. Uno de sus lados es mate y el otro brillante, para ajustarse a sus necesidades. Su montaje es f\u00e1cil y r\u00e1pido, haci\u00e9ndolo un producto pr\u00e1ctico y c\u00f3modo.<\/p>\n<p>El marco de aluminio es plegable lo que permite montar y desmontar f\u00e1cilmente el art\u00edculo, adem\u00e1s es compacta, ligera y c\u00f3moda para transportar. Incluye 6 clips para sujetar el pl\u00e1stico al marco.<\/p>\n<p>Gracias a su dise\u00f1o es posible desdoblarlo y almacenarlo sin necesidad de tener un gran espacio. La parte posterior de la mesa cuenta con una inclinaci\u00f3n ajustable.<\/p>\n<p>respaldo abatible de 90\u00b0 a 180\u00b0<br \/>\nMaterial: marco de aluminio y plataforma de pl\u00e1stico de alta calidad<br \/>\nColor: negro<br \/>\nDimensiones de la caja de empaque: 123 x 25,5 x 28cm<\/p>\n<p>** No incluye accesorios<\/p>\n","protected":false},"excerpt":{"rendered":"<p>Esta plataforma de f\u00e1cil montaje est\u00e1 dise\u00f1ada para fotograf\u00eda de productos peque\u00f1os y medianos. Tiene una medida de 100 x 200cm.<\/p>\n","protected":false},"featured_media":2983,"comment_status":"open","ping_status":"closed","template":"","meta":{"site-sidebar-layout":"default","site-content-layout":"default","ast-site-content-layout":"default","site-content-style":"default","site-sidebar-style":"default","ast-global-header-display":"","ast-banner-title-visibility":"","ast-main-header-display":"","ast-hfb-above-header-display":"","ast-hfb-below-header-display":"","ast-hfb-mobile-header-display":"","site-post-title":"","ast-breadcrumbs-content":"","ast-featured-img":"","footer-sml-layout":"","ast-disable-related-posts":"","theme-transparent-header-meta":"default","adv-header-id-meta":"","stick-header-meta":"","header-above-stick-meta":"","header-main-stick-meta":"","header-below-stick-meta":"","astra-migrate-meta-layouts":"default","ast-page-background-enabled":"default","ast-page-background-meta":{"desktop":{"background-color":"var(--ast-global-color-4)","background-image":"","background-repeat":"repeat","background-position":"center center","background-size":"auto","background-attachment":"scroll","background-type":"","background-media":"","overlay-type":"","overlay-color":"","overlay-opacity":"","overlay-gradient":""},"tablet":{"background-color":"","background-image":"","background-repeat":"repeat","background-position":"center center","background-size":"auto","background-attachment":"scroll","background-type":"","background-media":"","overlay-type":"","overlay-color":"","overlay-opacity":"","overlay-gradient":""},"mobile":{"background-color":"","background-image":"","background-repeat":"repeat","background-position":"center center","background-size":"auto","background-attachment":"scroll","background-type":"","background-media":"","overlay-type":"","overlay-color":"","overlay-opacity":"","overlay-gradient":""}},"ast-content-background-meta":{"desktop":{"background-color":"var(--ast-global-color-5)","background-image":"","background-repeat":"repeat","background-position":"center center","background-size":"auto","background-attachment":"scroll","background-type":"","background-media":"","overlay-type":"","overlay-color":"","overlay-opacity":"","overlay-gradient":""},"tablet":{"background-color":"var(--ast-global-color-5)","background-image":"","background-repeat":"repeat","background-position":"center center","background-size":"auto","background-attachment":"scroll","background-type":"","background-media":"","overlay-type":"","overlay-color":"","overlay-opacity":"","overlay-gradient":""},"mobile":{"background-color":"var(--ast-global-color-5)","background-image":"","background-repeat":"repeat","background-position":"center center","background-size":"auto","background-attachment":"scroll","background-type":"","background-media":"","overlay-type":"","overlay-color":"","overlay-opacity":"","overlay-gradient":""}},"_themeisle_gutenberg_block_has_review":false},"product_brand":[],"product_cat":[111,108,84,104],"product_tag":[446,445,440,444,441,442,443],"class_list":{"0":"post-2982","1":"product","2":"type-product","3":"status-publish","4":"has-post-thumbnail","6":"product_cat-accesorios","7":"product_cat-cicloramas-y-fondos","8":"product_cat-fotografia","9":"product_cat-kits-de-iluminacion","10":"product_tag-caja-de-luz","11":"product_tag-fondo-portatil","12":"product_tag-mesa","13":"product_tag-mesa-para-producto","14":"product_tag-mesa-portatil","15":"product_tag-mesa-portatil-godox","16":"product_tag-mesa-portatil-y-plegable","17":"desktop-align-center","18":"tablet-align-left","19":"mobile-align-left","21":"first","22":"outofstock","23":"purchasable","24":"product-type-simple"},"aioseo_notices":[],"jetpack_sharing_enabled":true,"_links":{"self":[{"href":"https:\/\/studio40shop.com.mx\/index.php?rest_route=\/wp\/v2\/product\/2982","targetHints":{"allow":["GET"]}}],"collection":[{"href":"https:\/\/studio40shop.com.mx\/index.php?rest_route=\/wp\/v2\/product"}],"about":[{"href":"https:\/\/studio40shop.com.mx\/index.php?rest_route=\/wp\/v2\/types\/product"}],"replies":[{"embeddable":true,"href":"https:\/\/studio40shop.com.mx\/index.php?rest_route=%2Fwp%2Fv2%2Fcomments&post=2982"}],"wp:featuredmedia":[{"embeddable":true,"href":"https:\/\/studio40shop.com.mx\/index.php?rest_route=\/wp\/v2\/media\/2983"}],"wp:attachment":[{"href":"https:\/\/studio40shop.com.mx\/index.php?rest_route=%2Fwp%2Fv2%2Fmedia&parent=2982"}],"wp:term":[{"taxonomy":"product_brand","embeddable":true,"href":"https:\/\/studio40shop.com.mx\/index.php?rest_route=%2Fwp%2Fv2%2Fproduct_brand&post=2982"},{"taxonomy":"product_cat","embeddable":true,"href":"https:\/\/studio40shop.com.mx\/index.php?rest_route=%2Fwp%2Fv2%2Fproduct_cat&post=2982"},{"taxonomy":"product_tag","embeddable":true,"href":"https:\/\/studio40shop.com.mx\/index.php?rest_route=%2Fwp%2Fv2%2Fproduct_tag&post=2982"}],"curies":[{"name":"wp","href":"https:\/\/api.w.org\/{rel}","templated":true}]}}