{"id":3014,"date":"2022-05-07T10:08:46","date_gmt":"2022-05-07T15:08:46","guid":{"rendered":"https:\/\/studio40shop.com.mx\/?post_type=product&#038;p=3014"},"modified":"2023-04-18T21:18:23","modified_gmt":"2023-04-19T02:18:23","slug":"kit-de-30-geles-circulares-v-11c-godox","status":"publish","type":"product","link":"https:\/\/studio40shop.com.mx\/?product=kit-de-30-geles-circulares-v-11c-godox","title":{"rendered":"Kit de 30 geles circulares V-11C Godox"},"content":{"rendered":"<p>Dise\u00f1ado para Godox V1, H200R y flashes con el adaptador S-R1, el conjunto de efectos de color para cabezales de flash redondos contiene dos de cada uno de los 15 filtros de gel de color creativo.<\/p>\n<p>El juego incluye: \u00e1mbar bastardo, paja, \u00e1mbar claro, llama clara, \u00e1mbar dorado, rojo claro, sin color rosa, rosa central, rosa claro p\u00farpura, rosa sorpresa, sin color azul, azul claro, azul primario, verde musgo y Filtros azules y verdes.<\/p>\n<p>Caracter\u00edsticas:<\/p>\n<p>15 x geles de colores creativos, 2 x cada uno<br \/>\nPara V1, H200R y flashes con adaptador S-R1<\/p>\n<p>&nbsp;<\/p>\n","protected":false},"excerpt":{"rendered":"<p>Dise\u00f1ado para Godox V1, H200R y flashes con el adaptador S-R1, el conjunto de efectos de color para cabezales de flash redondos contiene dos de cada uno de los 15 filtros de gel de color creativo.<\/p>\n","protected":false},"featured_media":3015,"comment_status":"open","ping_status":"closed","template":"","meta":{"site-sidebar-layout":"default","site-content-layout":"default","ast-site-content-layout":"default","site-content-style":"default","site-sidebar-style":"default","ast-global-header-display":"","ast-banner-title-visibility":"","ast-main-header-display":"","ast-hfb-above-header-display":"","ast-hfb-below-header-display":"","ast-hfb-mobile-header-display":"","site-post-title":"","ast-breadcrumbs-content":"","ast-featured-img":"","footer-sml-layout":"","ast-disable-related-posts":"","theme-transparent-header-meta":"default","adv-header-id-meta":"","stick-header-meta":"","header-above-stick-meta":"","header-main-stick-meta":"","header-below-stick-meta":"","astra-migrate-meta-layouts":"default","ast-page-background-enabled":"default","ast-page-background-meta":{"desktop":{"background-color":"var(--ast-global-color-4)","background-image":"","background-repeat":"repeat","background-position":"center center","background-size":"auto","background-attachment":"scroll","background-type":"","background-media":"","overlay-type":"","overlay-color":"","overlay-opacity":"","overlay-gradient":""},"tablet":{"background-color":"","background-image":"","background-repeat":"repeat","background-position":"center center","background-size":"auto","background-attachment":"scroll","background-type":"","background-media":"","overlay-type":"","overlay-color":"","overlay-opacity":"","overlay-gradient":""},"mobile":{"background-color":"","background-image":"","background-repeat":"repeat","background-position":"center center","background-size":"auto","background-attachment":"scroll","background-type":"","background-media":"","overlay-type":"","overlay-color":"","overlay-opacity":"","overlay-gradient":""}},"ast-content-background-meta":{"desktop":{"background-color":"var(--ast-global-color-5)","background-image":"","background-repeat":"repeat","background-position":"center center","background-size":"auto","background-attachment":"scroll","background-type":"","background-media":"","overlay-type":"","overlay-color":"","overlay-opacity":"","overlay-gradient":""},"tablet":{"background-color":"var(--ast-global-color-5)","background-image":"","background-repeat":"repeat","background-position":"center center","background-size":"auto","background-attachment":"scroll","background-type":"","background-media":"","overlay-type":"","overlay-color":"","overlay-opacity":"","overlay-gradient":""},"mobile":{"background-color":"var(--ast-global-color-5)","background-image":"","background-repeat":"repeat","background-position":"center center","background-size":"auto","background-attachment":"scroll","background-type":"","background-media":"","overlay-type":"","overlay-color":"","overlay-opacity":"","overlay-gradient":""}},"_themeisle_gutenberg_block_has_review":false},"product_brand":[],"product_cat":[111,107,84,105],"product_tag":[488,483,484,487,486,480,482,477,481,479],"class_list":{"0":"post-3014","1":"product","2":"type-product","3":"status-publish","4":"has-post-thumbnail","6":"product_cat-accesorios","7":"product_cat-filtros","8":"product_cat-fotografia","9":"product_cat-modificadores-de-luz","10":"product_tag-colores-para-flash","11":"product_tag-filtros-circulares","12":"product_tag-filtros-de-color","13":"product_tag-filtros-para-flash","14":"product_tag-geles","15":"product_tag-geles-circulares","16":"product_tag-geles-de-colores","17":"product_tag-geles-difusores","18":"product_tag-geles-godox","19":"product_tag-geles-para-flash","20":"desktop-align-center","21":"tablet-align-left","22":"mobile-align-left","24":"first","25":"onbackorder","26":"purchasable","27":"product-type-simple"},"aioseo_notices":[],"jetpack_sharing_enabled":true,"_links":{"self":[{"href":"https:\/\/studio40shop.com.mx\/index.php?rest_route=\/wp\/v2\/product\/3014","targetHints":{"allow":["GET"]}}],"collection":[{"href":"https:\/\/studio40shop.com.mx\/index.php?rest_route=\/wp\/v2\/product"}],"about":[{"href":"https:\/\/studio40shop.com.mx\/index.php?rest_route=\/wp\/v2\/types\/product"}],"replies":[{"embeddable":true,"href":"https:\/\/studio40shop.com.mx\/index.php?rest_route=%2Fwp%2Fv2%2Fcomments&post=3014"}],"wp:featuredmedia":[{"embeddable":true,"href":"https:\/\/studio40shop.com.mx\/index.php?rest_route=\/wp\/v2\/media\/3015"}],"wp:attachment":[{"href":"https:\/\/studio40shop.com.mx\/index.php?rest_route=%2Fwp%2Fv2%2Fmedia&parent=3014"}],"wp:term":[{"taxonomy":"product_brand","embeddable":true,"href":"https:\/\/studio40shop.com.mx\/index.php?rest_route=%2Fwp%2Fv2%2Fproduct_brand&post=3014"},{"taxonomy":"product_cat","embeddable":true,"href":"https:\/\/studio40shop.com.mx\/index.php?rest_route=%2Fwp%2Fv2%2Fproduct_cat&post=3014"},{"taxonomy":"product_tag","embeddable":true,"href":"https:\/\/studio40shop.com.mx\/index.php?rest_route=%2Fwp%2Fv2%2Fproduct_tag&post=3014"}],"curies":[{"name":"wp","href":"https:\/\/api.w.org\/{rel}","templated":true}]}}