{"id":3016,"date":"2022-05-07T10:23:59","date_gmt":"2022-05-07T15:23:59","guid":{"rendered":"https:\/\/studio40shop.com.mx\/?post_type=product&#038;p=3016"},"modified":"2023-04-18T21:18:21","modified_gmt":"2023-04-19T02:18:21","slug":"kit-de-filtros-ak-r1-para-flash-ad200-godox","status":"publish","type":"product","link":"https:\/\/studio40shop.com.mx\/?product=kit-de-filtros-ak-r1-para-flash-ad200-godox","title":{"rendered":"Kit de Filtros AK-R1 para flash AD200 Godox"},"content":{"rendered":"<p>El AK-R1 de godox es ideal para utilizarlo en tu flash AD200 con el cabezal H200R, cuenta con un Snoot, puertas de granero, panal de abeja, c\u00fapula de casi 180 grados, lente ancha, tarjeta de rebote con marco y tres filtros, todos ellos son magn\u00e9ticos por lo cual son muy f\u00e1ciles de usar.<\/p>\n<p>Vers\u00e1til y pr\u00e1ctico<br \/>\n*Accesorios de fijaci\u00f3n magn\u00e9tica<\/p>\n<p>Incluye:<br \/>\n1 x c\u00fapula difusora.<br \/>\n3 x filtros de calentamiento.<br \/>\n1 x portafiltros.<br \/>\n1 x filtro verde.<br \/>\n1 x rejilla de nido de abeja.<br \/>\n1 x Snoot.<br \/>\n1 x Juego de puertas de granero de cuatro direcciones.<br \/>\n1 x tarjeta de rebote con marco.<br \/>\n1 x lente ancha.<\/p>\n<p>&nbsp;<\/p>\n","protected":false},"excerpt":{"rendered":"<p>El AK-R1 de godox es ideal para utilizarlo en tu flash AD200 con el cabezal H200R, cuenta con un Snoot, puertas de granero, panal de abeja, c\u00fapula de casi 180 grados, lente ancha, tarjeta de rebote con marco y tres filtros, todos ellos son magn\u00e9ticos por lo cual son muy f\u00e1ciles de usar.<\/p>\n","protected":false},"featured_media":3017,"comment_status":"open","ping_status":"closed","template":"","meta":{"site-sidebar-layout":"default","site-content-layout":"default","ast-site-content-layout":"default","site-content-style":"default","site-sidebar-style":"default","ast-global-header-display":"","ast-banner-title-visibility":"","ast-main-header-display":"","ast-hfb-above-header-display":"","ast-hfb-below-header-display":"","ast-hfb-mobile-header-display":"","site-post-title":"","ast-breadcrumbs-content":"","ast-featured-img":"","footer-sml-layout":"","ast-disable-related-posts":"","theme-transparent-header-meta":"default","adv-header-id-meta":"","stick-header-meta":"","header-above-stick-meta":"","header-main-stick-meta":"","header-below-stick-meta":"","astra-migrate-meta-layouts":"default","ast-page-background-enabled":"default","ast-page-background-meta":{"desktop":{"background-color":"var(--ast-global-color-4)","background-image":"","background-repeat":"repeat","background-position":"center center","background-size":"auto","background-attachment":"scroll","background-type":"","background-media":"","overlay-type":"","overlay-color":"","overlay-opacity":"","overlay-gradient":""},"tablet":{"background-color":"","background-image":"","background-repeat":"repeat","background-position":"center center","background-size":"auto","background-attachment":"scroll","background-type":"","background-media":"","overlay-type":"","overlay-color":"","overlay-opacity":"","overlay-gradient":""},"mobile":{"background-color":"","background-image":"","background-repeat":"repeat","background-position":"center center","background-size":"auto","background-attachment":"scroll","background-type":"","background-media":"","overlay-type":"","overlay-color":"","overlay-opacity":"","overlay-gradient":""}},"ast-content-background-meta":{"desktop":{"background-color":"var(--ast-global-color-5)","background-image":"","background-repeat":"repeat","background-position":"center center","background-size":"auto","background-attachment":"scroll","background-type":"","background-media":"","overlay-type":"","overlay-color":"","overlay-opacity":"","overlay-gradient":""},"tablet":{"background-color":"var(--ast-global-color-5)","background-image":"","background-repeat":"repeat","background-position":"center center","background-size":"auto","background-attachment":"scroll","background-type":"","background-media":"","overlay-type":"","overlay-color":"","overlay-opacity":"","overlay-gradient":""},"mobile":{"background-color":"var(--ast-global-color-5)","background-image":"","background-repeat":"repeat","background-position":"center center","background-size":"auto","background-attachment":"scroll","background-type":"","background-media":"","overlay-type":"","overlay-color":"","overlay-opacity":"","overlay-gradient":""}},"_themeisle_gutenberg_block_has_review":false},"product_brand":[],"product_cat":[107,84,104],"product_tag":[494,495,489,490,492,487,491,342,493,496,497],"class_list":{"0":"post-3016","1":"product","2":"type-product","3":"status-publish","4":"has-post-thumbnail","6":"product_cat-filtros","7":"product_cat-fotografia","8":"product_cat-kits-de-iluminacion","9":"product_tag-barndoor","10":"product_tag-barndoor-para-flash","11":"product_tag-filtros","12":"product_tag-filtros-de-luz","13":"product_tag-filtros-godox","14":"product_tag-filtros-para-flash","15":"product_tag-filtros-para-flash-estudio","16":"product_tag-grid-godox","17":"product_tag-grid-pequeno","18":"product_tag-kit-de-filtros","19":"product_tag-kit-de-iluminacion","20":"desktop-align-center","21":"tablet-align-left","22":"mobile-align-left","24":"first","25":"onbackorder","26":"purchasable","27":"product-type-simple"},"aioseo_notices":[],"jetpack_sharing_enabled":true,"_links":{"self":[{"href":"https:\/\/studio40shop.com.mx\/index.php?rest_route=\/wp\/v2\/product\/3016","targetHints":{"allow":["GET"]}}],"collection":[{"href":"https:\/\/studio40shop.com.mx\/index.php?rest_route=\/wp\/v2\/product"}],"about":[{"href":"https:\/\/studio40shop.com.mx\/index.php?rest_route=\/wp\/v2\/types\/product"}],"replies":[{"embeddable":true,"href":"https:\/\/studio40shop.com.mx\/index.php?rest_route=%2Fwp%2Fv2%2Fcomments&post=3016"}],"wp:featuredmedia":[{"embeddable":true,"href":"https:\/\/studio40shop.com.mx\/index.php?rest_route=\/wp\/v2\/media\/3017"}],"wp:attachment":[{"href":"https:\/\/studio40shop.com.mx\/index.php?rest_route=%2Fwp%2Fv2%2Fmedia&parent=3016"}],"wp:term":[{"taxonomy":"product_brand","embeddable":true,"href":"https:\/\/studio40shop.com.mx\/index.php?rest_route=%2Fwp%2Fv2%2Fproduct_brand&post=3016"},{"taxonomy":"product_cat","embeddable":true,"href":"https:\/\/studio40shop.com.mx\/index.php?rest_route=%2Fwp%2Fv2%2Fproduct_cat&post=3016"},{"taxonomy":"product_tag","embeddable":true,"href":"https:\/\/studio40shop.com.mx\/index.php?rest_route=%2Fwp%2Fv2%2Fproduct_tag&post=3016"}],"curies":[{"name":"wp","href":"https:\/\/api.w.org\/{rel}","templated":true}]}}