{"id":3026,"date":"2022-05-07T10:30:31","date_gmt":"2022-05-07T15:30:31","guid":{"rendered":"https:\/\/studio40shop.com.mx\/?post_type=product&#038;p=3026"},"modified":"2023-04-18T21:18:19","modified_gmt":"2023-04-19T02:18:19","slug":"kit-modificador-bd-03-barndoors-godox","status":"publish","type":"product","link":"https:\/\/studio40shop.com.mx\/?product=kit-modificador-bd-03-barndoors-godox","title":{"rendered":"Kit Modificador BD-03 Barndoors Godox"},"content":{"rendered":"<p>Kit modificador para flash de estudio, incluye base con aletas, rejilla panal y cuatro filtros: verde, azul, rojo y amarillo.<br \/>\nLa puerta de granero STUDIO para Luz estrobosc\u00f3pica flash tiene 4 hojas. Se puede ajustar la intensidad de la luz. Es ideal para la mayor\u00eda de intensidad de luz. Facilita la conformaci\u00f3n del haz de luz de la l\u00e1mpara, y evitar la dispersi\u00f3n distintivo de luz creada.<br \/>\nEl ESTUDIO Honeycomb cuadr\u00edcula se utiliza como soporte de un control superior de la direcci\u00f3n de la corriente de luz. Se reduce el reflejo en la lente. Es el accesorio perfecto para directo &amp; amp; Iluminaci\u00f3n duro.<br \/>\nEl estudio del color Geles filtros son transl\u00facido. Ellos est\u00e1n en rojo, amarillo, azul &amp; amp; Verde. Pueden cambiar el color de fondo. Por otra parte, tambi\u00e9n puede balance de luz correcta o crear efectos de luz especiales con puerta de granero adjunto.<\/p>\n<p>El paquete incluye:<br \/>\n1x Estudio Puerta de granero<br \/>\n1x estudio Honeycomb Cuadr\u00edcula<br \/>\n4x Studio Color Geles Filtros (rojo, amarillo, azul &amp; amp; Verde)<\/p>\n","protected":false},"excerpt":{"rendered":"<p>Kit modificador para flash de estudio, incluye base con aletas, rejilla panal y cuatro filtros: verde, azul, rojo y amarillo.<\/p>\n","protected":false},"featured_media":3027,"comment_status":"open","ping_status":"closed","template":"","meta":{"site-sidebar-layout":"default","site-content-layout":"default","ast-site-content-layout":"default","site-content-style":"default","site-sidebar-style":"default","ast-global-header-display":"","ast-banner-title-visibility":"","ast-main-header-display":"","ast-hfb-above-header-display":"","ast-hfb-below-header-display":"","ast-hfb-mobile-header-display":"","site-post-title":"","ast-breadcrumbs-content":"","ast-featured-img":"","footer-sml-layout":"","ast-disable-related-posts":"","theme-transparent-header-meta":"default","adv-header-id-meta":"","stick-header-meta":"","header-above-stick-meta":"","header-main-stick-meta":"","header-below-stick-meta":"","astra-migrate-meta-layouts":"default","ast-page-background-enabled":"default","ast-page-background-meta":{"desktop":{"background-color":"var(--ast-global-color-4)","background-image":"","background-repeat":"repeat","background-position":"center center","background-size":"auto","background-attachment":"scroll","background-type":"","background-media":"","overlay-type":"","overlay-color":"","overlay-opacity":"","overlay-gradient":""},"tablet":{"background-color":"","background-image":"","background-repeat":"repeat","background-position":"center center","background-size":"auto","background-attachment":"scroll","background-type":"","background-media":"","overlay-type":"","overlay-color":"","overlay-opacity":"","overlay-gradient":""},"mobile":{"background-color":"","background-image":"","background-repeat":"repeat","background-position":"center center","background-size":"auto","background-attachment":"scroll","background-type":"","background-media":"","overlay-type":"","overlay-color":"","overlay-opacity":"","overlay-gradient":""}},"ast-content-background-meta":{"desktop":{"background-color":"var(--ast-global-color-5)","background-image":"","background-repeat":"repeat","background-position":"center center","background-size":"auto","background-attachment":"scroll","background-type":"","background-media":"","overlay-type":"","overlay-color":"","overlay-opacity":"","overlay-gradient":""},"tablet":{"background-color":"var(--ast-global-color-5)","background-image":"","background-repeat":"repeat","background-position":"center center","background-size":"auto","background-attachment":"scroll","background-type":"","background-media":"","overlay-type":"","overlay-color":"","overlay-opacity":"","overlay-gradient":""},"mobile":{"background-color":"var(--ast-global-color-5)","background-image":"","background-repeat":"repeat","background-position":"center center","background-size":"auto","background-attachment":"scroll","background-type":"","background-media":"","overlay-type":"","overlay-color":"","overlay-opacity":"","overlay-gradient":""}},"_themeisle_gutenberg_block_has_review":false},"product_brand":[],"product_cat":[107,84,104,105],"product_tag":[494,495,483,484,492,496,497,256],"class_list":{"0":"post-3026","1":"product","2":"type-product","3":"status-publish","4":"has-post-thumbnail","6":"product_cat-filtros","7":"product_cat-fotografia","8":"product_cat-kits-de-iluminacion","9":"product_cat-modificadores-de-luz","10":"product_tag-barndoor","11":"product_tag-barndoor-para-flash","12":"product_tag-filtros-circulares","13":"product_tag-filtros-de-color","14":"product_tag-filtros-godox","15":"product_tag-kit-de-filtros","16":"product_tag-kit-de-iluminacion","17":"product_tag-kit-para-estudio","18":"desktop-align-center","19":"tablet-align-left","20":"mobile-align-left","22":"first","23":"onbackorder","24":"purchasable","25":"product-type-simple"},"aioseo_notices":[],"jetpack_sharing_enabled":true,"_links":{"self":[{"href":"https:\/\/studio40shop.com.mx\/index.php?rest_route=\/wp\/v2\/product\/3026","targetHints":{"allow":["GET"]}}],"collection":[{"href":"https:\/\/studio40shop.com.mx\/index.php?rest_route=\/wp\/v2\/product"}],"about":[{"href":"https:\/\/studio40shop.com.mx\/index.php?rest_route=\/wp\/v2\/types\/product"}],"replies":[{"embeddable":true,"href":"https:\/\/studio40shop.com.mx\/index.php?rest_route=%2Fwp%2Fv2%2Fcomments&post=3026"}],"wp:featuredmedia":[{"embeddable":true,"href":"https:\/\/studio40shop.com.mx\/index.php?rest_route=\/wp\/v2\/media\/3027"}],"wp:attachment":[{"href":"https:\/\/studio40shop.com.mx\/index.php?rest_route=%2Fwp%2Fv2%2Fmedia&parent=3026"}],"wp:term":[{"taxonomy":"product_brand","embeddable":true,"href":"https:\/\/studio40shop.com.mx\/index.php?rest_route=%2Fwp%2Fv2%2Fproduct_brand&post=3026"},{"taxonomy":"product_cat","embeddable":true,"href":"https:\/\/studio40shop.com.mx\/index.php?rest_route=%2Fwp%2Fv2%2Fproduct_cat&post=3026"},{"taxonomy":"product_tag","embeddable":true,"href":"https:\/\/studio40shop.com.mx\/index.php?rest_route=%2Fwp%2Fv2%2Fproduct_tag&post=3026"}],"curies":[{"name":"wp","href":"https:\/\/api.w.org\/{rel}","templated":true}]}}