{"id":3033,"date":"2022-05-07T10:38:35","date_gmt":"2022-05-07T15:38:35","guid":{"rendered":"https:\/\/studio40shop.com.mx\/?post_type=product&#038;p=3033"},"modified":"2023-04-18T21:18:17","modified_gmt":"2023-04-19T02:18:17","slug":"kit-barndoor-bd-10-para-flash-ad300pro-godox","status":"publish","type":"product","link":"https:\/\/studio40shop.com.mx\/?product=kit-barndoor-bd-10-para-flash-ad300pro-godox","title":{"rendered":"Kit Barndoor BD-10 para Flash AD300PRO Godox"},"content":{"rendered":"<p>Mejor iluminaci\u00f3n en diferentes colores<br \/>\nEl Kit Barndoor BD10 de la marca Godox es ideal para aquellos fot\u00f3grafos que buscan tener una iluminaci\u00f3n diferente a la hora de estar creando sus fotograf\u00edas y videos. Podr\u00e1s crear diversos escenarios para fotograf\u00eda, ya que cuenta con el juego de barndoor de cuatro v\u00edas, con cuatro filtros diferentes de colores y con la rejilla de panal de abeja.<\/p>\n<p>Las cuatro v\u00edas del barndoor est\u00e1n hechas de barniz. Con ellas podr\u00e1s tener una mejor iluminaci\u00f3n y un control eficaz en las \u00e1reas del sujeto que necesites fotografiar y a mantener alejada la luz de las \u00e1reas que no desees iluminar. Adem\u00e1s con las puertas de 4 v\u00edas se puede alterar la forma de la luz y la cantidad de la salida de la luz del flash AD300PRO.<\/p>\n<p>Su rejilla de panal de abejas cuenta con el haz de luz en c\u00edrculo con bordes suaves y lo hace ideal para utilizarlo como iluminaci\u00f3n para el cabello. Con esta rejilla podr\u00e1s crear una luz direccional, eliminar las sombras duras y ofrece una difusi\u00f3n uniforme de la luz alrededor del sujeto.<\/p>\n<p>Sus filtros de colores te ayudar\u00e1n a crear un contenido mucho m\u00e1s creativo. Cuenta con cuatro filtros de gel de colores verde, rojo, azul y amarillo, y podr\u00e1s utilizarlos para corregir el balance de la luz o crear efectos espectaculares de iluminaci\u00f3n, adem\u00e1s puedes cambiar el fondo de diferentes colores. Tambi\u00e9n podr\u00e1s crear diversas combinaciones con estos filtros de colores.<\/p>\n<p>Juego de barniz de 4 v\u00edas<br \/>\nRejilla de panal de abeja<br \/>\nFiltros verde, azul, rojo y amarillo<\/p>\n<p>&nbsp;<\/p>\n","protected":false},"excerpt":{"rendered":"<p>El Kit Barndoor BD10 de la marca Godox est\u00e1 especialmente dise\u00f1ado para usarlo en el Flash AD300PRO. Es ideal para crear diferentes escenas de iluminaci\u00f3n, ya que cuenta con un juego de barndoor de cuatro v\u00edas, una rejilla de panal de abejas y cuatro filtros de colores verde, amarillo, azul y rojo uno de cada color.<\/p>\n","protected":false},"featured_media":3034,"comment_status":"open","ping_status":"closed","template":"","meta":{"site-sidebar-layout":"default","site-content-layout":"default","ast-site-content-layout":"default","site-content-style":"default","site-sidebar-style":"default","ast-global-header-display":"","ast-banner-title-visibility":"","ast-main-header-display":"","ast-hfb-above-header-display":"","ast-hfb-below-header-display":"","ast-hfb-mobile-header-display":"","site-post-title":"","ast-breadcrumbs-content":"","ast-featured-img":"","footer-sml-layout":"","ast-disable-related-posts":"","theme-transparent-header-meta":"default","adv-header-id-meta":"","stick-header-meta":"","header-above-stick-meta":"","header-main-stick-meta":"","header-below-stick-meta":"","astra-migrate-meta-layouts":"default","ast-page-background-enabled":"default","ast-page-background-meta":{"desktop":{"background-color":"var(--ast-global-color-4)","background-image":"","background-repeat":"repeat","background-position":"center center","background-size":"auto","background-attachment":"scroll","background-type":"","background-media":"","overlay-type":"","overlay-color":"","overlay-opacity":"","overlay-gradient":""},"tablet":{"background-color":"","background-image":"","background-repeat":"repeat","background-position":"center center","background-size":"auto","background-attachment":"scroll","background-type":"","background-media":"","overlay-type":"","overlay-color":"","overlay-opacity":"","overlay-gradient":""},"mobile":{"background-color":"","background-image":"","background-repeat":"repeat","background-position":"center center","background-size":"auto","background-attachment":"scroll","background-type":"","background-media":"","overlay-type":"","overlay-color":"","overlay-opacity":"","overlay-gradient":""}},"ast-content-background-meta":{"desktop":{"background-color":"var(--ast-global-color-5)","background-image":"","background-repeat":"repeat","background-position":"center center","background-size":"auto","background-attachment":"scroll","background-type":"","background-media":"","overlay-type":"","overlay-color":"","overlay-opacity":"","overlay-gradient":""},"tablet":{"background-color":"var(--ast-global-color-5)","background-image":"","background-repeat":"repeat","background-position":"center center","background-size":"auto","background-attachment":"scroll","background-type":"","background-media":"","overlay-type":"","overlay-color":"","overlay-opacity":"","overlay-gradient":""},"mobile":{"background-color":"var(--ast-global-color-5)","background-image":"","background-repeat":"repeat","background-position":"center center","background-size":"auto","background-attachment":"scroll","background-type":"","background-media":"","overlay-type":"","overlay-color":"","overlay-opacity":"","overlay-gradient":""}},"_themeisle_gutenberg_block_has_review":false},"product_brand":[],"product_cat":[111,107,84,104],"product_tag":[495,484,492,225,498,264,499],"class_list":{"0":"post-3033","1":"product","2":"type-product","3":"status-publish","4":"has-post-thumbnail","6":"product_cat-accesorios","7":"product_cat-filtros","8":"product_cat-fotografia","9":"product_cat-kits-de-iluminacion","10":"product_tag-barndoor-para-flash","11":"product_tag-filtros-de-color","12":"product_tag-filtros-godox","13":"product_tag-godox","14":"product_tag-kit-barndoor","15":"product_tag-kit-de-iluminacion-godox","16":"product_tag-kit-godox","17":"desktop-align-center","18":"tablet-align-left","19":"mobile-align-left","21":"first","22":"onbackorder","23":"purchasable","24":"product-type-simple"},"aioseo_notices":[],"jetpack_sharing_enabled":true,"_links":{"self":[{"href":"https:\/\/studio40shop.com.mx\/index.php?rest_route=\/wp\/v2\/product\/3033","targetHints":{"allow":["GET"]}}],"collection":[{"href":"https:\/\/studio40shop.com.mx\/index.php?rest_route=\/wp\/v2\/product"}],"about":[{"href":"https:\/\/studio40shop.com.mx\/index.php?rest_route=\/wp\/v2\/types\/product"}],"replies":[{"embeddable":true,"href":"https:\/\/studio40shop.com.mx\/index.php?rest_route=%2Fwp%2Fv2%2Fcomments&post=3033"}],"wp:featuredmedia":[{"embeddable":true,"href":"https:\/\/studio40shop.com.mx\/index.php?rest_route=\/wp\/v2\/media\/3034"}],"wp:attachment":[{"href":"https:\/\/studio40shop.com.mx\/index.php?rest_route=%2Fwp%2Fv2%2Fmedia&parent=3033"}],"wp:term":[{"taxonomy":"product_brand","embeddable":true,"href":"https:\/\/studio40shop.com.mx\/index.php?rest_route=%2Fwp%2Fv2%2Fproduct_brand&post=3033"},{"taxonomy":"product_cat","embeddable":true,"href":"https:\/\/studio40shop.com.mx\/index.php?rest_route=%2Fwp%2Fv2%2Fproduct_cat&post=3033"},{"taxonomy":"product_tag","embeddable":true,"href":"https:\/\/studio40shop.com.mx\/index.php?rest_route=%2Fwp%2Fv2%2Fproduct_tag&post=3033"}],"curies":[{"name":"wp","href":"https:\/\/api.w.org\/{rel}","templated":true}]}}