{"id":3037,"date":"2022-05-07T10:49:22","date_gmt":"2022-05-07T15:49:22","guid":{"rendered":"https:\/\/studio40shop.com.mx\/?post_type=product&#038;p=3037"},"modified":"2023-04-18T21:18:15","modified_gmt":"2023-04-19T02:18:15","slug":"reflector-estandar-ad-r14-para-flash-ad300pro-godox","status":"publish","type":"product","link":"https:\/\/studio40shop.com.mx\/?product=reflector-estandar-ad-r14-para-flash-ad300pro-godox","title":{"rendered":"Reflector Est\u00e1ndar AD-R14 para Flash AD300PRO Godox"},"content":{"rendered":"<p>Logra un equilibrio entre la luz y la oscuridad<br \/>\nEl reflector AD-R14 de la marca Godox es ideal para obtener una luz m\u00e1s suave, precisa y directa para capturar tus fotograf\u00edas y obtener resultados de gran calidad. Tiene un mayor rango din\u00e1mico y ayuda a reducir la luz par\u00e1sita.<\/p>\n<p>Este reflector es de tama\u00f1o peque\u00f1o, f\u00e1cil de utilizar, de montar e ideal para poder transportarlo de un lugar a otro. Cuenta con un dise\u00f1o especialmente para montarlo sobre los flashes Godox AD300PRO, AD400PRO y ML60, ya que tienen una montura tipo Bowens.<\/p>\n<p>Tambi\u00e9n puedes crear contenido m\u00e1s creativo agregando un soporte de filtro para cabezal de flash y poder colocar accesorios, como los filtros de colores para crear una gran diversidad de fotograf\u00edas (Soporte y filtros no incluidos).<\/p>\n<p>Luz m\u00e1s suave y precisa<br \/>\nMontura tipo Bowens<br \/>\nReduce la luz par\u00e1sita<br \/>\nCompatible con Flashes AD300PRO, AD400PRO y ML60<\/p>\n","protected":false},"excerpt":{"rendered":"<p>Con el reflector AD-R14 de Godox podr\u00e1s reflejar la luz, rellenar sombras y es ideal para aquellos fot\u00f3grafos que quieran lograr un equilibrio entre la luz y la oscuridad en sus fotograf\u00edas. Este reflector cuenta con una montura tipo Bowens que es perfecta para los flashes Godox AD300PRO, AD400PRO o ML60.<\/p>\n","protected":false},"featured_media":3038,"comment_status":"open","ping_status":"closed","template":"","meta":{"site-sidebar-layout":"default","site-content-layout":"default","ast-site-content-layout":"default","site-content-style":"default","site-sidebar-style":"default","ast-global-header-display":"","ast-banner-title-visibility":"","ast-main-header-display":"","ast-hfb-above-header-display":"","ast-hfb-below-header-display":"","ast-hfb-mobile-header-display":"","site-post-title":"","ast-breadcrumbs-content":"","ast-featured-img":"","footer-sml-layout":"","ast-disable-related-posts":"","theme-transparent-header-meta":"default","adv-header-id-meta":"","stick-header-meta":"","header-above-stick-meta":"","header-main-stick-meta":"","header-below-stick-meta":"","astra-migrate-meta-layouts":"default","ast-page-background-enabled":"default","ast-page-background-meta":{"desktop":{"background-color":"var(--ast-global-color-4)","background-image":"","background-repeat":"repeat","background-position":"center center","background-size":"auto","background-attachment":"scroll","background-type":"","background-media":"","overlay-type":"","overlay-color":"","overlay-opacity":"","overlay-gradient":""},"tablet":{"background-color":"","background-image":"","background-repeat":"repeat","background-position":"center center","background-size":"auto","background-attachment":"scroll","background-type":"","background-media":"","overlay-type":"","overlay-color":"","overlay-opacity":"","overlay-gradient":""},"mobile":{"background-color":"","background-image":"","background-repeat":"repeat","background-position":"center center","background-size":"auto","background-attachment":"scroll","background-type":"","background-media":"","overlay-type":"","overlay-color":"","overlay-opacity":"","overlay-gradient":""}},"ast-content-background-meta":{"desktop":{"background-color":"var(--ast-global-color-5)","background-image":"","background-repeat":"repeat","background-position":"center center","background-size":"auto","background-attachment":"scroll","background-type":"","background-media":"","overlay-type":"","overlay-color":"","overlay-opacity":"","overlay-gradient":""},"tablet":{"background-color":"var(--ast-global-color-5)","background-image":"","background-repeat":"repeat","background-position":"center center","background-size":"auto","background-attachment":"scroll","background-type":"","background-media":"","overlay-type":"","overlay-color":"","overlay-opacity":"","overlay-gradient":""},"mobile":{"background-color":"var(--ast-global-color-5)","background-image":"","background-repeat":"repeat","background-position":"center center","background-size":"auto","background-attachment":"scroll","background-type":"","background-media":"","overlay-type":"","overlay-color":"","overlay-opacity":"","overlay-gradient":""}},"_themeisle_gutenberg_block_has_review":false},"product_brand":[],"product_cat":[84,105],"product_tag":[504,413,500,502,501,503],"class_list":{"0":"post-3037","1":"product","2":"type-product","3":"status-publish","4":"has-post-thumbnail","6":"product_cat-fotografia","7":"product_cat-modificadores-de-luz","8":"product_tag-cabezal-de-reflector","9":"product_tag-reflector","10":"product_tag-reflector-godox","11":"product_tag-reflector-para-ad300pro","12":"product_tag-reflector-para-flash","13":"product_tag-reflectores","14":"desktop-align-center","15":"tablet-align-left","16":"mobile-align-left","18":"first","19":"onbackorder","20":"purchasable","21":"product-type-simple"},"aioseo_notices":[],"jetpack_sharing_enabled":true,"_links":{"self":[{"href":"https:\/\/studio40shop.com.mx\/index.php?rest_route=\/wp\/v2\/product\/3037","targetHints":{"allow":["GET"]}}],"collection":[{"href":"https:\/\/studio40shop.com.mx\/index.php?rest_route=\/wp\/v2\/product"}],"about":[{"href":"https:\/\/studio40shop.com.mx\/index.php?rest_route=\/wp\/v2\/types\/product"}],"replies":[{"embeddable":true,"href":"https:\/\/studio40shop.com.mx\/index.php?rest_route=%2Fwp%2Fv2%2Fcomments&post=3037"}],"wp:featuredmedia":[{"embeddable":true,"href":"https:\/\/studio40shop.com.mx\/index.php?rest_route=\/wp\/v2\/media\/3038"}],"wp:attachment":[{"href":"https:\/\/studio40shop.com.mx\/index.php?rest_route=%2Fwp%2Fv2%2Fmedia&parent=3037"}],"wp:term":[{"taxonomy":"product_brand","embeddable":true,"href":"https:\/\/studio40shop.com.mx\/index.php?rest_route=%2Fwp%2Fv2%2Fproduct_brand&post=3037"},{"taxonomy":"product_cat","embeddable":true,"href":"https:\/\/studio40shop.com.mx\/index.php?rest_route=%2Fwp%2Fv2%2Fproduct_cat&post=3037"},{"taxonomy":"product_tag","embeddable":true,"href":"https:\/\/studio40shop.com.mx\/index.php?rest_route=%2Fwp%2Fv2%2Fproduct_tag&post=3037"}],"curies":[{"name":"wp","href":"https:\/\/api.w.org\/{rel}","templated":true}]}}