{"id":3047,"date":"2022-05-07T11:10:01","date_gmt":"2022-05-07T16:10:01","guid":{"rendered":"https:\/\/studio40shop.com.mx\/?post_type=product&#038;p=3047"},"modified":"2023-04-18T21:18:10","modified_gmt":"2023-04-19T02:18:10","slug":"reflector-estandar-ad-r12-para-flash-ad400pro-godox","status":"publish","type":"product","link":"https:\/\/studio40shop.com.mx\/?product=reflector-estandar-ad-r12-para-flash-ad400pro-godox","title":{"rendered":"Reflector Est\u00e1ndar AD-R12 para Flash AD400PRO Godox"},"content":{"rendered":"<p>Logra un equilibrio entre la luz y la oscuridad<br \/>\nEl reflector AD-R12 de la marca Godox es ideal para obtener una luz m\u00e1s suave, precisa y directa para capturar tus fotograf\u00edas y obtener resultados de gran calidad. Tiene un mayor rango din\u00e1mico y ayuda a reducir la luz par\u00e1sita.<\/p>\n<p>Este reflector es de tama\u00f1o peque\u00f1o, f\u00e1cil de utilizar, de montar e ideal para poder transportarlo de un lugar a otro. Cuenta con un dise\u00f1o especialmente para montarlo sobre el flash AD400PRO de Godox (no incluido), ya que tienen una montura tipo Bowens.<\/p>\n<p>Luz m\u00e1s suave y precisa<br \/>\nMontura tipo Bowens<br \/>\nReduce la luz par\u00e1sita<br \/>\nCompatible con el Flash AD400PRO<\/p>\n","protected":false},"excerpt":{"rendered":"<p>Con el reflector AD-R12 de Godox podr\u00e1s reflejar la luz, rellenar sombras y es ideal para aquellos fot\u00f3grafos que quieran lograr un equilibrio entre la luz y la oscuridad en sus fotograf\u00edas. Este reflector cuenta con una montura tipo Bowens que es perfecto para el flash Godox AD400PRO.<\/p>\n","protected":false},"featured_media":3048,"comment_status":"open","ping_status":"closed","template":"","meta":{"site-sidebar-layout":"default","site-content-layout":"default","ast-site-content-layout":"default","site-content-style":"default","site-sidebar-style":"default","ast-global-header-display":"","ast-banner-title-visibility":"","ast-main-header-display":"","ast-hfb-above-header-display":"","ast-hfb-below-header-display":"","ast-hfb-mobile-header-display":"","site-post-title":"","ast-breadcrumbs-content":"","ast-featured-img":"","footer-sml-layout":"","ast-disable-related-posts":"","theme-transparent-header-meta":"default","adv-header-id-meta":"","stick-header-meta":"","header-above-stick-meta":"","header-main-stick-meta":"","header-below-stick-meta":"","astra-migrate-meta-layouts":"default","ast-page-background-enabled":"default","ast-page-background-meta":{"desktop":{"background-color":"var(--ast-global-color-4)","background-image":"","background-repeat":"repeat","background-position":"center center","background-size":"auto","background-attachment":"scroll","background-type":"","background-media":"","overlay-type":"","overlay-color":"","overlay-opacity":"","overlay-gradient":""},"tablet":{"background-color":"","background-image":"","background-repeat":"repeat","background-position":"center center","background-size":"auto","background-attachment":"scroll","background-type":"","background-media":"","overlay-type":"","overlay-color":"","overlay-opacity":"","overlay-gradient":""},"mobile":{"background-color":"","background-image":"","background-repeat":"repeat","background-position":"center center","background-size":"auto","background-attachment":"scroll","background-type":"","background-media":"","overlay-type":"","overlay-color":"","overlay-opacity":"","overlay-gradient":""}},"ast-content-background-meta":{"desktop":{"background-color":"var(--ast-global-color-5)","background-image":"","background-repeat":"repeat","background-position":"center center","background-size":"auto","background-attachment":"scroll","background-type":"","background-media":"","overlay-type":"","overlay-color":"","overlay-opacity":"","overlay-gradient":""},"tablet":{"background-color":"var(--ast-global-color-5)","background-image":"","background-repeat":"repeat","background-position":"center center","background-size":"auto","background-attachment":"scroll","background-type":"","background-media":"","overlay-type":"","overlay-color":"","overlay-opacity":"","overlay-gradient":""},"mobile":{"background-color":"var(--ast-global-color-5)","background-image":"","background-repeat":"repeat","background-position":"center center","background-size":"auto","background-attachment":"scroll","background-type":"","background-media":"","overlay-type":"","overlay-color":"","overlay-opacity":"","overlay-gradient":""}},"_themeisle_gutenberg_block_has_review":false},"product_brand":[],"product_cat":[111,84,105],"product_tag":[415,413,500,503],"class_list":{"0":"post-3047","1":"product","2":"type-product","3":"status-publish","4":"has-post-thumbnail","6":"product_cat-accesorios","7":"product_cat-fotografia","8":"product_cat-modificadores-de-luz","9":"product_tag-campana-reflectora","10":"product_tag-reflector","11":"product_tag-reflector-godox","12":"product_tag-reflectores","13":"desktop-align-center","14":"tablet-align-left","15":"mobile-align-left","17":"first","18":"onbackorder","19":"purchasable","20":"product-type-simple"},"aioseo_notices":[],"jetpack_sharing_enabled":true,"_links":{"self":[{"href":"https:\/\/studio40shop.com.mx\/index.php?rest_route=\/wp\/v2\/product\/3047","targetHints":{"allow":["GET"]}}],"collection":[{"href":"https:\/\/studio40shop.com.mx\/index.php?rest_route=\/wp\/v2\/product"}],"about":[{"href":"https:\/\/studio40shop.com.mx\/index.php?rest_route=\/wp\/v2\/types\/product"}],"replies":[{"embeddable":true,"href":"https:\/\/studio40shop.com.mx\/index.php?rest_route=%2Fwp%2Fv2%2Fcomments&post=3047"}],"wp:featuredmedia":[{"embeddable":true,"href":"https:\/\/studio40shop.com.mx\/index.php?rest_route=\/wp\/v2\/media\/3048"}],"wp:attachment":[{"href":"https:\/\/studio40shop.com.mx\/index.php?rest_route=%2Fwp%2Fv2%2Fmedia&parent=3047"}],"wp:term":[{"taxonomy":"product_brand","embeddable":true,"href":"https:\/\/studio40shop.com.mx\/index.php?rest_route=%2Fwp%2Fv2%2Fproduct_brand&post=3047"},{"taxonomy":"product_cat","embeddable":true,"href":"https:\/\/studio40shop.com.mx\/index.php?rest_route=%2Fwp%2Fv2%2Fproduct_cat&post=3047"},{"taxonomy":"product_tag","embeddable":true,"href":"https:\/\/studio40shop.com.mx\/index.php?rest_route=%2Fwp%2Fv2%2Fproduct_tag&post=3047"}],"curies":[{"name":"wp","href":"https:\/\/api.w.org\/{rel}","templated":true}]}}