{"id":3060,"date":"2022-05-07T11:29:10","date_gmt":"2022-05-07T16:29:10","guid":{"rendered":"https:\/\/studio40shop.com.mx\/?post_type=product&#038;p=3060"},"modified":"2023-04-18T21:18:06","modified_gmt":"2023-04-19T02:18:06","slug":"snoot-panal-para-flash-ad400pro-sn04-godox","status":"publish","type":"product","link":"https:\/\/studio40shop.com.mx\/?product=snoot-panal-para-flash-ad400pro-sn04-godox","title":{"rendered":"Snoot Panal para Flash AD400PRO SN04 Godox"},"content":{"rendered":"<p>Aprovecha la luz central del flash<br \/>\nEl Snoot Panal SN04 de la marca Godox proyecta una luz muy concentrada y lo hace ideal para iluminar el cabello, joyer\u00eda, entre otros.<\/p>\n<p>Cuenta en su interior con un color negro para concentrar la luz en un c\u00edrculo peque\u00f1o para aprovechar la luz central del flash y podr\u00e1s agregar la rejilla de panal de abeja que incluye para obtener una iluminaci\u00f3n mas precisa.<\/p>\n<p>Reduce la dispersi\u00f3n del haz<br \/>\nIdeal para iluminar el cabello y joyer\u00eda<br \/>\nElimina el derrame de luz<br \/>\nIncluye rejilla en forma de panal de abeja<\/p>\n","protected":false},"excerpt":{"rendered":"<p>El Snoot Panal SN04 de la marca Godox est\u00e1 dise\u00f1ado solamente para el flash AD400PRO. Es ideal para reducir la propagaci\u00f3n del haz de la luz a trav\u00e9s de un c\u00edrculo con bordes suaves, el cual se hace peque\u00f1o el c\u00edrculo de iluminaci\u00f3n cuando se va acercando al sujeto.<\/p>\n","protected":false},"featured_media":3061,"comment_status":"open","ping_status":"closed","template":"","meta":{"site-sidebar-layout":"default","site-content-layout":"default","ast-site-content-layout":"default","site-content-style":"default","site-sidebar-style":"default","ast-global-header-display":"","ast-banner-title-visibility":"","ast-main-header-display":"","ast-hfb-above-header-display":"","ast-hfb-below-header-display":"","ast-hfb-mobile-header-display":"","site-post-title":"","ast-breadcrumbs-content":"","ast-featured-img":"","footer-sml-layout":"","ast-disable-related-posts":"","theme-transparent-header-meta":"default","adv-header-id-meta":"","stick-header-meta":"","header-above-stick-meta":"","header-main-stick-meta":"","header-below-stick-meta":"","astra-migrate-meta-layouts":"default","ast-page-background-enabled":"default","ast-page-background-meta":{"desktop":{"background-color":"var(--ast-global-color-4)","background-image":"","background-repeat":"repeat","background-position":"center center","background-size":"auto","background-attachment":"scroll","background-type":"","background-media":"","overlay-type":"","overlay-color":"","overlay-opacity":"","overlay-gradient":""},"tablet":{"background-color":"","background-image":"","background-repeat":"repeat","background-position":"center center","background-size":"auto","background-attachment":"scroll","background-type":"","background-media":"","overlay-type":"","overlay-color":"","overlay-opacity":"","overlay-gradient":""},"mobile":{"background-color":"","background-image":"","background-repeat":"repeat","background-position":"center center","background-size":"auto","background-attachment":"scroll","background-type":"","background-media":"","overlay-type":"","overlay-color":"","overlay-opacity":"","overlay-gradient":""}},"ast-content-background-meta":{"desktop":{"background-color":"var(--ast-global-color-5)","background-image":"","background-repeat":"repeat","background-position":"center center","background-size":"auto","background-attachment":"scroll","background-type":"","background-media":"","overlay-type":"","overlay-color":"","overlay-opacity":"","overlay-gradient":""},"tablet":{"background-color":"var(--ast-global-color-5)","background-image":"","background-repeat":"repeat","background-position":"center center","background-size":"auto","background-attachment":"scroll","background-type":"","background-media":"","overlay-type":"","overlay-color":"","overlay-opacity":"","overlay-gradient":""},"mobile":{"background-color":"var(--ast-global-color-5)","background-image":"","background-repeat":"repeat","background-position":"center center","background-size":"auto","background-attachment":"scroll","background-type":"","background-media":"","overlay-type":"","overlay-color":"","overlay-opacity":"","overlay-gradient":""}},"_themeisle_gutenberg_block_has_review":false},"product_brand":[],"product_cat":[84,105],"product_tag":[328,436,431,428,435,429,510,509],"class_list":{"0":"post-3060","1":"product","2":"type-product","3":"status-publish","4":"has-post-thumbnail","6":"product_cat-fotografia","7":"product_cat-modificadores-de-luz","8":"product_tag-accesorio","9":"product_tag-difusor-de-luz-snoot","10":"product_tag-difusor-tipo-snoot","11":"product_tag-snoot","12":"product_tag-snoot-con-panal","13":"product_tag-snoot-godox","14":"product_tag-snoot-para-flash-ad400pro","15":"product_tag-snot","16":"desktop-align-center","17":"tablet-align-left","18":"mobile-align-left","20":"first","21":"onbackorder","22":"purchasable","23":"product-type-simple"},"aioseo_notices":[],"jetpack_sharing_enabled":true,"_links":{"self":[{"href":"https:\/\/studio40shop.com.mx\/index.php?rest_route=\/wp\/v2\/product\/3060","targetHints":{"allow":["GET"]}}],"collection":[{"href":"https:\/\/studio40shop.com.mx\/index.php?rest_route=\/wp\/v2\/product"}],"about":[{"href":"https:\/\/studio40shop.com.mx\/index.php?rest_route=\/wp\/v2\/types\/product"}],"replies":[{"embeddable":true,"href":"https:\/\/studio40shop.com.mx\/index.php?rest_route=%2Fwp%2Fv2%2Fcomments&post=3060"}],"wp:featuredmedia":[{"embeddable":true,"href":"https:\/\/studio40shop.com.mx\/index.php?rest_route=\/wp\/v2\/media\/3061"}],"wp:attachment":[{"href":"https:\/\/studio40shop.com.mx\/index.php?rest_route=%2Fwp%2Fv2%2Fmedia&parent=3060"}],"wp:term":[{"taxonomy":"product_brand","embeddable":true,"href":"https:\/\/studio40shop.com.mx\/index.php?rest_route=%2Fwp%2Fv2%2Fproduct_brand&post=3060"},{"taxonomy":"product_cat","embeddable":true,"href":"https:\/\/studio40shop.com.mx\/index.php?rest_route=%2Fwp%2Fv2%2Fproduct_cat&post=3060"},{"taxonomy":"product_tag","embeddable":true,"href":"https:\/\/studio40shop.com.mx\/index.php?rest_route=%2Fwp%2Fv2%2Fproduct_tag&post=3060"}],"curies":[{"name":"wp","href":"https:\/\/api.w.org\/{rel}","templated":true}]}}