{"id":3322,"date":"2022-09-20T18:20:58","date_gmt":"2022-09-20T23:20:58","guid":{"rendered":"https:\/\/studio40shop.com.mx\/?post_type=product&#038;p=3322"},"modified":"2022-09-20T18:20:58","modified_gmt":"2022-09-20T23:20:58","slug":"transmisor-y-receptor-inalambrico-mars-400s-pro","status":"publish","type":"product","link":"https:\/\/studio40shop.com.mx\/?product=transmisor-y-receptor-inalambrico-mars-400s-pro","title":{"rendered":"Transmisor y receptor inal\u00e1mbrico Mars 400S PRO"},"content":{"rendered":"<p>Admite 1 transmisor que se conecta con 2 receptores.<\/p>\n<p>Admite la monitorizaci\u00f3n de hasta 2 dispositivos m\u00f3viles cuando solo hay 1 receptor conectado. Admite hasta 4 dispositivos m\u00f3viles de monitoreo sin conexi\u00f3n de receptor.<\/p>\n<p>Pantalla de visualizaci\u00f3n OLED.<\/p>\n<p>Escaneo de canales.<\/p>\n<p>Tres modos de escena de aplicaci\u00f3n.<\/p>\n<p>Pantalla de voltaje de la bater\u00eda.<\/p>\n<p>Alcance de transmisi\u00f3n de 400 pies (LOS).<\/p>\n<p>La latencia m\u00e1s baja es 0.08 s.<\/p>\n<p>Opciones de conexi\u00f3n HDMI y SDI.<\/p>\n<p>Actualizaci\u00f3n de firmware USB.<\/p>\n<p>Zapata integrada para una instalaci\u00f3n r\u00e1pida.<\/p>\n<p>Admite alimentaci\u00f3n de CC, fuente de alimentaci\u00f3n USB tipo C y fuente de alimentaci\u00f3n de bater\u00eda.<\/p>\n","protected":false},"excerpt":{"rendered":"<p>Admite 1 transmisor que se conecta con 2 receptores. Admite la monitorizaci\u00f3n de hasta 2 dispositivos m\u00f3viles cuando solo hay 1 receptor conectado. Admite hasta 4 dispositivos m\u00f3viles de monitoreo sin conexi\u00f3n de receptor. Pantalla de visualizaci\u00f3n OLED. Escaneo de canales. Tres modos de escena de aplicaci\u00f3n. Pantalla de voltaje de la bater\u00eda. Alcance de [&hellip;]<\/p>\n","protected":false},"featured_media":3323,"comment_status":"open","ping_status":"closed","template":"","meta":{"site-sidebar-layout":"default","site-content-layout":"default","ast-site-content-layout":"default","site-content-style":"default","site-sidebar-style":"default","ast-global-header-display":"","ast-banner-title-visibility":"","ast-main-header-display":"","ast-hfb-above-header-display":"","ast-hfb-below-header-display":"","ast-hfb-mobile-header-display":"","site-post-title":"","ast-breadcrumbs-content":"","ast-featured-img":"","footer-sml-layout":"","ast-disable-related-posts":"","theme-transparent-header-meta":"default","adv-header-id-meta":"","stick-header-meta":"","header-above-stick-meta":"","header-main-stick-meta":"","header-below-stick-meta":"","astra-migrate-meta-layouts":"default","ast-page-background-enabled":"default","ast-page-background-meta":{"desktop":{"background-color":"var(--ast-global-color-4)","background-image":"","background-repeat":"repeat","background-position":"center center","background-size":"auto","background-attachment":"scroll","background-type":"","background-media":"","overlay-type":"","overlay-color":"","overlay-opacity":"","overlay-gradient":""},"tablet":{"background-color":"","background-image":"","background-repeat":"repeat","background-position":"center center","background-size":"auto","background-attachment":"scroll","background-type":"","background-media":"","overlay-type":"","overlay-color":"","overlay-opacity":"","overlay-gradient":""},"mobile":{"background-color":"","background-image":"","background-repeat":"repeat","background-position":"center center","background-size":"auto","background-attachment":"scroll","background-type":"","background-media":"","overlay-type":"","overlay-color":"","overlay-opacity":"","overlay-gradient":""}},"ast-content-background-meta":{"desktop":{"background-color":"var(--ast-global-color-5)","background-image":"","background-repeat":"repeat","background-position":"center center","background-size":"auto","background-attachment":"scroll","background-type":"","background-media":"","overlay-type":"","overlay-color":"","overlay-opacity":"","overlay-gradient":""},"tablet":{"background-color":"var(--ast-global-color-5)","background-image":"","background-repeat":"repeat","background-position":"center center","background-size":"auto","background-attachment":"scroll","background-type":"","background-media":"","overlay-type":"","overlay-color":"","overlay-opacity":"","overlay-gradient":""},"mobile":{"background-color":"var(--ast-global-color-5)","background-image":"","background-repeat":"repeat","background-position":"center center","background-size":"auto","background-attachment":"scroll","background-type":"","background-media":"","overlay-type":"","overlay-color":"","overlay-opacity":"","overlay-gradient":""}},"_themeisle_gutenberg_block_has_review":false},"product_brand":[],"product_cat":[90,78],"product_tag":[],"class_list":{"0":"post-3322","1":"product","2":"type-product","3":"status-publish","4":"has-post-thumbnail","6":"product_cat-transmisores-de-video-inalambrico","7":"product_cat-video","8":"desktop-align-center","9":"tablet-align-left","10":"mobile-align-left","12":"first","13":"instock","14":"purchasable","15":"product-type-simple"},"aioseo_notices":[],"jetpack_sharing_enabled":true,"_links":{"self":[{"href":"https:\/\/studio40shop.com.mx\/index.php?rest_route=\/wp\/v2\/product\/3322","targetHints":{"allow":["GET"]}}],"collection":[{"href":"https:\/\/studio40shop.com.mx\/index.php?rest_route=\/wp\/v2\/product"}],"about":[{"href":"https:\/\/studio40shop.com.mx\/index.php?rest_route=\/wp\/v2\/types\/product"}],"replies":[{"embeddable":true,"href":"https:\/\/studio40shop.com.mx\/index.php?rest_route=%2Fwp%2Fv2%2Fcomments&post=3322"}],"wp:featuredmedia":[{"embeddable":true,"href":"https:\/\/studio40shop.com.mx\/index.php?rest_route=\/wp\/v2\/media\/3323"}],"wp:attachment":[{"href":"https:\/\/studio40shop.com.mx\/index.php?rest_route=%2Fwp%2Fv2%2Fmedia&parent=3322"}],"wp:term":[{"taxonomy":"product_brand","embeddable":true,"href":"https:\/\/studio40shop.com.mx\/index.php?rest_route=%2Fwp%2Fv2%2Fproduct_brand&post=3322"},{"taxonomy":"product_cat","embeddable":true,"href":"https:\/\/studio40shop.com.mx\/index.php?rest_route=%2Fwp%2Fv2%2Fproduct_cat&post=3322"},{"taxonomy":"product_tag","embeddable":true,"href":"https:\/\/studio40shop.com.mx\/index.php?rest_route=%2Fwp%2Fv2%2Fproduct_tag&post=3322"}],"curies":[{"name":"wp","href":"https:\/\/api.w.org\/{rel}","templated":true}]}}