{"id":3326,"date":"2022-09-20T18:30:27","date_gmt":"2022-09-20T23:30:27","guid":{"rendered":"https:\/\/studio40shop.com.mx\/?post_type=product&#038;p=3326"},"modified":"2022-09-20T18:30:28","modified_gmt":"2022-09-20T23:30:28","slug":"transmisor-y-receptor-cosmo-c1-sdi-y-hdmi-hollyland","status":"publish","type":"product","link":"https:\/\/studio40shop.com.mx\/?product=transmisor-y-receptor-cosmo-c1-sdi-y-hdmi-hollyland","title":{"rendered":"Transmisor y Receptor Cosmo C1 SDI y HDMI Hollyland"},"content":{"rendered":"<p>El Transmisor y Receptor Cosmo C1 de la marca Hollyland pueden transmitir v\u00eddeo de hasta 304 metros en l\u00ednea de visi\u00f3n con una baja latencia de 40 ms utilizando el c\u00f3dec HEVC\/H.265. Adem\u00e1s su sistema opera en la banda de frecuencias de 5 GHz y utiliza el cifrado AES-128 para evadir la filtraci\u00f3n de v\u00eddeo.<\/p>\n<p>El cosmo C1 es compatible con la selecci\u00f3n inteligente de canales para elegir el canal de la transmisi\u00f3n m\u00e1s limpio, as\u00ed como el HEVO, tiene una tecnolog\u00eda de salto de frecuencia adaptable para obtener una retransmisi\u00f3n perfecta sin perder ning\u00fan fotograma.<\/p>\n<p>Su transmisor brinda una entrada HDMI, una entrada SDI y una salida SDI en bucle y su receptor cuenta con dos salidas SDI y una salida HDMI. Adem\u00e1s el receptor podr\u00e1s usarlo para hacer la transmisi\u00f3n en directo por medio de la salida USB Tipo-C, ya que admite aplicaciones UVC en el ordenador conectado a internet.<\/p>\n<p>El transmisor y receptor tienen una pantalla OLED brillante y f\u00e1cil de leer ya que muestra el estado y la configuraci\u00f3n de cada uno. Cada uno es posible cargarlo por medio de una placa de bater\u00eda de la serie L (no incluida), con una fuente de alimentaci\u00f3n USB a trav\u00e9s del puerto USB Tipo-C o una bater\u00eda port\u00e1til (no incluida)<\/p>\n<p>Incluye cuatro antenas est\u00e1ndar y dos antenas de hongo para el receptor y el transmisor, adem\u00e1s podr\u00e1s montar cada unidad muy f\u00e1cil en casi cualquier lugar usando sus roscas de 1\/4&#8243;-20 y el adaptador de montaje de zapata.<\/p>\n<p>Transmisor\/Receptor de v\u00eddeo inal\u00e1mbrico<br \/>\nTransmisor entrada HDMI\/SDI, salida de bucle SDI<br \/>\nReceptor salida HDMI y 2 salidas SDI<br \/>\nPantalla OLED<br \/>\nEntrada de alimentaci\u00f3n USB tipo C<br \/>\nTransmisi\u00f3n en l\u00ednea de 304 metros 1080p60<br \/>\nRango de frecuencia de 5.1 a 5.9 GHz<br \/>\nCifrado AES-128<br \/>\nLatencia de 40 ms<br \/>\nPlacas de bater\u00eda de la serie L en TX\/RX<br \/>\nAlimentaci\u00f3n mediante adaptador de CC o bater\u00eda (no incluida)<\/p>\n","protected":false},"excerpt":{"rendered":"<p>Cuenta con un sistema de transmisi\u00f3n de v\u00eddeo inal\u00e1mbrico de alta resoluci\u00f3n de hasta 1080p60 a larga distancia, ya que puede ser supervisado y tener una mejor distribuci\u00f3n de v\u00eddeo flexible para tu estudio o la producci\u00f3n de campo.<\/p>\n","protected":false},"featured_media":3327,"comment_status":"open","ping_status":"closed","template":"","meta":{"site-sidebar-layout":"default","site-content-layout":"default","ast-site-content-layout":"default","site-content-style":"default","site-sidebar-style":"default","ast-global-header-display":"","ast-banner-title-visibility":"","ast-main-header-display":"","ast-hfb-above-header-display":"","ast-hfb-below-header-display":"","ast-hfb-mobile-header-display":"","site-post-title":"","ast-breadcrumbs-content":"","ast-featured-img":"","footer-sml-layout":"","ast-disable-related-posts":"","theme-transparent-header-meta":"default","adv-header-id-meta":"","stick-header-meta":"","header-above-stick-meta":"","header-main-stick-meta":"","header-below-stick-meta":"","astra-migrate-meta-layouts":"default","ast-page-background-enabled":"default","ast-page-background-meta":{"desktop":{"background-color":"var(--ast-global-color-4)","background-image":"","background-repeat":"repeat","background-position":"center center","background-size":"auto","background-attachment":"scroll","background-type":"","background-media":"","overlay-type":"","overlay-color":"","overlay-opacity":"","overlay-gradient":""},"tablet":{"background-color":"","background-image":"","background-repeat":"repeat","background-position":"center center","background-size":"auto","background-attachment":"scroll","background-type":"","background-media":"","overlay-type":"","overlay-color":"","overlay-opacity":"","overlay-gradient":""},"mobile":{"background-color":"","background-image":"","background-repeat":"repeat","background-position":"center center","background-size":"auto","background-attachment":"scroll","background-type":"","background-media":"","overlay-type":"","overlay-color":"","overlay-opacity":"","overlay-gradient":""}},"ast-content-background-meta":{"desktop":{"background-color":"var(--ast-global-color-5)","background-image":"","background-repeat":"repeat","background-position":"center center","background-size":"auto","background-attachment":"scroll","background-type":"","background-media":"","overlay-type":"","overlay-color":"","overlay-opacity":"","overlay-gradient":""},"tablet":{"background-color":"var(--ast-global-color-5)","background-image":"","background-repeat":"repeat","background-position":"center center","background-size":"auto","background-attachment":"scroll","background-type":"","background-media":"","overlay-type":"","overlay-color":"","overlay-opacity":"","overlay-gradient":""},"mobile":{"background-color":"var(--ast-global-color-5)","background-image":"","background-repeat":"repeat","background-position":"center center","background-size":"auto","background-attachment":"scroll","background-type":"","background-media":"","overlay-type":"","overlay-color":"","overlay-opacity":"","overlay-gradient":""}},"_themeisle_gutenberg_block_has_review":false},"product_brand":[],"product_cat":[90,78],"product_tag":[],"class_list":{"0":"post-3326","1":"product","2":"type-product","3":"status-publish","4":"has-post-thumbnail","6":"product_cat-transmisores-de-video-inalambrico","7":"product_cat-video","8":"desktop-align-center","9":"tablet-align-left","10":"mobile-align-left","12":"first","13":"instock","14":"purchasable","15":"product-type-simple"},"aioseo_notices":[],"jetpack_sharing_enabled":true,"_links":{"self":[{"href":"https:\/\/studio40shop.com.mx\/index.php?rest_route=\/wp\/v2\/product\/3326","targetHints":{"allow":["GET"]}}],"collection":[{"href":"https:\/\/studio40shop.com.mx\/index.php?rest_route=\/wp\/v2\/product"}],"about":[{"href":"https:\/\/studio40shop.com.mx\/index.php?rest_route=\/wp\/v2\/types\/product"}],"replies":[{"embeddable":true,"href":"https:\/\/studio40shop.com.mx\/index.php?rest_route=%2Fwp%2Fv2%2Fcomments&post=3326"}],"wp:featuredmedia":[{"embeddable":true,"href":"https:\/\/studio40shop.com.mx\/index.php?rest_route=\/wp\/v2\/media\/3327"}],"wp:attachment":[{"href":"https:\/\/studio40shop.com.mx\/index.php?rest_route=%2Fwp%2Fv2%2Fmedia&parent=3326"}],"wp:term":[{"taxonomy":"product_brand","embeddable":true,"href":"https:\/\/studio40shop.com.mx\/index.php?rest_route=%2Fwp%2Fv2%2Fproduct_brand&post=3326"},{"taxonomy":"product_cat","embeddable":true,"href":"https:\/\/studio40shop.com.mx\/index.php?rest_route=%2Fwp%2Fv2%2Fproduct_cat&post=3326"},{"taxonomy":"product_tag","embeddable":true,"href":"https:\/\/studio40shop.com.mx\/index.php?rest_route=%2Fwp%2Fv2%2Fproduct_tag&post=3326"}],"curies":[{"name":"wp","href":"https:\/\/api.w.org\/{rel}","templated":true}]}}