{"id":3342,"date":"2022-09-21T12:13:39","date_gmt":"2022-09-21T17:13:39","guid":{"rendered":"https:\/\/studio40shop.com.mx\/?post_type=product&#038;p=3342"},"modified":"2022-09-21T12:13:39","modified_gmt":"2022-09-21T17:13:39","slug":"microfono-inalambrico-hollyland-lark-m1-duo","status":"publish","type":"product","link":"https:\/\/studio40shop.com.mx\/?product=microfono-inalambrico-hollyland-lark-m1-duo","title":{"rendered":"Micr\u00f3fono inal\u00e1mbrico Hollyland Lark M1 Duo"},"content":{"rendered":"<p>Este Sistema inal\u00e1mbrico de los Micr\u00f3fonos Duo Lark M1 de la marca Hollyland de 2.4 GHz est\u00e1 hecho para dos personas, con un dise\u00f1o ultra ligero y compacto de menos de 12 gramos por cada micr\u00f3fono TX y solo 1 cm de grosor. Esto lo hace suficientemente liviano como para engancharse en el cuello de pr\u00e1cticamente cualquier persona a trav\u00e9s de su sistema clip on.<\/p>\n<p>El audio puede transmitirse hasta 200 metros de distancia gracias a su tecnolog\u00eda de salto de frecuencia autom\u00e1tica. En el dise\u00f1o de ambos micr\u00f3fonos y el receptor hay indicadores LED que muestran el estado tanto de bater\u00eda como de conectividad, adem\u00e1s con el emparejamiento Plug and Play podr\u00e1s comenzar a utilizar el sistema en cuanto lo saques de la caja y grabar audio hasta por 8 horas. Un estuche de carga est\u00e1 inclu\u00eddo para facilitar la recarga y la portabilidad del sistema al mismo tiempo.<\/p>\n<p>El sistema incluye dos cables adaptadores TRS, para conectar el receptor a c\u00e1maras y smartphones (no incluye cables lightning ni USB Tipo C) compatibles para que des el siguiente paso en la calidad de audio de tu podcast, videos, entrevistas, vlogs o streams.<\/p>\n<p>Conseguir un balance de sonido es f\u00e1cil y r\u00e1pido con un sencillo preajuste de volumen alto-medio-bajo, as\u00ed puedes elegir el nivel de volumen seg\u00fan el entorno de grabaci\u00f3n o el efecto de sonido que desees.<\/p>\n<p>Pensado especialmente para aquellos creadores de contenido que buscan un sistema inal\u00e1mbrico y con cancelaci\u00f3n de ruido activa, cuenta con el sistema HearClear de cancelaci\u00f3n de ruido que se activa mediante los controles integrados para resaltar las voces por encima del ruido ambiental.<\/p>\n<p>Hasta 200 metros de alcance de transmisi\u00f3n<br \/>\nPreselecci\u00f3n de volumen de 3 niveles<br \/>\nDise\u00f1o minimalista y elegante<br \/>\nSistema de enganche clip on<br \/>\nReceptor de doble canal<br \/>\nIndicadores LED de bater\u00eda y conectividad<br \/>\nCancelaci\u00f3n de ruido HearClear<br \/>\nBater\u00eda de 200mAh de 8 horas<br \/>\nEmparejamiento Plug and Play<br \/>\nPuertos de carga USB tipo C<br \/>\nCalidad de sonido Hi-Fi<br \/>\nAmplia compatibilidad<br \/>\nRango din\u00e1mico de 86 dB<br \/>\nPeso del micr\u00f3fono: 11.8 gramos<br \/>\nPeso de la caja: 302 gramos<br \/>\nDimensiones (al x an x prof): 15.7 x 10.4 x 5.8 cm<\/p>\n","protected":false},"excerpt":{"rendered":"<p>Incluye dos micr\u00f3fonos TX para dos personas, adem\u00e1s de su compatibilidad con c\u00e1maras y los sistemas operativos iOS y Android que lo hacen una excelente opci\u00f3n para creaci\u00f3n de contenido como podcasts, entrevistas y vlogs.<\/p>\n","protected":false},"featured_media":3343,"comment_status":"open","ping_status":"closed","template":"","meta":{"site-sidebar-layout":"default","site-content-layout":"default","ast-site-content-layout":"default","site-content-style":"default","site-sidebar-style":"default","ast-global-header-display":"","ast-banner-title-visibility":"","ast-main-header-display":"","ast-hfb-above-header-display":"","ast-hfb-below-header-display":"","ast-hfb-mobile-header-display":"","site-post-title":"","ast-breadcrumbs-content":"","ast-featured-img":"","footer-sml-layout":"","ast-disable-related-posts":"","theme-transparent-header-meta":"default","adv-header-id-meta":"","stick-header-meta":"","header-above-stick-meta":"","header-main-stick-meta":"","header-below-stick-meta":"","astra-migrate-meta-layouts":"default","ast-page-background-enabled":"default","ast-page-background-meta":{"desktop":{"background-color":"var(--ast-global-color-4)","background-image":"","background-repeat":"repeat","background-position":"center center","background-size":"auto","background-attachment":"scroll","background-type":"","background-media":"","overlay-type":"","overlay-color":"","overlay-opacity":"","overlay-gradient":""},"tablet":{"background-color":"","background-image":"","background-repeat":"repeat","background-position":"center center","background-size":"auto","background-attachment":"scroll","background-type":"","background-media":"","overlay-type":"","overlay-color":"","overlay-opacity":"","overlay-gradient":""},"mobile":{"background-color":"","background-image":"","background-repeat":"repeat","background-position":"center center","background-size":"auto","background-attachment":"scroll","background-type":"","background-media":"","overlay-type":"","overlay-color":"","overlay-opacity":"","overlay-gradient":""}},"ast-content-background-meta":{"desktop":{"background-color":"var(--ast-global-color-5)","background-image":"","background-repeat":"repeat","background-position":"center center","background-size":"auto","background-attachment":"scroll","background-type":"","background-media":"","overlay-type":"","overlay-color":"","overlay-opacity":"","overlay-gradient":""},"tablet":{"background-color":"var(--ast-global-color-5)","background-image":"","background-repeat":"repeat","background-position":"center center","background-size":"auto","background-attachment":"scroll","background-type":"","background-media":"","overlay-type":"","overlay-color":"","overlay-opacity":"","overlay-gradient":""},"mobile":{"background-color":"var(--ast-global-color-5)","background-image":"","background-repeat":"repeat","background-position":"center center","background-size":"auto","background-attachment":"scroll","background-type":"","background-media":"","overlay-type":"","overlay-color":"","overlay-opacity":"","overlay-gradient":""}},"_themeisle_gutenberg_block_has_review":false},"product_brand":[],"product_cat":[81,82],"product_tag":[540,545,544,543],"class_list":{"0":"post-3342","1":"product","2":"type-product","3":"status-publish","4":"has-post-thumbnail","6":"product_cat-audio","7":"product_cat-microfonos","8":"product_tag-hollyland","9":"product_tag-lark-m1","10":"product_tag-microfono","11":"product_tag-microfono-hollyland","12":"desktop-align-center","13":"tablet-align-left","14":"mobile-align-left","16":"first","17":"instock","18":"purchasable","19":"product-type-simple"},"aioseo_notices":[],"jetpack_sharing_enabled":true,"_links":{"self":[{"href":"https:\/\/studio40shop.com.mx\/index.php?rest_route=\/wp\/v2\/product\/3342","targetHints":{"allow":["GET"]}}],"collection":[{"href":"https:\/\/studio40shop.com.mx\/index.php?rest_route=\/wp\/v2\/product"}],"about":[{"href":"https:\/\/studio40shop.com.mx\/index.php?rest_route=\/wp\/v2\/types\/product"}],"replies":[{"embeddable":true,"href":"https:\/\/studio40shop.com.mx\/index.php?rest_route=%2Fwp%2Fv2%2Fcomments&post=3342"}],"wp:featuredmedia":[{"embeddable":true,"href":"https:\/\/studio40shop.com.mx\/index.php?rest_route=\/wp\/v2\/media\/3343"}],"wp:attachment":[{"href":"https:\/\/studio40shop.com.mx\/index.php?rest_route=%2Fwp%2Fv2%2Fmedia&parent=3342"}],"wp:term":[{"taxonomy":"product_brand","embeddable":true,"href":"https:\/\/studio40shop.com.mx\/index.php?rest_route=%2Fwp%2Fv2%2Fproduct_brand&post=3342"},{"taxonomy":"product_cat","embeddable":true,"href":"https:\/\/studio40shop.com.mx\/index.php?rest_route=%2Fwp%2Fv2%2Fproduct_cat&post=3342"},{"taxonomy":"product_tag","embeddable":true,"href":"https:\/\/studio40shop.com.mx\/index.php?rest_route=%2Fwp%2Fv2%2Fproduct_tag&post=3342"}],"curies":[{"name":"wp","href":"https:\/\/api.w.org\/{rel}","templated":true}]}}