{"id":3351,"date":"2022-09-21T12:27:17","date_gmt":"2022-09-21T17:27:17","guid":{"rendered":"https:\/\/studio40shop.com.mx\/?post_type=product&#038;p=3351"},"modified":"2022-09-21T12:27:17","modified_gmt":"2022-09-21T17:27:17","slug":"microfonos-inalambricos-hollyland-lark150-dual","status":"publish","type":"product","link":"https:\/\/studio40shop.com.mx\/?product=microfonos-inalambricos-hollyland-lark150-dual","title":{"rendered":"Micr\u00f3fonos inal\u00e1mbricos Hollyland LARK150 Dual"},"content":{"rendered":"<p>Mejora la calidad de audio de tus videos y trabaja con mayor facilidad a la hora de realizar tus proyectos audiovisuales. El sistema LARK 150 permite la carga de los micr\u00f3fonos dentro del estuche, el cual puede llegar a recargar tres unidades usando su puerto de entrada USB.<\/p>\n<p>Los transmisores son peque\u00f1os y livianos, se enganchan a una solapa o camisa y cuentan con un micr\u00f3fono omnidireccional incorporado. Tambi\u00e9n puede usar los dos micr\u00f3fonos lavalier incluidos con los puertos deentrada de 3.5 mm. Ambos tambi\u00e9n cuentan con un bot\u00f3n de silencio bidireccional y un clip incorporado.<\/p>\n<p>El receptor cuenta con botones de volumen, una salida de monitorizaci\u00f3n de auriculares de 3,5 mm, una salida de l\u00ednea de 3,5 mm y una pantalla que muestra la conexi\u00f3n y el estado de la bater\u00eda de las tres unidades.<\/p>\n<p>Incluye:<br \/>\nCaja cargador de micr\u00f3fonos y receptor.<br \/>\nReceptor.<br \/>\n2 Micr\u00f3fonos.<br \/>\n2 Micr\u00f3fonos Lavalier.<br \/>\n2 Protectores rompevientos.<br \/>\n2 extra protectores rompe vientos.<br \/>\n1 cable USB C.<\/p>\n","protected":false},"excerpt":{"rendered":"<p>Los Microfonos Lark150 son dos microfonos de la marca Hollyland especiales para realizar entrevistas y para producci\u00f3n en documentales.<\/p>\n","protected":false},"featured_media":3352,"comment_status":"open","ping_status":"closed","template":"","meta":{"site-sidebar-layout":"default","site-content-layout":"default","ast-site-content-layout":"default","site-content-style":"default","site-sidebar-style":"default","ast-global-header-display":"","ast-banner-title-visibility":"","ast-main-header-display":"","ast-hfb-above-header-display":"","ast-hfb-below-header-display":"","ast-hfb-mobile-header-display":"","site-post-title":"","ast-breadcrumbs-content":"","ast-featured-img":"","footer-sml-layout":"","ast-disable-related-posts":"","theme-transparent-header-meta":"default","adv-header-id-meta":"","stick-header-meta":"","header-above-stick-meta":"","header-main-stick-meta":"","header-below-stick-meta":"","astra-migrate-meta-layouts":"default","ast-page-background-enabled":"default","ast-page-background-meta":{"desktop":{"background-color":"var(--ast-global-color-4)","background-image":"","background-repeat":"repeat","background-position":"center center","background-size":"auto","background-attachment":"scroll","background-type":"","background-media":"","overlay-type":"","overlay-color":"","overlay-opacity":"","overlay-gradient":""},"tablet":{"background-color":"","background-image":"","background-repeat":"repeat","background-position":"center center","background-size":"auto","background-attachment":"scroll","background-type":"","background-media":"","overlay-type":"","overlay-color":"","overlay-opacity":"","overlay-gradient":""},"mobile":{"background-color":"","background-image":"","background-repeat":"repeat","background-position":"center center","background-size":"auto","background-attachment":"scroll","background-type":"","background-media":"","overlay-type":"","overlay-color":"","overlay-opacity":"","overlay-gradient":""}},"ast-content-background-meta":{"desktop":{"background-color":"var(--ast-global-color-5)","background-image":"","background-repeat":"repeat","background-position":"center center","background-size":"auto","background-attachment":"scroll","background-type":"","background-media":"","overlay-type":"","overlay-color":"","overlay-opacity":"","overlay-gradient":""},"tablet":{"background-color":"var(--ast-global-color-5)","background-image":"","background-repeat":"repeat","background-position":"center center","background-size":"auto","background-attachment":"scroll","background-type":"","background-media":"","overlay-type":"","overlay-color":"","overlay-opacity":"","overlay-gradient":""},"mobile":{"background-color":"var(--ast-global-color-5)","background-image":"","background-repeat":"repeat","background-position":"center center","background-size":"auto","background-attachment":"scroll","background-type":"","background-media":"","overlay-type":"","overlay-color":"","overlay-opacity":"","overlay-gradient":""}},"_themeisle_gutenberg_block_has_review":false},"product_brand":[],"product_cat":[81,82],"product_tag":[540,547,543,542,546],"class_list":{"0":"post-3351","1":"product","2":"type-product","3":"status-publish","4":"has-post-thumbnail","6":"product_cat-audio","7":"product_cat-microfonos","8":"product_tag-hollyland","9":"product_tag-microfono-dual","10":"product_tag-microfono-hollyland","11":"product_tag-microfono-inalambrico","12":"product_tag-transmisor-microfono","13":"desktop-align-center","14":"tablet-align-left","15":"mobile-align-left","17":"first","18":"instock","19":"purchasable","20":"product-type-simple"},"aioseo_notices":[],"jetpack_sharing_enabled":true,"_links":{"self":[{"href":"https:\/\/studio40shop.com.mx\/index.php?rest_route=\/wp\/v2\/product\/3351","targetHints":{"allow":["GET"]}}],"collection":[{"href":"https:\/\/studio40shop.com.mx\/index.php?rest_route=\/wp\/v2\/product"}],"about":[{"href":"https:\/\/studio40shop.com.mx\/index.php?rest_route=\/wp\/v2\/types\/product"}],"replies":[{"embeddable":true,"href":"https:\/\/studio40shop.com.mx\/index.php?rest_route=%2Fwp%2Fv2%2Fcomments&post=3351"}],"wp:featuredmedia":[{"embeddable":true,"href":"https:\/\/studio40shop.com.mx\/index.php?rest_route=\/wp\/v2\/media\/3352"}],"wp:attachment":[{"href":"https:\/\/studio40shop.com.mx\/index.php?rest_route=%2Fwp%2Fv2%2Fmedia&parent=3351"}],"wp:term":[{"taxonomy":"product_brand","embeddable":true,"href":"https:\/\/studio40shop.com.mx\/index.php?rest_route=%2Fwp%2Fv2%2Fproduct_brand&post=3351"},{"taxonomy":"product_cat","embeddable":true,"href":"https:\/\/studio40shop.com.mx\/index.php?rest_route=%2Fwp%2Fv2%2Fproduct_cat&post=3351"},{"taxonomy":"product_tag","embeddable":true,"href":"https:\/\/studio40shop.com.mx\/index.php?rest_route=%2Fwp%2Fv2%2Fproduct_tag&post=3351"}],"curies":[{"name":"wp","href":"https:\/\/api.w.org\/{rel}","templated":true}]}}