{"id":3364,"date":"2022-09-21T12:51:04","date_gmt":"2022-09-21T17:51:04","guid":{"rendered":"https:\/\/studio40shop.com.mx\/?post_type=product&#038;p=3364"},"modified":"2022-09-21T12:51:04","modified_gmt":"2022-09-21T17:51:04","slug":"sistema-de-transmisor-y-receptor-hollyland-t1000-inalambrico","status":"publish","type":"product","link":"https:\/\/studio40shop.com.mx\/?product=sistema-de-transmisor-y-receptor-hollyland-t1000-inalambrico","title":{"rendered":"Sistema de transmisor y receptor Hollyland T1000 Inal\u00e1mbrico"},"content":{"rendered":"<p>Incluye 1 estaci\u00f3n base con 4 paquetes de cinturones<\/p>\n<p>En comparaci\u00f3n con el sistema de intercomunicaci\u00f3n tradicional, MARS T1000 adopta tecnolog\u00eda inal\u00e1mbrica avanzada, el rango de transmisi\u00f3n es de hasta 304,8 m entre la estaci\u00f3n base y cada cintur\u00f3n. Cuando la estaci\u00f3n base se encuentra en el medio de dos cinturones, la distancia de comunicaci\u00f3n es de hasta 240 pies. Muy pr\u00e1ctica cuando se comunica en actividades a gran escala.<\/p>\n<p>Conexi\u00f3n en cascada de dos dispositivos: La estaci\u00f3n base admite conexi\u00f3n en cascada de dos dispositivos, lo que significa que dos estaciones base se pueden conectar juntas, junto con 8 paquetes de correas que funcionan simult\u00e1neamente. Hasta 10 personas pueden participar en las comunicaciones grupales. La elecci\u00f3n ideal para la programaci\u00f3n de estudios, la programaci\u00f3n de eventos de boda\/iglesia, la programaci\u00f3n de transmisiones en vivo, trabajos de filmaci\u00f3n en equipo, programaci\u00f3n de actividades de escenario, env\u00edo de emergencia, y webcast, etc.<\/p>\n<p>Comunicaci\u00f3n inal\u00e1mbrica Full Duplex. La comunicaci\u00f3n inal\u00e1mbrica Full Duplex significa que la gente puede hablar y escuchar al mismo tiempo como una conversaci\u00f3n telef\u00f3nica normal. En el modo MUTE, solo se puede escuchar a las personas. En el modo TALK, puede hablar con la estaci\u00f3n base. No hay interferencia de se\u00f1al entre los cinturones, no te preocupes por el retraso de la transmisi\u00f3n.<\/p>\n<p>Transmisi\u00f3n inal\u00e1mbrica estable, baja latencia de se\u00f1al. Con cuerpo de aleaci\u00f3n de aluminio mecanizado CNC, fuerte capacidad antiinterferencia, MARS T1000 garantiza la transmisi\u00f3n inal\u00e1mbrica estable y confiable, latencia de se\u00f1al extremadamente baja. Tama\u00f1o mini y no necesita cable, este sistema de intercomunicaci\u00f3n es port\u00e1til tanto para actividades en interiores como al aire \u00faltima intervensi\u00f3n. Dise\u00f1o de clip para fijar las correas f\u00e1cilmente; la estaci\u00f3n base compacta se puede colocar en cualquier lugar.<\/p>\n<p>Pantalla OLED y auriculares profesionales de bobina m\u00f3vil. A trav\u00e9s de la visualizaci\u00f3n OLED, los fot\u00f3grafos y directores pueden controlar el estado de la se\u00f1al, la energ\u00eda de la bater\u00eda, el n\u00famero de canal y el modo de conexi\u00f3n de los cinturones. 5 auriculares profesionales Moving-Coil pueden aislar el ruido de fondo de manera eficaz y garantizar la calidad de voz de grado portador.<\/p>\n<p>El rango de transmisi\u00f3n de MARS T1000 alcanza hasta 1000 pies en una l\u00ednea de visi\u00f3n limpia (LOS) con comunicaci\u00f3n inal\u00e1mbrica full-duplex y calidad de voz de nivel de operador.<\/p>\n<p>Soporta bater\u00edas serie L o fuente de alimentaci\u00f3n de adaptador de pared para la estaci\u00f3n base y bater\u00eda de litio integrada para beltpacks.<\/p>\n<p>Caracterisiticas:<\/p>\n<p>1. Alcance de comunicaci\u00f3n de 1000 pies, calidad de voz de nivel de operador.<\/p>\n<p>2. Ancho de banda de frecuencia de 1,9 GHz.<\/p>\n<p>3. Comunicaci\u00f3n inal\u00e1mbrica full-duplex.<\/p>\n<p>4. Bater\u00edas de litio incorporadas, con m\u00e1s de 8 horas de tiempo de funcionamiento con una carga completa.<\/p>\n<p>5. Comunicaci\u00f3n de hasta 4 ri\u00f1oneras simult\u00e1neamente (estaci\u00f3n base).<\/p>\n<p>6. Auriculares de 3,5 mm y conexi\u00f3n de audio anal\u00f3gico de 4 clavijas (estaci\u00f3n base).<\/p>\n<p>7. Admite Tally inal\u00e1mbrico.<\/p>\n<p>8. Actualizaci\u00f3n de firmware USB.<\/p>\n","protected":false},"excerpt":{"rendered":"<p>Sistema de intercomunicaci\u00f3n inal\u00e1mbrico d\u00faplex completo, incluye 1 estaci\u00f3n base con 4 paquetes de cinturones<\/p>\n","protected":false},"featured_media":3365,"comment_status":"open","ping_status":"closed","template":"","meta":{"site-sidebar-layout":"default","site-content-layout":"default","ast-site-content-layout":"default","site-content-style":"default","site-sidebar-style":"default","ast-global-header-display":"","ast-banner-title-visibility":"","ast-main-header-display":"","ast-hfb-above-header-display":"","ast-hfb-below-header-display":"","ast-hfb-mobile-header-display":"","site-post-title":"","ast-breadcrumbs-content":"","ast-featured-img":"","footer-sml-layout":"","ast-disable-related-posts":"","theme-transparent-header-meta":"default","adv-header-id-meta":"","stick-header-meta":"","header-above-stick-meta":"","header-main-stick-meta":"","header-below-stick-meta":"","astra-migrate-meta-layouts":"default","ast-page-background-enabled":"default","ast-page-background-meta":{"desktop":{"background-color":"var(--ast-global-color-4)","background-image":"","background-repeat":"repeat","background-position":"center center","background-size":"auto","background-attachment":"scroll","background-type":"","background-media":"","overlay-type":"","overlay-color":"","overlay-opacity":"","overlay-gradient":""},"tablet":{"background-color":"","background-image":"","background-repeat":"repeat","background-position":"center center","background-size":"auto","background-attachment":"scroll","background-type":"","background-media":"","overlay-type":"","overlay-color":"","overlay-opacity":"","overlay-gradient":""},"mobile":{"background-color":"","background-image":"","background-repeat":"repeat","background-position":"center center","background-size":"auto","background-attachment":"scroll","background-type":"","background-media":"","overlay-type":"","overlay-color":"","overlay-opacity":"","overlay-gradient":""}},"ast-content-background-meta":{"desktop":{"background-color":"var(--ast-global-color-5)","background-image":"","background-repeat":"repeat","background-position":"center center","background-size":"auto","background-attachment":"scroll","background-type":"","background-media":"","overlay-type":"","overlay-color":"","overlay-opacity":"","overlay-gradient":""},"tablet":{"background-color":"var(--ast-global-color-5)","background-image":"","background-repeat":"repeat","background-position":"center center","background-size":"auto","background-attachment":"scroll","background-type":"","background-media":"","overlay-type":"","overlay-color":"","overlay-opacity":"","overlay-gradient":""},"mobile":{"background-color":"var(--ast-global-color-5)","background-image":"","background-repeat":"repeat","background-position":"center center","background-size":"auto","background-attachment":"scroll","background-type":"","background-media":"","overlay-type":"","overlay-color":"","overlay-opacity":"","overlay-gradient":""}},"_themeisle_gutenberg_block_has_review":false},"product_brand":[],"product_cat":[93,81],"product_tag":[540,555,552,551,553,554],"class_list":{"0":"post-3364","1":"product","2":"type-product","3":"status-publish","4":"has-post-thumbnail","6":"product_cat-audifonos","7":"product_cat-audio","8":"product_tag-hollyland","9":"product_tag-hollyland-audio","10":"product_tag-hollyland-intercomunicador","11":"product_tag-intercomunicador","12":"product_tag-sistema-de-audio","13":"product_tag-sistema-de-comunicacion","14":"desktop-align-center","15":"tablet-align-left","16":"mobile-align-left","18":"first","19":"instock","20":"purchasable","21":"product-type-simple"},"aioseo_notices":[],"jetpack_sharing_enabled":true,"_links":{"self":[{"href":"https:\/\/studio40shop.com.mx\/index.php?rest_route=\/wp\/v2\/product\/3364","targetHints":{"allow":["GET"]}}],"collection":[{"href":"https:\/\/studio40shop.com.mx\/index.php?rest_route=\/wp\/v2\/product"}],"about":[{"href":"https:\/\/studio40shop.com.mx\/index.php?rest_route=\/wp\/v2\/types\/product"}],"replies":[{"embeddable":true,"href":"https:\/\/studio40shop.com.mx\/index.php?rest_route=%2Fwp%2Fv2%2Fcomments&post=3364"}],"wp:featuredmedia":[{"embeddable":true,"href":"https:\/\/studio40shop.com.mx\/index.php?rest_route=\/wp\/v2\/media\/3365"}],"wp:attachment":[{"href":"https:\/\/studio40shop.com.mx\/index.php?rest_route=%2Fwp%2Fv2%2Fmedia&parent=3364"}],"wp:term":[{"taxonomy":"product_brand","embeddable":true,"href":"https:\/\/studio40shop.com.mx\/index.php?rest_route=%2Fwp%2Fv2%2Fproduct_brand&post=3364"},{"taxonomy":"product_cat","embeddable":true,"href":"https:\/\/studio40shop.com.mx\/index.php?rest_route=%2Fwp%2Fv2%2Fproduct_cat&post=3364"},{"taxonomy":"product_tag","embeddable":true,"href":"https:\/\/studio40shop.com.mx\/index.php?rest_route=%2Fwp%2Fv2%2Fproduct_tag&post=3364"}],"curies":[{"name":"wp","href":"https:\/\/api.w.org\/{rel}","templated":true}]}}