{"id":3388,"date":"2022-09-28T14:04:09","date_gmt":"2022-09-28T19:04:09","guid":{"rendered":"https:\/\/studio40shop.com.mx\/?post_type=product&#038;p=3388"},"modified":"2022-09-28T14:04:10","modified_gmt":"2022-09-28T19:04:10","slug":"monopie-manfrotto-mvmelmiia4live-element-mii-con-cabeza-fluida-live-para-video","status":"publish","type":"product","link":"https:\/\/studio40shop.com.mx\/?product=monopie-manfrotto-mvmelmiia4live-element-mii-con-cabeza-fluida-live-para-video","title":{"rendered":"Monopie Manfrotto MVMELMIIA4LIVE Element MII con cabeza fluida Live para video"},"content":{"rendered":"<p>El monopie de video Element MII con Live Fluid Head de Manfrotto es un monopie fluido ultra port\u00e1til, ideal para filmar bodas, videos corporativos, entrevistas, documentales y otras situaciones din\u00e1micas donde la agilidad y la precisi\u00f3n realmente cuentan. Compacto y ligero, combina un rendimiento sofisticado con la sencillez de uso. Es r\u00e1pido y f\u00e1cil de plegar y guardar, ofrece una capacidad de carga de 8,8 libras, adecuada para usar con una amplia variedad de c\u00e1maras de fotos y de video.<\/p>\n<p>Las cuatro secciones de patas de aluminio incorporan los nuevos cierres giratorios ergon\u00f3micos de alto rendimiento. Estos hacen que la configuraci\u00f3n y el ajuste sean mucho m\u00e1s f\u00e1ciles y c\u00f3modos, al mismo tiempo que ofrecen el m\u00e1ximo agarre, una apertura r\u00e1pida de las piernas y un tama\u00f1o extremadamente compacto. El Element MII tambi\u00e9n tiene una acci\u00f3n panor\u00e1mica incre\u00edblemente suave, gracias al cartucho de fluido liviano patentado en la base plegable. Aprovechando la esfera base libre de vibraciones, la posici\u00f3n de inclinaci\u00f3n se puede alcanzar en las superficies m\u00e1s irregulares, lo que permite a los usuarios aprovechar la fluidez de la panor\u00e1mica en todo tipo de condiciones.<\/p>\n<p>El cabezal de video fluido compacto integrado brinda una inclinaci\u00f3n ultra suave e impecable gracias al sistema Fluid Drag. Ha sido dise\u00f1ado para ofrecer la m\u00e1xima versatilidad, con una barra panor\u00e1mica extra\u00edble y plegable, un conjunto de placa y receptor de liberaci\u00f3n r\u00e1pida.<\/p>\n<p>Element MII cabeza en vivo<br \/>\nDedicado a las aplicaciones de video, el Element MII Live Head integrado presenta una configuraci\u00f3n intuitiva para tomas y filmaciones precisas, incluso con equipos pesados \u200b\u200bde hasta 8.8 libras. Tiene un sistema de arrastre fluido para una inclinaci\u00f3n suave, una barra panor\u00e1mica totalmente plegable y extra\u00edble e incluye una placa de liberaci\u00f3n r\u00e1pida 501PL.<\/p>\n<p>Base inclinable con cartucho de fluido<br \/>\nEl cartucho de fluido liviano en la base inclinable proporciona una acci\u00f3n de paneo suave para un control de paneo perfecto y suave, diversos \u00e1ngulos de disparo. El dise\u00f1o delgado presenta tres patas plegables con pies de goma para mayor tracci\u00f3n.<\/p>\n<p>Juntas de bloqueo por torsi\u00f3n<br \/>\nLos cierres giratorios ergon\u00f3micos de alto rendimiento proporcionan una potencia de bloqueo r\u00e1pida, precisa y segura. El mecanismo de bloqueo compacto garantiza ajustes de bloqueo y desbloqueo inmediatos.<\/p>\n<p><strong>Especificaciones<\/strong><br \/>\nCabeza de monopie<br \/>\nTipo de cabeza Cabeza fluida<br \/>\nTornillo de montaje de la c\u00e1mara 1\/4 pulgadas -20 macho y 3\/8 pulgadas -16 con buje<br \/>\nTipo de placa de liberaci\u00f3n r\u00e1pida 501PL<br \/>\nN\u00famero de niveles de burbuja 1<br \/>\nControl de fricci\u00f3n S\u00ed<br \/>\nBloqueo panor\u00e1mico independiente No<br \/>\nPierna<br \/>\nTipo de bloqueo de pierna Cerradura de la torcedura<br \/>\nSecciones de piernas 4<br \/>\nNivel burbuja No<br \/>\nCaracter\u00edsticas del pie monopie Base plegable<br \/>\nGeneral<br \/>\nCapacidad de carga 8,8 libras \/ 4kg<br \/>\nAltura m\u00e1xima de trabajo 54,2 pulgadas \/ 137,7cm<br \/>\nAltura m\u00ednima de trabajo 23,8 pulgadas \/ 60,5cm<br \/>\nLongitud cerrada 23,8 pulgadas \/ 60,5cm<br \/>\nMateriales Aleaci\u00f3n de aluminio<\/p>\n","protected":false},"excerpt":{"rendered":"<p>Un monopie fluido ultra port\u00e1til, ideal para filmar bodas, v\u00eddeos corporativos, entrevistas, documentales y otras situaciones din\u00e1micas donde la agilidad y la precisi\u00f3n realmente cuentan.<\/p>\n","protected":false},"featured_media":3389,"comment_status":"open","ping_status":"closed","template":"","meta":{"site-sidebar-layout":"default","site-content-layout":"default","ast-site-content-layout":"","site-content-style":"default","site-sidebar-style":"default","ast-global-header-display":"","ast-banner-title-visibility":"","ast-main-header-display":"","ast-hfb-above-header-display":"","ast-hfb-below-header-display":"","ast-hfb-mobile-header-display":"","site-post-title":"","ast-breadcrumbs-content":"","ast-featured-img":"","footer-sml-layout":"","theme-transparent-header-meta":"default","adv-header-id-meta":"","stick-header-meta":"","header-above-stick-meta":"","header-main-stick-meta":"","header-below-stick-meta":"","astra-migrate-meta-layouts":"default","ast-page-background-enabled":"default","ast-page-background-meta":{"desktop":{"background-color":"var(--ast-global-color-4)","background-image":"","background-repeat":"repeat","background-position":"center center","background-size":"auto","background-attachment":"scroll","background-type":"","background-media":"","overlay-type":"","overlay-color":"","overlay-opacity":"","overlay-gradient":""},"tablet":{"background-color":"","background-image":"","background-repeat":"repeat","background-position":"center center","background-size":"auto","background-attachment":"scroll","background-type":"","background-media":"","overlay-type":"","overlay-color":"","overlay-opacity":"","overlay-gradient":""},"mobile":{"background-color":"","background-image":"","background-repeat":"repeat","background-position":"center center","background-size":"auto","background-attachment":"scroll","background-type":"","background-media":"","overlay-type":"","overlay-color":"","overlay-opacity":"","overlay-gradient":""}},"ast-content-background-meta":{"desktop":{"background-color":"var(--ast-global-color-5)","background-image":"","background-repeat":"repeat","background-position":"center center","background-size":"auto","background-attachment":"scroll","background-type":"","background-media":"","overlay-type":"","overlay-color":"","overlay-opacity":"","overlay-gradient":""},"tablet":{"background-color":"var(--ast-global-color-5)","background-image":"","background-repeat":"repeat","background-position":"center center","background-size":"auto","background-attachment":"scroll","background-type":"","background-media":"","overlay-type":"","overlay-color":"","overlay-opacity":"","overlay-gradient":""},"mobile":{"background-color":"var(--ast-global-color-5)","background-image":"","background-repeat":"repeat","background-position":"center center","background-size":"auto","background-attachment":"scroll","background-type":"","background-media":"","overlay-type":"","overlay-color":"","overlay-opacity":"","overlay-gradient":""}},"_themeisle_gutenberg_block_has_review":false},"product_brand":[],"product_cat":[85,80],"product_tag":[569,568,566,567,570],"class_list":{"0":"post-3388","1":"product","2":"type-product","3":"status-publish","4":"has-post-thumbnail","6":"product_cat-monopies","7":"product_cat-tripies","8":"product_tag-manfroto","9":"product_tag-manfrotto","10":"product_tag-manfrotto-monopie","11":"product_tag-monopie","12":"product_tag-tripie-manfroto","13":"desktop-align-center","14":"tablet-align-left","15":"mobile-align-left","17":"first","18":"instock","19":"purchasable","20":"product-type-simple"},"aioseo_notices":[],"jetpack_sharing_enabled":true,"_links":{"self":[{"href":"https:\/\/studio40shop.com.mx\/index.php?rest_route=\/wp\/v2\/product\/3388","targetHints":{"allow":["GET"]}}],"collection":[{"href":"https:\/\/studio40shop.com.mx\/index.php?rest_route=\/wp\/v2\/product"}],"about":[{"href":"https:\/\/studio40shop.com.mx\/index.php?rest_route=\/wp\/v2\/types\/product"}],"replies":[{"embeddable":true,"href":"https:\/\/studio40shop.com.mx\/index.php?rest_route=%2Fwp%2Fv2%2Fcomments&post=3388"}],"wp:featuredmedia":[{"embeddable":true,"href":"https:\/\/studio40shop.com.mx\/index.php?rest_route=\/wp\/v2\/media\/3389"}],"wp:attachment":[{"href":"https:\/\/studio40shop.com.mx\/index.php?rest_route=%2Fwp%2Fv2%2Fmedia&parent=3388"}],"wp:term":[{"taxonomy":"product_brand","embeddable":true,"href":"https:\/\/studio40shop.com.mx\/index.php?rest_route=%2Fwp%2Fv2%2Fproduct_brand&post=3388"},{"taxonomy":"product_cat","embeddable":true,"href":"https:\/\/studio40shop.com.mx\/index.php?rest_route=%2Fwp%2Fv2%2Fproduct_cat&post=3388"},{"taxonomy":"product_tag","embeddable":true,"href":"https:\/\/studio40shop.com.mx\/index.php?rest_route=%2Fwp%2Fv2%2Fproduct_tag&post=3388"}],"curies":[{"name":"wp","href":"https:\/\/api.w.org\/{rel}","templated":true}]}}