{"id":3395,"date":"2022-09-28T14:22:51","date_gmt":"2022-09-28T19:22:51","guid":{"rendered":"https:\/\/studio40shop.com.mx\/?post_type=product&#038;p=3395"},"modified":"2022-09-28T14:22:51","modified_gmt":"2022-09-28T19:22:51","slug":"tripie-manfrotto-befree-mkbfrla-3w-3way-live-advanced","status":"publish","type":"product","link":"https:\/\/studio40shop.com.mx\/?product=tripie-manfrotto-befree-mkbfrla-3w-3way-live-advanced","title":{"rendered":"Tripie Manfrotto Befree MKBFRLA-3W 3Way Live Advanced"},"content":{"rendered":"<p>Desarrollado espec\u00edficamente para los usuarios de c\u00e1maras Sony Alpha que desean el m\u00e1ximo rendimiento y estabilidad para el uso de fotograf\u00edas y videos, el Befree 3-Way Live Advanced dise\u00f1ado para c\u00e1maras Sony Alpha de Manfrotto cuenta con un cabezal h\u00edbrido de foto-video ideal para fotograf\u00eda y video de viajes. Junto con el tripie de aluminio Befree Advanced Travel, el cabezal fluido de 3 v\u00edas proporciona asas plegables para mayor compacidad, y un sistema de arrastre fluido en los ejes de giro e inclinaci\u00f3n garantiza que los movimientos de la c\u00e1mara sean suaves, controlados y precisos. Una placa de liberaci\u00f3n r\u00e1pida de color cinabrio dedicada proporciona una excelente estabilidad de la c\u00e1mara para todas las posiciones de disparo, y este sistema de placa \u00fanico tiene la ventaja adicional de ser compatible con las placas del tripie tipo Arca-Swiss y Manfrotto RC2.<\/p>\n<p>Las patas del tripie est\u00e1n fabricadas con una resistente aleaci\u00f3n de aluminio y, junto con la cabeza, alcanzan una altura m\u00e1xima de 59,5 pulgadas. Cada pata se compone de cuatro secciones, que se pueden ajustar y bloquear de forma segura en su lugar con los cierres de palanca que se encuentran en todos los segmentos y un selector de tiro lateral permite una configuraci\u00f3n r\u00e1pida con ambas manos. Un accesorio Easy Link en la parte superior de la secci\u00f3n de la pierna le permite colocar accesorios externos, y los pies de goma evitan el deslizamiento y ayudan a mantener el tripie estable en terrenos irregulares. Un gancho integrado, tambi\u00e9n se incluye para que pueda agregar un peso y aumentar la estabilidad de su tripie al disparar en condiciones m\u00e1s dif\u00edciles.<\/p>\n<p>Kit de tripie de viaje de doble prop\u00f3sito para aplicaciones de fotograf\u00eda y video<br \/>\nMango panor\u00e1mico largo con sistema de arrastre fluido en los ejes de giro e inclinaci\u00f3n para movimientos de c\u00e1mara suaves y precisos<br \/>\nSistema de bloqueo de la manija con agarraderas de goma<br \/>\nSoporte de placa doble compatible para placas de foto y video<br \/>\nCompatible con cabezales tipo Manfrotto RC2 y Arca-Swiss<br \/>\nEl selector de tiro lateral ergon\u00f3mico permite una configuraci\u00f3n r\u00e1pida con ambas manos<br \/>\nPalancas de bloqueo para una configuraci\u00f3n f\u00e1cil y segura<br \/>\n3 niveles de burbuja para alinear la c\u00e1mara en tres planos<br \/>\nEasy Link para conectar accesorios externos<br \/>\nGancho para peso adicional<br \/>\nLas patas del tripie se pliegan alrededor de la cabeza para su almacenamiento y transporte<\/p>\n<p><strong>Especificaciones<\/strong><\/p>\n<p>Cabeza<br \/>\nTipo de cabeza: Cabeza fluida<br \/>\nMontaje base 3\/8 pulgadas -16 hembra<br \/>\nTornillo de montaje de la c\u00e1mara 1\/4 pulgadas -20 macho<br \/>\nTipo de placa de liberaci\u00f3n r\u00e1pida 200PL, 501PL, tipo Arca<br \/>\nN\u00famero de niveles de burbuja: 3<br \/>\nControl de fricci\u00f3n: si<br \/>\nBloqueo de panor\u00e1mica independiente: si<br \/>\nCapacidad de carga: 13,23 libras \/ 6kg<br \/>\nAltura m\u00e1xima de trabajo: 59,4 pulgadas \/ 151cm<br \/>\nAltura m\u00e1xima sin columna central: 51,97 pulgadas \/ 132cm<br \/>\nAltura m\u00ednima de trabajo: 16,5 pulgadas \/ 42cm<br \/>\nLongitud plegada: 15,75 pulgadas \/ 40cm<br \/>\nMateriales: Aleaci\u00f3n de aluminio<br \/>\nPeso: 4,34 libras \/ 1,97 kg<br \/>\nPiernas<br \/>\nTipo de bloqueo de pierna: Flip Lock<br \/>\nPosiciones de las piernas: 3 posiciones<br \/>\nExtensi\u00f3n de pierna independiente: Si<br \/>\nSecciones de pierna: 4<br \/>\nNivel burbuja: No<br \/>\nCaracter\u00edsticas de los pies: Caucho<br \/>\nCaracter\u00edsticas de la columna central: Gancho de lastre<br \/>\nTipo de extensi\u00f3n de columna central: R\u00e1pido<\/p>\n","protected":false},"excerpt":{"rendered":"<p>El Befree 3-Way Live Advanced dise\u00f1ado para c\u00e1maras Sony Alpha de Manfrotto cuenta con un cabezal h\u00edbrido de foto-video ideal para fotograf\u00eda y video de viajes.<\/p>\n","protected":false},"featured_media":3397,"comment_status":"open","ping_status":"closed","template":"","meta":{"site-sidebar-layout":"default","site-content-layout":"default","ast-site-content-layout":"default","site-content-style":"default","site-sidebar-style":"default","ast-global-header-display":"","ast-banner-title-visibility":"","ast-main-header-display":"","ast-hfb-above-header-display":"","ast-hfb-below-header-display":"","ast-hfb-mobile-header-display":"","site-post-title":"","ast-breadcrumbs-content":"","ast-featured-img":"","footer-sml-layout":"","ast-disable-related-posts":"","theme-transparent-header-meta":"default","adv-header-id-meta":"","stick-header-meta":"","header-above-stick-meta":"","header-main-stick-meta":"","header-below-stick-meta":"","astra-migrate-meta-layouts":"default","ast-page-background-enabled":"default","ast-page-background-meta":{"desktop":{"background-color":"var(--ast-global-color-4)","background-image":"","background-repeat":"repeat","background-position":"center center","background-size":"auto","background-attachment":"scroll","background-type":"","background-media":"","overlay-type":"","overlay-color":"","overlay-opacity":"","overlay-gradient":""},"tablet":{"background-color":"","background-image":"","background-repeat":"repeat","background-position":"center center","background-size":"auto","background-attachment":"scroll","background-type":"","background-media":"","overlay-type":"","overlay-color":"","overlay-opacity":"","overlay-gradient":""},"mobile":{"background-color":"","background-image":"","background-repeat":"repeat","background-position":"center center","background-size":"auto","background-attachment":"scroll","background-type":"","background-media":"","overlay-type":"","overlay-color":"","overlay-opacity":"","overlay-gradient":""}},"ast-content-background-meta":{"desktop":{"background-color":"var(--ast-global-color-5)","background-image":"","background-repeat":"repeat","background-position":"center center","background-size":"auto","background-attachment":"scroll","background-type":"","background-media":"","overlay-type":"","overlay-color":"","overlay-opacity":"","overlay-gradient":""},"tablet":{"background-color":"var(--ast-global-color-5)","background-image":"","background-repeat":"repeat","background-position":"center center","background-size":"auto","background-attachment":"scroll","background-type":"","background-media":"","overlay-type":"","overlay-color":"","overlay-opacity":"","overlay-gradient":""},"mobile":{"background-color":"var(--ast-global-color-5)","background-image":"","background-repeat":"repeat","background-position":"center center","background-size":"auto","background-attachment":"scroll","background-type":"","background-media":"","overlay-type":"","overlay-color":"","overlay-opacity":"","overlay-gradient":""}},"_themeisle_gutenberg_block_has_review":false},"product_brand":[],"product_cat":[80,101],"product_tag":[569,571,568,572,129,573,574],"class_list":{"0":"post-3395","1":"product","2":"type-product","3":"status-publish","4":"has-post-thumbnail","6":"product_cat-tripies","7":"product_cat-tripies-fotografia","8":"product_tag-manfroto","9":"product_tag-manfroto-tripie","10":"product_tag-manfrotto","11":"product_tag-manfrotto-tripie","12":"product_tag-tripie","13":"product_tag-tripie-de-foto","14":"product_tag-tripie-para-sony-alpha","15":"desktop-align-center","16":"tablet-align-left","17":"mobile-align-left","19":"first","20":"instock","21":"purchasable","22":"product-type-simple"},"aioseo_notices":[],"jetpack_sharing_enabled":true,"_links":{"self":[{"href":"https:\/\/studio40shop.com.mx\/index.php?rest_route=\/wp\/v2\/product\/3395","targetHints":{"allow":["GET"]}}],"collection":[{"href":"https:\/\/studio40shop.com.mx\/index.php?rest_route=\/wp\/v2\/product"}],"about":[{"href":"https:\/\/studio40shop.com.mx\/index.php?rest_route=\/wp\/v2\/types\/product"}],"replies":[{"embeddable":true,"href":"https:\/\/studio40shop.com.mx\/index.php?rest_route=%2Fwp%2Fv2%2Fcomments&post=3395"}],"wp:featuredmedia":[{"embeddable":true,"href":"https:\/\/studio40shop.com.mx\/index.php?rest_route=\/wp\/v2\/media\/3397"}],"wp:attachment":[{"href":"https:\/\/studio40shop.com.mx\/index.php?rest_route=%2Fwp%2Fv2%2Fmedia&parent=3395"}],"wp:term":[{"taxonomy":"product_brand","embeddable":true,"href":"https:\/\/studio40shop.com.mx\/index.php?rest_route=%2Fwp%2Fv2%2Fproduct_brand&post=3395"},{"taxonomy":"product_cat","embeddable":true,"href":"https:\/\/studio40shop.com.mx\/index.php?rest_route=%2Fwp%2Fv2%2Fproduct_cat&post=3395"},{"taxonomy":"product_tag","embeddable":true,"href":"https:\/\/studio40shop.com.mx\/index.php?rest_route=%2Fwp%2Fv2%2Fproduct_tag&post=3395"}],"curies":[{"name":"wp","href":"https:\/\/api.w.org\/{rel}","templated":true}]}}